{"id":169,"date":"2020-12-18T16:10:05","date_gmt":"2020-12-18T16:10:05","guid":{"rendered":"https:\/\/www.blarneycaravanpark.com\/?page_id=169"},"modified":"2021-01-25T14:49:59","modified_gmt":"2021-01-25T14:49:59","slug":"caravans-motorhomes-camping","status":"publish","type":"page","link":"https:\/\/www.blarneycaravanpark.com\/de\/caravans-motorhomes-camping\/","title":{"rendered":"Wohnwagen, Wohnmobile &amp; Camping"},"content":{"rendered":"<div class=\"wp-block-genesis-blocks-gb-columns gb-layout-columns-1 one-column gb-columns-center\"><div class=\"gb-layout-column-wrap gb-block-layout-column-gap-2 gb-is-responsive-column\" style=\"max-width:1080px\">\n<div class=\"wp-block-genesis-blocks-gb-column gb-block-layout-column\"><div class=\"gb-block-layout-column-inner\">\n<h3 class=\"wp-block-heading\"><strong>Stellpl\u00e4tze f\u00fcr Wohnwagen und Wohnmobile<\/strong><\/h3>\n\n\n\n<div class=\"wp-block-image\"><figure class=\"alignright size-large\"><img decoding=\"async\" width=\"400\" height=\"225\" src=\"https:\/\/www.blarneycaravanpark.com\/wp-content\/uploads\/2021\/01\/camper-pitches.jpg\" alt=\"camper pitches\" class=\"wp-image-464\" srcset=\"https:\/\/www.blarneycaravanpark.com\/wp-content\/uploads\/2021\/01\/camper-pitches.jpg 400w, https:\/\/www.blarneycaravanpark.com\/wp-content\/uploads\/2021\/01\/camper-pitches-300x169.jpg 300w\" sizes=\"(max-width: 400px) 100vw, 400px\" \/><\/figure><\/div>\n\n\n\n<p>Der Blarney Caravan &amp; Camping Park ist die ideale Wahl f\u00fcr einen Wohnwagen- oder Wohnmobilurlaub.<\/p>\n\n\n\n<p>F\u00fcr Wohnwagen und Wohnmobile haben wir feste oder grasbewachsene Stellpl\u00e4tze, jeweils mit 10-A-Stromanschluss. Wir haben 20 Hardstands haben einen Wasserhahn und einen Abwasserablauf. Wenn Sie eine davon ben\u00f6tigen, vermerken Sie dies bitte einfach in den Buchungskommentaren. Auf jedem Stellplatz ist ausreichend Platz f\u00fcr ein Vorzelt.<\/p>\n\n\n\n<p>Ein Wohnmobil-Servicebereich steht zum Entleeren und Nachf\u00fcllen von Wasser und eine Chemietoilette f\u00fcr Abf\u00e4lle zur Verf\u00fcgung.<\/p>\n\n\n\n<p>Wir haben 2 behindertengerechte Stellpl\u00e4tze, die sich in der N\u00e4he des Geb\u00e4udes befinden. Wenn Sie eine davon ben\u00f6tigen, vermerken Sie dies bitte einfach in den Buchungskommentaren.<\/p>\n\n\n\n<p>Wenn Sie einen bestimmten Stellplatz anfordern, auf dem Sie gerne nah am Geschehen sind, oder einen sch\u00f6nen, ruhigen Ort bevorzugen, werden wir unser Bestes tun, um dies zu erm\u00f6glichen. Dies ist jedoch nicht immer m\u00f6glich, wenn der Park voll ist.<\/p>\n\n\n\n<div class=\"wp-block-genesis-blocks-gb-columns gb-layout-columns-1 one-column gb-columns-center\"><div class=\"gb-layout-column-wrap gb-block-layout-column-gap-2 gb-is-responsive-column\" style=\"max-width:1080px\">\n<div class=\"wp-block-genesis-blocks-gb-column gb-block-layout-column\"><div class=\"gb-block-layout-column-inner\">\n<h3 class=\"wp-block-heading\"><strong>Stellpl\u00e4tze<\/strong><\/h3>\n\n\n\n<div class=\"wp-block-image\"><figure class=\"alignleft size-large\"><img decoding=\"async\" width=\"400\" height=\"225\" src=\"https:\/\/www.blarneycaravanpark.com\/wp-content\/uploads\/2021\/01\/Camping-pitches-2.jpg\" alt=\"camping pitches\" class=\"wp-image-467\" srcset=\"https:\/\/www.blarneycaravanpark.com\/wp-content\/uploads\/2021\/01\/Camping-pitches-2.jpg 400w, https:\/\/www.blarneycaravanpark.com\/wp-content\/uploads\/2021\/01\/Camping-pitches-2-300x169.jpg 300w\" sizes=\"(max-width: 400px) 100vw, 400px\" \/><\/figure><\/div>\n\n\n\n<p>F\u00fcr Camper haben wir einen separaten Campingbereich auf unserer gepflegten Rasenfl\u00e4che mit oder ohne Stromanschluss.<\/p>\n\n\n\n<p>Wenn Sie in einem Zelt Netzstrom nutzen m\u00f6chten, stellen Sie bitte Folgendes sicher:<\/p>\n\n\n\n<ul class=\"wp-block-list\"><li>Ein speziell angefertigtes Kabel, das mit den entsprechenden blauen, wetterfesten Steckern und Buchsen ausgestattet ist, die f\u00fcr den Anschluss an den Anschlusspunkt des Standorts und Ihr Ger\u00e4t ausgelegt sind.<\/li><\/ul>\n\n\n\n<p>Bitte beachten Sie, dass aufgrund der nat\u00fcrlichen Umgebung offene Feuer und offene Flammen verboten sind.<\/p>\n\n\n\n<p>Grillen ist erlaubt, solange sie nicht auf dem Boden stehen und nur Gas oder Holzkohle verbrennen.<\/p>\n\n\n\n<div class=\"wp-block-genesis-blocks-gb-columns gb-layout-columns-1 one-column gb-columns-center\"><div class=\"gb-layout-column-wrap gb-block-layout-column-gap-2 gb-is-responsive-column\" style=\"max-width:1080px\">\n<div class=\"wp-block-genesis-blocks-gb-column gb-block-layout-column\"><div class=\"gb-block-layout-column-inner\">\n<h3 class=\"wp-block-heading\"><strong>Rallyes<\/strong><\/h3>\n\n\n\n<div class=\"wp-block-image\"><figure class=\"alignright size-large\"><img decoding=\"async\" width=\"400\" height=\"267\" src=\"https:\/\/www.blarneycaravanpark.com\/wp-content\/uploads\/2021\/01\/rallies-at-blarney-caravan-park.jpg\" alt=\"rallies\" class=\"wp-image-466\" srcset=\"https:\/\/www.blarneycaravanpark.com\/wp-content\/uploads\/2021\/01\/rallies-at-blarney-caravan-park.jpg 400w, https:\/\/www.blarneycaravanpark.com\/wp-content\/uploads\/2021\/01\/rallies-at-blarney-caravan-park-300x200.jpg 300w\" sizes=\"(max-width: 400px) 100vw, 400px\" \/><\/figure><\/div>\n\n\n\n<p>Der Blarney Caravan &amp; Camping Park bietet einige gro\u00dfartige M\u00f6glichkeiten f\u00fcr Touren mit Wohnwagen, Wohnmobilen oder Wohnmobilen in Cork. Hunde sind willkommen und wir k\u00f6nnen Versammlungen von 15 bis 30 Einheiten unterbringen. Wir veranstalten viele Rallyes aller Art und Gr\u00f6\u00dfe und wir haben die passenden Stellpl\u00e4tze.<\/p>\n\n\n\n<p><strong>Schl\u00fcsselinformation<\/strong><\/p>\n\n\n\n<ul class=\"wp-block-list\"><li>Die \u00d6ffnungszeiten der Parks variieren und wir freuen uns, zu den meisten Zeiten des Jahres Rallyes und Gruppenbuchungen unterzubringen<\/li><li>Leider k\u00f6nnen Kundgebungen w\u00e4hrend der Spitzenzeiten (Schulferien und Feiertagswochenenden) m\u00f6glicherweise nicht durchgef\u00fchrt werden.<\/li><li>Sprechen Sie uns auf kostenlose Stellpl\u00e4tze f\u00fcr den Rallye-Steward an<\/li><li>Unsere Parks sind sehr voll, daher ist es ratsam, sich rechtzeitig zu erkundigen, um sicherzustellen, dass wir f\u00fcr die von Ihnen gew\u00fcnschten Daten verf\u00fcgbar sind<\/li><li>Wir haben einen gro\u00dfen Innenraum f\u00fcr Ihre Rallye-Flagge-Meetings und gesellschaftlichen Veranstaltungen.<\/li><li>Wir k\u00f6nnen auch Bustouren arrangieren und Sie bei der Buchung lokaler Restaurants beraten.<\/li><\/ul>\n\n\n\n<p>Bitte kontaktieren Sie uns direkt f\u00fcr weitere Details \u00a0<a href=\"Tel:+353214516519\">+353 21 4516519<\/a> um Ihre Anforderungen zu besprechen. Alternativ kontaktieren Sie uns per E-Mail unter <a href=\"mailto:info@blarneycaravanpark.com\" target=\"_blank\" rel=\"noreferrer noopener\">info@blarneycaravanpark.com<\/a><\/p>\n\n\n\n<p><\/p>\n<\/div><\/div>\n<\/div><\/div>\n<\/div><\/div>\n<\/div><\/div>\n<\/div><\/div>\n<\/div><\/div>","protected":false},"excerpt":{"rendered":"","protected":false},"author":2,"featured_media":439,"parent":0,"menu_order":0,"comment_status":"closed","ping_status":"closed","template":"","meta":{"_genesis_hide_title":false,"_genesis_hide_breadcrumbs":false,"_genesis_hide_singular_image":false,"_genesis_hide_footer_widgets":false,"_genesis_custom_body_class":"","_genesis_custom_post_class":"","_genesis_layout":"","footnotes":""},"class_list":{"0":"post-169","1":"page","2":"type-page","3":"status-publish","4":"has-post-thumbnail","6":"entry"},"yoast_head":"<!-- This site is optimized with the Yoast SEO plugin v27.5 - https:\/\/yoast.com\/product\/yoast-seo-wordpress\/ -->\n<title>Caravans, Motorhomes &amp; Camping - Blarney Caravan &amp; Camping Park<\/title>\n<meta name=\"robots\" content=\"index, follow, max-snippet:-1, max-image-preview:large, max-video-preview:-1\" \/>\n<link rel=\"canonical\" href=\"https:\/\/www.blarneycaravanpark.com\/de\/caravans-motorhomes-camping\/\" \/>\n<meta property=\"og:locale\" content=\"de_DE\" \/>\n<meta property=\"og:type\" content=\"article\" \/>\n<meta property=\"og:title\" content=\"Caravans, Motorhomes &amp; Camping - Blarney Caravan &amp; Camping Park\" \/>\n<meta property=\"og:url\" content=\"https:\/\/www.blarneycaravanpark.com\/de\/caravans-motorhomes-camping\/\" \/>\n<meta property=\"og:site_name\" content=\"Blarney Caravan &amp; Camping Park\" \/>\n<meta property=\"article:publisher\" content=\"https:\/\/www.facebook.com\/blarneycaravanpark\" \/>\n<meta property=\"article:modified_time\" content=\"2021-01-25T14:49:59+00:00\" \/>\n<meta property=\"og:image\" content=\"https:\/\/www.blarneycaravanpark.com\/wp-content\/uploads\/2021\/01\/caravans-motorhomes-camping-f.jpg\" \/>\n\t<meta property=\"og:image:width\" content=\"500\" \/>\n\t<meta property=\"og:image:height\" content=\"333\" \/>\n\t<meta property=\"og:image:type\" content=\"image\/jpeg\" \/>\n<meta name=\"twitter:card\" content=\"summary_large_image\" \/>\n<meta name=\"twitter:site\" content=\"@BlarneyCamping\" \/>\n<meta name=\"twitter:label1\" content=\"Gesch\u00e4tzte Lesezeit\" \/>\n\t<meta name=\"twitter:data1\" content=\"3\u00a0Minuten\" \/>\n<script type=\"application\/ld+json\" class=\"yoast-schema-graph\">{\"@context\":\"https:\\\/\\\/schema.org\",\"@graph\":[{\"@type\":\"WebPage\",\"@id\":\"https:\\\/\\\/www.blarneycaravanpark.com\\\/caravans-motorhomes-camping\\\/\",\"url\":\"https:\\\/\\\/www.blarneycaravanpark.com\\\/caravans-motorhomes-camping\\\/\",\"name\":\"Caravans, Motorhomes & Camping - Blarney Caravan &amp; Camping Park\",\"isPartOf\":{\"@id\":\"https:\\\/\\\/www.blarneycaravanpark.com\\\/#website\"},\"primaryImageOfPage\":{\"@id\":\"https:\\\/\\\/www.blarneycaravanpark.com\\\/caravans-motorhomes-camping\\\/#primaryimage\"},\"image\":{\"@id\":\"https:\\\/\\\/www.blarneycaravanpark.com\\\/caravans-motorhomes-camping\\\/#primaryimage\"},\"thumbnailUrl\":\"https:\\\/\\\/www.blarneycaravanpark.com\\\/wp-content\\\/uploads\\\/2021\\\/01\\\/caravans-motorhomes-camping-f.jpg\",\"datePublished\":\"2020-12-18T16:10:05+00:00\",\"dateModified\":\"2021-01-25T14:49:59+00:00\",\"breadcrumb\":{\"@id\":\"https:\\\/\\\/www.blarneycaravanpark.com\\\/caravans-motorhomes-camping\\\/#breadcrumb\"},\"inLanguage\":\"de\",\"potentialAction\":[{\"@type\":\"ReadAction\",\"target\":[\"https:\\\/\\\/www.blarneycaravanpark.com\\\/caravans-motorhomes-camping\\\/\"]}]},{\"@type\":\"ImageObject\",\"inLanguage\":\"de\",\"@id\":\"https:\\\/\\\/www.blarneycaravanpark.com\\\/caravans-motorhomes-camping\\\/#primaryimage\",\"url\":\"https:\\\/\\\/www.blarneycaravanpark.com\\\/wp-content\\\/uploads\\\/2021\\\/01\\\/caravans-motorhomes-camping-f.jpg\",\"contentUrl\":\"https:\\\/\\\/www.blarneycaravanpark.com\\\/wp-content\\\/uploads\\\/2021\\\/01\\\/caravans-motorhomes-camping-f.jpg\",\"width\":500,\"height\":333,\"caption\":\"Caravans, Motorhomes & Camping\"},{\"@type\":\"BreadcrumbList\",\"@id\":\"https:\\\/\\\/www.blarneycaravanpark.com\\\/caravans-motorhomes-camping\\\/#breadcrumb\",\"itemListElement\":[{\"@type\":\"ListItem\",\"position\":1,\"name\":\"Home\",\"item\":\"https:\\\/\\\/www.blarneycaravanpark.com\\\/\"},{\"@type\":\"ListItem\",\"position\":2,\"name\":\"Caravans, Motorhomes &#038; Camping\"}]},{\"@type\":\"WebSite\",\"@id\":\"https:\\\/\\\/www.blarneycaravanpark.com\\\/#website\",\"url\":\"https:\\\/\\\/www.blarneycaravanpark.com\\\/\",\"name\":\"Blarney Caravan &amp; Camping Park\",\"description\":\"\",\"publisher\":{\"@id\":\"https:\\\/\\\/www.blarneycaravanpark.com\\\/#organization\"},\"potentialAction\":[{\"@type\":\"SearchAction\",\"target\":{\"@type\":\"EntryPoint\",\"urlTemplate\":\"https:\\\/\\\/www.blarneycaravanpark.com\\\/?s={search_term_string}\"},\"query-input\":{\"@type\":\"PropertyValueSpecification\",\"valueRequired\":true,\"valueName\":\"search_term_string\"}}],\"inLanguage\":\"de\"},{\"@type\":\"Organization\",\"@id\":\"https:\\\/\\\/www.blarneycaravanpark.com\\\/#organization\",\"name\":\"Blarney Caravan & Camping Park\",\"url\":\"https:\\\/\\\/www.blarneycaravanpark.com\\\/\",\"logo\":{\"@type\":\"ImageObject\",\"inLanguage\":\"de\",\"@id\":\"https:\\\/\\\/www.blarneycaravanpark.com\\\/#\\\/schema\\\/logo\\\/image\\\/\",\"url\":\"https:\\\/\\\/www.blarneycaravanpark.com\\\/wp-content\\\/uploads\\\/2021\\\/02\\\/cropped-Blarney-Caravan-Camping-Park-Logo.png\",\"contentUrl\":\"https:\\\/\\\/www.blarneycaravanpark.com\\\/wp-content\\\/uploads\\\/2021\\\/02\\\/cropped-Blarney-Caravan-Camping-Park-Logo.png\",\"width\":250,\"height\":94,\"caption\":\"Blarney Caravan & Camping Park\"},\"image\":{\"@id\":\"https:\\\/\\\/www.blarneycaravanpark.com\\\/#\\\/schema\\\/logo\\\/image\\\/\"},\"sameAs\":[\"https:\\\/\\\/www.facebook.com\\\/blarneycaravanpark\",\"https:\\\/\\\/x.com\\\/BlarneyCamping\",\"https:\\\/\\\/www.youtube.com\\\/channel\\\/UCqkxfXD3s2Q03lai8W_BK1g\"]}]}<\/script>\n<!-- \/ Yoast SEO plugin. -->","yoast_head_json":{"title":"Wohnwagen, Wohnmobile und Camping - Blarney Caravan &amp; Camping Park","robots":{"index":"index","follow":"follow","max-snippet":"max-snippet:-1","max-image-preview":"max-image-preview:large","max-video-preview":"max-video-preview:-1"},"canonical":"https:\/\/www.blarneycaravanpark.com\/de\/caravans-motorhomes-camping\/","og_locale":"de_DE","og_type":"article","og_title":"Caravans, Motorhomes & Camping - Blarney Caravan &amp; Camping Park","og_url":"https:\/\/www.blarneycaravanpark.com\/de\/caravans-motorhomes-camping\/","og_site_name":"Blarney Caravan &amp; Camping Park","article_publisher":"https:\/\/www.facebook.com\/blarneycaravanpark","article_modified_time":"2021-01-25T14:49:59+00:00","og_image":[{"width":500,"height":333,"url":"https:\/\/www.blarneycaravanpark.com\/wp-content\/uploads\/2021\/01\/caravans-motorhomes-camping-f.jpg","type":"image\/jpeg"}],"twitter_card":"summary_large_image","twitter_site":"@BlarneyCamping","twitter_misc":{"Gesch\u00e4tzte Lesezeit":"3\u00a0Minuten"},"schema":{"@context":"https:\/\/schema.org","@graph":[{"@type":"WebPage","@id":"https:\/\/www.blarneycaravanpark.com\/caravans-motorhomes-camping\/","url":"https:\/\/www.blarneycaravanpark.com\/caravans-motorhomes-camping\/","name":"Wohnwagen, Wohnmobile und Camping - Blarney Caravan &amp; Camping Park","isPartOf":{"@id":"https:\/\/www.blarneycaravanpark.com\/#website"},"primaryImageOfPage":{"@id":"https:\/\/www.blarneycaravanpark.com\/caravans-motorhomes-camping\/#primaryimage"},"image":{"@id":"https:\/\/www.blarneycaravanpark.com\/caravans-motorhomes-camping\/#primaryimage"},"thumbnailUrl":"https:\/\/www.blarneycaravanpark.com\/wp-content\/uploads\/2021\/01\/caravans-motorhomes-camping-f.jpg","datePublished":"2020-12-18T16:10:05+00:00","dateModified":"2021-01-25T14:49:59+00:00","breadcrumb":{"@id":"https:\/\/www.blarneycaravanpark.com\/caravans-motorhomes-camping\/#breadcrumb"},"inLanguage":"de","potentialAction":[{"@type":"ReadAction","target":["https:\/\/www.blarneycaravanpark.com\/caravans-motorhomes-camping\/"]}]},{"@type":"ImageObject","inLanguage":"de","@id":"https:\/\/www.blarneycaravanpark.com\/caravans-motorhomes-camping\/#primaryimage","url":"https:\/\/www.blarneycaravanpark.com\/wp-content\/uploads\/2021\/01\/caravans-motorhomes-camping-f.jpg","contentUrl":"https:\/\/www.blarneycaravanpark.com\/wp-content\/uploads\/2021\/01\/caravans-motorhomes-camping-f.jpg","width":500,"height":333,"caption":"Caravans, Motorhomes & Camping"},{"@type":"BreadcrumbList","@id":"https:\/\/www.blarneycaravanpark.com\/caravans-motorhomes-camping\/#breadcrumb","itemListElement":[{"@type":"ListItem","position":1,"name":"Home","item":"https:\/\/www.blarneycaravanpark.com\/"},{"@type":"ListItem","position":2,"name":"Caravans, Motorhomes &#038; Camping"}]},{"@type":"WebSite","@id":"https:\/\/www.blarneycaravanpark.com\/#website","url":"https:\/\/www.blarneycaravanpark.com\/","name":"Blarney Caravan &amp; Camping Park","description":"","publisher":{"@id":"https:\/\/www.blarneycaravanpark.com\/#organization"},"potentialAction":[{"@type":"SearchAction","target":{"@type":"EntryPoint","urlTemplate":"https:\/\/www.blarneycaravanpark.com\/?s={search_term_string}"},"query-input":{"@type":"PropertyValueSpecification","valueRequired":true,"valueName":"search_term_string"}}],"inLanguage":"de"},{"@type":"Organization","@id":"https:\/\/www.blarneycaravanpark.com\/#organization","name":"Blarney Caravan &amp; Camping Park","url":"https:\/\/www.blarneycaravanpark.com\/","logo":{"@type":"ImageObject","inLanguage":"de","@id":"https:\/\/www.blarneycaravanpark.com\/#\/schema\/logo\/image\/","url":"https:\/\/www.blarneycaravanpark.com\/wp-content\/uploads\/2021\/02\/cropped-Blarney-Caravan-Camping-Park-Logo.png","contentUrl":"https:\/\/www.blarneycaravanpark.com\/wp-content\/uploads\/2021\/02\/cropped-Blarney-Caravan-Camping-Park-Logo.png","width":250,"height":94,"caption":"Blarney Caravan & Camping Park"},"image":{"@id":"https:\/\/www.blarneycaravanpark.com\/#\/schema\/logo\/image\/"},"sameAs":["https:\/\/www.facebook.com\/blarneycaravanpark","https:\/\/x.com\/BlarneyCamping","https:\/\/www.youtube.com\/channel\/UCqkxfXD3s2Q03lai8W_BK1g"]}]}},"featured_image_src":"https:\/\/www.blarneycaravanpark.com\/wp-content\/uploads\/2021\/01\/caravans-motorhomes-camping-f.jpg","featured_image_src_square":"https:\/\/www.blarneycaravanpark.com\/wp-content\/uploads\/2021\/01\/caravans-motorhomes-camping-f.jpg","_links":{"self":[{"href":"https:\/\/www.blarneycaravanpark.com\/de\/wp-json\/wp\/v2\/pages\/169","targetHints":{"allow":["GET"]}}],"collection":[{"href":"https:\/\/www.blarneycaravanpark.com\/de\/wp-json\/wp\/v2\/pages"}],"about":[{"href":"https:\/\/www.blarneycaravanpark.com\/de\/wp-json\/wp\/v2\/types\/page"}],"author":[{"embeddable":true,"href":"https:\/\/www.blarneycaravanpark.com\/de\/wp-json\/wp\/v2\/users\/2"}],"replies":[{"embeddable":true,"href":"https:\/\/www.blarneycaravanpark.com\/de\/wp-json\/wp\/v2\/comments?post=169"}],"version-history":[{"count":0,"href":"https:\/\/www.blarneycaravanpark.com\/de\/wp-json\/wp\/v2\/pages\/169\/revisions"}],"wp:featuredmedia":[{"embeddable":true,"href":"https:\/\/www.blarneycaravanpark.com\/de\/wp-json\/wp\/v2\/media\/439"}],"wp:attachment":[{"href":"https:\/\/www.blarneycaravanpark.com\/de\/wp-json\/wp\/v2\/media?parent=169"}],"curies":[{"name":"wp","href":"https:\/\/api.w.org\/{rel}","templated":true}]}}