{"id":179,"date":"2020-12-18T16:10:46","date_gmt":"2020-12-18T16:10:46","guid":{"rendered":"https:\/\/www.blarneycaravanpark.com\/?page_id=179"},"modified":"2026-03-30T10:38:50","modified_gmt":"2026-03-30T10:38:50","slug":"pitch-putt","status":"publish","type":"page","link":"https:\/\/www.blarneycaravanpark.com\/de\/pitch-putt\/","title":{"rendered":"Pitch &amp; Putt"},"content":{"rendered":"<div class=\"wp-block-genesis-blocks-gb-columns gb-layout-columns-1 one-column gb-columns-center\"><div class=\"gb-layout-column-wrap gb-block-layout-column-gap-2 gb-is-responsive-column\" style=\"max-width:1080px\">\n<div class=\"wp-block-genesis-blocks-gb-column gb-block-layout-column\"><div class=\"gb-block-layout-column-inner\"><div class=\"wp-block-image\">\n<figure class=\"alignright size-large\"><img decoding=\"async\" width=\"600\" height=\"400\" src=\"https:\/\/www.blarneycaravanpark.com\/wp-content\/uploads\/2021\/01\/Pitch-putt.jpg\" alt=\"Blarney Pitch &amp; Putt\" class=\"wp-image-516\" srcset=\"https:\/\/www.blarneycaravanpark.com\/wp-content\/uploads\/2021\/01\/Pitch-putt.jpg 600w, https:\/\/www.blarneycaravanpark.com\/wp-content\/uploads\/2021\/01\/Pitch-putt-300x200.jpg 300w\" sizes=\"(max-width: 600px) 100vw, 600px\" \/><\/figure>\n<\/div>\n\n\n<p><strong>Blarney Pitch &amp; Putt<\/strong> Der Platz ist ein wundersch\u00f6n gepflegter 18-Loch-Platz, der seit 1995 besteht und Blick auf das weltber\u00fchmte Blarney Castle und die umliegende Landschaft bietet. Der Platz ist 7 Tage die Woche ge\u00f6ffnet und liegt nur 10 Autominuten von Cork City entfernt. Mit gro\u00dfen Golf-\u00e4hnlichen Gr\u00fcns und wundersch\u00f6n gepflegten Fairways ist dieser Platz sowohl f\u00fcr Anf\u00e4nger als auch f\u00fcr erfahrene Spieler ein Vergn\u00fcgen.<\/p>\n\n\n\n<p>Dieser Platz ist sowohl bei Saisongolfern, die ihr Kurzspiel verbessern m\u00f6chten, als auch bei Anf\u00e4ngern, die Spa\u00df in der Sonne haben m\u00f6chten, sehr beliebt.&nbsp; <\/p>\n\n\n\n<p>Jeder Spieler muss ein Pitching Wedge und einen Putter haben.<\/p>\n\n\n<div class=\"wp-block-image\">\n<figure class=\"alignright size-large\"><img decoding=\"async\" width=\"400\" height=\"274\" src=\"https:\/\/www.blarneycaravanpark.com\/wp-content\/uploads\/2021\/01\/Pitch-Putt-400.jpg\" alt=\"Blarney Pitch &amp; Putt\" class=\"wp-image-518\" srcset=\"https:\/\/www.blarneycaravanpark.com\/wp-content\/uploads\/2021\/01\/Pitch-Putt-400.jpg 400w, https:\/\/www.blarneycaravanpark.com\/wp-content\/uploads\/2021\/01\/Pitch-Putt-400-300x206.jpg 300w\" sizes=\"(max-width: 400px) 100vw, 400px\" \/><\/figure>\n<\/div>\n\n\n<p>Vorkenntnisse sind nicht erforderlich, wenn Sie also eine angenehme Zeit an der frischen Luft mit herrlichem Blick auf die Landschaft verbringen m\u00f6chten, probieren Sie es einfach aus!<\/p>\n\n\n\n<p><\/p>\n\n\n\n<p>Wir liefern auch Snacks und leichte Erfrischungen.<\/p>\n<\/div><\/div>\n<\/div><\/div>\n\n\n\n<div class=\"wp-block-genesis-blocks-gb-columns gb-layout-columns-1 one-column gb-columns-center\"><div class=\"gb-layout-column-wrap gb-block-layout-column-gap-2 gb-is-responsive-column\" style=\"max-width:1080px\">\n<div class=\"wp-block-genesis-blocks-gb-column gb-block-layout-column\"><div class=\"gb-block-layout-column-inner\">\n<h3 class=\"wp-block-heading\">Blarney Pitch-and-Putt-Platz \u2013 Preise und Er\u00f6ffnungstermine 2026<\/h3>\n\n\n<div class=\"wp-block-image\">\n<figure class=\"alignright size-large\"><img decoding=\"async\" width=\"400\" height=\"300\" src=\"https:\/\/www.blarneycaravanpark.com\/wp-content\/uploads\/2021\/01\/Pitch-putt-2.jpg\" alt=\"Blarney Pitch &amp; Putt\" class=\"wp-image-515\" srcset=\"https:\/\/www.blarneycaravanpark.com\/wp-content\/uploads\/2021\/01\/Pitch-putt-2.jpg 400w, https:\/\/www.blarneycaravanpark.com\/wp-content\/uploads\/2021\/01\/Pitch-putt-2-300x225.jpg 300w\" sizes=\"(max-width: 400px) 100vw, 400px\" \/><\/figure>\n<\/div>\n\n\n<p class=\"has-large-font-size\"><strong>Ge\u00f6ffnet vom 1. April bis 26. Oktober 2026<\/strong><\/p>\n\n\n\n<p>7 Tage die Woche (9 bis 20 Uhr) mit Abschlagzeiten alle 10 Minuten.&nbsp;<\/p>\n\n\n\n<p>\u00d6ffnungszeiten des Blarney-Pitch-and-Putt-Kurses 9.00 \u2013 20.00 Uhr.<\/p>\n\n\n\n<p>Bei Schlechtwetter bleibt der Kurs geschlossen.<\/p>\n<\/div><\/div>\n<\/div><\/div>\n\n\n\n<div class=\"wp-block-genesis-blocks-gb-columns gb-layout-columns-1 one-column gb-columns-center\"><div class=\"gb-layout-column-wrap gb-block-layout-column-gap-2 gb-is-responsive-column\" style=\"max-width:1080px\">\n<div class=\"wp-block-genesis-blocks-gb-column gb-block-layout-column\"><div class=\"gb-block-layout-column-inner\">\n<h3 class=\"wp-block-heading\">Kursgeb\u00fchren 2026 f\u00fcr 18 L\u00f6cher<\/h3>\n\n\n\n<div class=\"wp-block-genesis-blocks-gb-columns gpb-slate-content-boxes gb-layout-columns-2 gb-2-col-equal has-white-background-color gb-columns-center alignfull\" style=\"padding-top:2em;padding-right:1em;padding-bottom:2em;padding-left:1em\"><div class=\"gb-layout-column-wrap gb-block-layout-column-gap-0 gb-is-responsive-column\" style=\"max-width:1080px\">\n<div class=\"wp-block-genesis-blocks-gb-column gb-block-layout-column\"><div class=\"gb-block-layout-column-inner gb-has-custom-background-color has-white-color\" style=\"padding:4em;background-color:#507400\">\n<p><\/p>\n\n\n\n<ul class=\"wp-block-list\">\n<li>Erwachsene: 11,00 \u20ac<\/li>\n\n\n\n<li>Jugendliche (unter 18 Jahren): 9,00 \u20ac<\/li>\n\n\n\n<li>Senioren: 9,00 \u20ac<\/li>\n<\/ul>\n<\/div><\/div>\n\n\n\n<div class=\"wp-block-genesis-blocks-gb-column gb-block-layout-column\"><div class=\"gb-block-layout-column-inner has-white-background-color has-white-color\" style=\"padding:4em\">\n<p><\/p>\n<\/div><\/div>\n<\/div><\/div>\n<\/div><\/div>\n<\/div><\/div>\n\n\n\n<div class=\"wp-block-genesis-blocks-gb-columns gb-layout-service-3 gb-layout-columns-2 gb-2-col-equal gb-columns-center alignfull\" style=\"padding-top:2em;padding-right:2em;padding-bottom:2em;padding-left:2em\"><div class=\"gb-layout-column-wrap gb-block-layout-column-gap-5 gb-is-responsive-column\" style=\"max-width:1080px\">\n<div class=\"wp-block-genesis-blocks-gb-column gb-block-layout-column\"><div class=\"gb-block-layout-column-inner\">\n<p><\/p>\n\n\n\n<p><strong>Ausr\u00fcstung<\/strong>:<\/p>\n\n\n\n<p>B\u00e4lle \u2013 je 1,50 \u20ac<\/p>\n\n\n\n<p><\/p>\n\n\n\n<p><strong>Notiz:<\/strong>&nbsp;\u201eJugendliche unter 14 Jahren m\u00fcssen von einem Erwachsenen begleitet werden<\/p>\n\n\n\n<p><\/p>\n<\/div><\/div>\n\n\n\n<div class=\"wp-block-genesis-blocks-gb-column gb-block-layout-column gb-is-vertically-aligned-center\"><div class=\"gb-block-layout-column-inner\">\n<figure class=\"wp-block-image size-large\"><img decoding=\"async\" width=\"400\" height=\"300\" src=\"https:\/\/www.blarneycaravanpark.com\/wp-content\/uploads\/2021\/01\/Blarney-Pitch-Putt-3.jpg\" alt=\"Blarney Pitch &amp; Putt\" class=\"wp-image-517\" srcset=\"https:\/\/www.blarneycaravanpark.com\/wp-content\/uploads\/2021\/01\/Blarney-Pitch-Putt-3.jpg 400w, https:\/\/www.blarneycaravanpark.com\/wp-content\/uploads\/2021\/01\/Blarney-Pitch-Putt-3-300x225.jpg 300w\" sizes=\"(max-width: 400px) 100vw, 400px\" \/><\/figure>\n\n\n\n<p><\/p>\n<\/div><\/div>\n<\/div><\/div>\n\n\n\n<div class=\"wp-block-genesis-blocks-gb-columns gb-layout-columns-1 one-column gb-columns-center\"><div class=\"gb-layout-column-wrap gb-block-layout-column-gap-2 gb-is-responsive-column\" style=\"max-width:1080px\">\n<div class=\"wp-block-genesis-blocks-gb-column gb-block-layout-column\"><div class=\"gb-block-layout-column-inner\">\n<p class=\"has-black-color has-text-color has-large-font-size\"><strong>Geschlossen ab dem 28. Oktober 2025 f\u00fcr die Wintermonate<\/strong><\/p>\n\n\n\n<p><strong>Bitte rufen Sie 021 4516519 an oder senden Sie eine E-Mail&nbsp;<a href=\"mailto:info@blarneycaravanpark.com\">info@blarneycaravanpark.com<\/a>&nbsp;f\u00fcr weitere Informationen.<\/strong><\/p>\n<\/div><\/div>\n<\/div><\/div>\n\n\n<div class=\"wp-block-image\">\n<figure class=\"aligncenter size-large\"><img decoding=\"async\" width=\"250\" height=\"176\" src=\"https:\/\/www.blarneycaravanpark.com\/wp-content\/uploads\/2021\/02\/Pitch-Putt-logo.png\" alt=\"Blarney Pitch &amp; Putt\" class=\"wp-image-801\"\/><\/figure>\n<\/div>","protected":false},"excerpt":{"rendered":"","protected":false},"author":2,"featured_media":173,"parent":0,"menu_order":0,"comment_status":"closed","ping_status":"closed","template":"","meta":{"_genesis_hide_title":false,"_genesis_hide_breadcrumbs":false,"_genesis_hide_singular_image":false,"_genesis_hide_footer_widgets":false,"_genesis_custom_body_class":"","_genesis_custom_post_class":"","_genesis_layout":"","footnotes":""},"class_list":{"0":"post-179","1":"page","2":"type-page","3":"status-publish","4":"has-post-thumbnail","6":"entry"},"yoast_head":"<!-- This site is optimized with the Yoast SEO plugin v27.5 - https:\/\/yoast.com\/product\/yoast-seo-wordpress\/ -->\n<title>Pitch &amp; Putt - Blarney Caravan &amp; Camping Park<\/title>\n<meta name=\"robots\" content=\"index, follow, max-snippet:-1, max-image-preview:large, max-video-preview:-1\" \/>\n<link rel=\"canonical\" href=\"https:\/\/www.blarneycaravanpark.com\/de\/pitch-putt\/\" \/>\n<meta property=\"og:locale\" content=\"de_DE\" \/>\n<meta property=\"og:type\" content=\"article\" \/>\n<meta property=\"og:title\" content=\"Pitch &amp; Putt - Blarney Caravan &amp; Camping Park\" \/>\n<meta property=\"og:url\" content=\"https:\/\/www.blarneycaravanpark.com\/de\/pitch-putt\/\" \/>\n<meta property=\"og:site_name\" content=\"Blarney Caravan &amp; Camping Park\" \/>\n<meta property=\"article:publisher\" content=\"https:\/\/www.facebook.com\/blarneycaravanpark\" \/>\n<meta property=\"article:modified_time\" content=\"2026-03-30T10:38:50+00:00\" \/>\n<meta property=\"og:image\" content=\"https:\/\/www.blarneycaravanpark.com\/wp-content\/uploads\/2020\/12\/Pitch-putt.jpg\" \/>\n\t<meta property=\"og:image:width\" content=\"500\" \/>\n\t<meta property=\"og:image:height\" content=\"333\" \/>\n\t<meta property=\"og:image:type\" content=\"image\/jpeg\" \/>\n<meta name=\"twitter:card\" content=\"summary_large_image\" \/>\n<meta name=\"twitter:site\" content=\"@BlarneyCamping\" \/>\n<meta name=\"twitter:label1\" content=\"Gesch\u00e4tzte Lesezeit\" \/>\n\t<meta name=\"twitter:data1\" content=\"3\u00a0Minuten\" \/>\n<script type=\"application\/ld+json\" class=\"yoast-schema-graph\">{\"@context\":\"https:\\\/\\\/schema.org\",\"@graph\":[{\"@type\":\"WebPage\",\"@id\":\"https:\\\/\\\/www.blarneycaravanpark.com\\\/pitch-putt\\\/\",\"url\":\"https:\\\/\\\/www.blarneycaravanpark.com\\\/pitch-putt\\\/\",\"name\":\"Pitch & Putt - Blarney Caravan &amp; Camping Park\",\"isPartOf\":{\"@id\":\"https:\\\/\\\/www.blarneycaravanpark.com\\\/#website\"},\"primaryImageOfPage\":{\"@id\":\"https:\\\/\\\/www.blarneycaravanpark.com\\\/pitch-putt\\\/#primaryimage\"},\"image\":{\"@id\":\"https:\\\/\\\/www.blarneycaravanpark.com\\\/pitch-putt\\\/#primaryimage\"},\"thumbnailUrl\":\"https:\\\/\\\/www.blarneycaravanpark.com\\\/wp-content\\\/uploads\\\/2020\\\/12\\\/Pitch-putt.jpg\",\"datePublished\":\"2020-12-18T16:10:46+00:00\",\"dateModified\":\"2026-03-30T10:38:50+00:00\",\"breadcrumb\":{\"@id\":\"https:\\\/\\\/www.blarneycaravanpark.com\\\/pitch-putt\\\/#breadcrumb\"},\"inLanguage\":\"de\",\"potentialAction\":[{\"@type\":\"ReadAction\",\"target\":[\"https:\\\/\\\/www.blarneycaravanpark.com\\\/pitch-putt\\\/\"]}]},{\"@type\":\"ImageObject\",\"inLanguage\":\"de\",\"@id\":\"https:\\\/\\\/www.blarneycaravanpark.com\\\/pitch-putt\\\/#primaryimage\",\"url\":\"https:\\\/\\\/www.blarneycaravanpark.com\\\/wp-content\\\/uploads\\\/2020\\\/12\\\/Pitch-putt.jpg\",\"contentUrl\":\"https:\\\/\\\/www.blarneycaravanpark.com\\\/wp-content\\\/uploads\\\/2020\\\/12\\\/Pitch-putt.jpg\",\"width\":500,\"height\":333,\"caption\":\"Pitch & Putt\"},{\"@type\":\"BreadcrumbList\",\"@id\":\"https:\\\/\\\/www.blarneycaravanpark.com\\\/pitch-putt\\\/#breadcrumb\",\"itemListElement\":[{\"@type\":\"ListItem\",\"position\":1,\"name\":\"Home\",\"item\":\"https:\\\/\\\/www.blarneycaravanpark.com\\\/\"},{\"@type\":\"ListItem\",\"position\":2,\"name\":\"Pitch &#038; Putt\"}]},{\"@type\":\"WebSite\",\"@id\":\"https:\\\/\\\/www.blarneycaravanpark.com\\\/#website\",\"url\":\"https:\\\/\\\/www.blarneycaravanpark.com\\\/\",\"name\":\"Blarney Caravan &amp; Camping Park\",\"description\":\"\",\"publisher\":{\"@id\":\"https:\\\/\\\/www.blarneycaravanpark.com\\\/#organization\"},\"potentialAction\":[{\"@type\":\"SearchAction\",\"target\":{\"@type\":\"EntryPoint\",\"urlTemplate\":\"https:\\\/\\\/www.blarneycaravanpark.com\\\/?s={search_term_string}\"},\"query-input\":{\"@type\":\"PropertyValueSpecification\",\"valueRequired\":true,\"valueName\":\"search_term_string\"}}],\"inLanguage\":\"de\"},{\"@type\":\"Organization\",\"@id\":\"https:\\\/\\\/www.blarneycaravanpark.com\\\/#organization\",\"name\":\"Blarney Caravan & Camping Park\",\"url\":\"https:\\\/\\\/www.blarneycaravanpark.com\\\/\",\"logo\":{\"@type\":\"ImageObject\",\"inLanguage\":\"de\",\"@id\":\"https:\\\/\\\/www.blarneycaravanpark.com\\\/#\\\/schema\\\/logo\\\/image\\\/\",\"url\":\"https:\\\/\\\/www.blarneycaravanpark.com\\\/wp-content\\\/uploads\\\/2021\\\/02\\\/cropped-Blarney-Caravan-Camping-Park-Logo.png\",\"contentUrl\":\"https:\\\/\\\/www.blarneycaravanpark.com\\\/wp-content\\\/uploads\\\/2021\\\/02\\\/cropped-Blarney-Caravan-Camping-Park-Logo.png\",\"width\":250,\"height\":94,\"caption\":\"Blarney Caravan & Camping Park\"},\"image\":{\"@id\":\"https:\\\/\\\/www.blarneycaravanpark.com\\\/#\\\/schema\\\/logo\\\/image\\\/\"},\"sameAs\":[\"https:\\\/\\\/www.facebook.com\\\/blarneycaravanpark\",\"https:\\\/\\\/x.com\\\/BlarneyCamping\",\"https:\\\/\\\/www.youtube.com\\\/channel\\\/UCqkxfXD3s2Q03lai8W_BK1g\"]}]}<\/script>\n<!-- \/ Yoast SEO plugin. -->","yoast_head_json":{"title":"Pitch &amp; Putt - Blarney Caravan &amp; Camping Park","robots":{"index":"index","follow":"follow","max-snippet":"max-snippet:-1","max-image-preview":"max-image-preview:large","max-video-preview":"max-video-preview:-1"},"canonical":"https:\/\/www.blarneycaravanpark.com\/de\/pitch-putt\/","og_locale":"de_DE","og_type":"article","og_title":"Pitch & Putt - Blarney Caravan &amp; Camping Park","og_url":"https:\/\/www.blarneycaravanpark.com\/de\/pitch-putt\/","og_site_name":"Blarney Caravan &amp; Camping Park","article_publisher":"https:\/\/www.facebook.com\/blarneycaravanpark","article_modified_time":"2026-03-30T10:38:50+00:00","og_image":[{"width":500,"height":333,"url":"https:\/\/www.blarneycaravanpark.com\/wp-content\/uploads\/2020\/12\/Pitch-putt.jpg","type":"image\/jpeg"}],"twitter_card":"summary_large_image","twitter_site":"@BlarneyCamping","twitter_misc":{"Gesch\u00e4tzte Lesezeit":"3\u00a0Minuten"},"schema":{"@context":"https:\/\/schema.org","@graph":[{"@type":"WebPage","@id":"https:\/\/www.blarneycaravanpark.com\/pitch-putt\/","url":"https:\/\/www.blarneycaravanpark.com\/pitch-putt\/","name":"Pitch &amp; Putt - Blarney Caravan &amp; Camping Park","isPartOf":{"@id":"https:\/\/www.blarneycaravanpark.com\/#website"},"primaryImageOfPage":{"@id":"https:\/\/www.blarneycaravanpark.com\/pitch-putt\/#primaryimage"},"image":{"@id":"https:\/\/www.blarneycaravanpark.com\/pitch-putt\/#primaryimage"},"thumbnailUrl":"https:\/\/www.blarneycaravanpark.com\/wp-content\/uploads\/2020\/12\/Pitch-putt.jpg","datePublished":"2020-12-18T16:10:46+00:00","dateModified":"2026-03-30T10:38:50+00:00","breadcrumb":{"@id":"https:\/\/www.blarneycaravanpark.com\/pitch-putt\/#breadcrumb"},"inLanguage":"de","potentialAction":[{"@type":"ReadAction","target":["https:\/\/www.blarneycaravanpark.com\/pitch-putt\/"]}]},{"@type":"ImageObject","inLanguage":"de","@id":"https:\/\/www.blarneycaravanpark.com\/pitch-putt\/#primaryimage","url":"https:\/\/www.blarneycaravanpark.com\/wp-content\/uploads\/2020\/12\/Pitch-putt.jpg","contentUrl":"https:\/\/www.blarneycaravanpark.com\/wp-content\/uploads\/2020\/12\/Pitch-putt.jpg","width":500,"height":333,"caption":"Pitch & Putt"},{"@type":"BreadcrumbList","@id":"https:\/\/www.blarneycaravanpark.com\/pitch-putt\/#breadcrumb","itemListElement":[{"@type":"ListItem","position":1,"name":"Home","item":"https:\/\/www.blarneycaravanpark.com\/"},{"@type":"ListItem","position":2,"name":"Pitch &#038; Putt"}]},{"@type":"WebSite","@id":"https:\/\/www.blarneycaravanpark.com\/#website","url":"https:\/\/www.blarneycaravanpark.com\/","name":"Blarney Caravan &amp; Camping Park","description":"","publisher":{"@id":"https:\/\/www.blarneycaravanpark.com\/#organization"},"potentialAction":[{"@type":"SearchAction","target":{"@type":"EntryPoint","urlTemplate":"https:\/\/www.blarneycaravanpark.com\/?s={search_term_string}"},"query-input":{"@type":"PropertyValueSpecification","valueRequired":true,"valueName":"search_term_string"}}],"inLanguage":"de"},{"@type":"Organization","@id":"https:\/\/www.blarneycaravanpark.com\/#organization","name":"Blarney Caravan &amp; Camping Park","url":"https:\/\/www.blarneycaravanpark.com\/","logo":{"@type":"ImageObject","inLanguage":"de","@id":"https:\/\/www.blarneycaravanpark.com\/#\/schema\/logo\/image\/","url":"https:\/\/www.blarneycaravanpark.com\/wp-content\/uploads\/2021\/02\/cropped-Blarney-Caravan-Camping-Park-Logo.png","contentUrl":"https:\/\/www.blarneycaravanpark.com\/wp-content\/uploads\/2021\/02\/cropped-Blarney-Caravan-Camping-Park-Logo.png","width":250,"height":94,"caption":"Blarney Caravan & Camping Park"},"image":{"@id":"https:\/\/www.blarneycaravanpark.com\/#\/schema\/logo\/image\/"},"sameAs":["https:\/\/www.facebook.com\/blarneycaravanpark","https:\/\/x.com\/BlarneyCamping","https:\/\/www.youtube.com\/channel\/UCqkxfXD3s2Q03lai8W_BK1g"]}]}},"featured_image_src":"https:\/\/www.blarneycaravanpark.com\/wp-content\/uploads\/2020\/12\/Pitch-putt.jpg","featured_image_src_square":"https:\/\/www.blarneycaravanpark.com\/wp-content\/uploads\/2020\/12\/Pitch-putt.jpg","_links":{"self":[{"href":"https:\/\/www.blarneycaravanpark.com\/de\/wp-json\/wp\/v2\/pages\/179","targetHints":{"allow":["GET"]}}],"collection":[{"href":"https:\/\/www.blarneycaravanpark.com\/de\/wp-json\/wp\/v2\/pages"}],"about":[{"href":"https:\/\/www.blarneycaravanpark.com\/de\/wp-json\/wp\/v2\/types\/page"}],"author":[{"embeddable":true,"href":"https:\/\/www.blarneycaravanpark.com\/de\/wp-json\/wp\/v2\/users\/2"}],"replies":[{"embeddable":true,"href":"https:\/\/www.blarneycaravanpark.com\/de\/wp-json\/wp\/v2\/comments?post=179"}],"version-history":[{"count":2,"href":"https:\/\/www.blarneycaravanpark.com\/de\/wp-json\/wp\/v2\/pages\/179\/revisions"}],"predecessor-version":[{"id":1118,"href":"https:\/\/www.blarneycaravanpark.com\/de\/wp-json\/wp\/v2\/pages\/179\/revisions\/1118"}],"wp:featuredmedia":[{"embeddable":true,"href":"https:\/\/www.blarneycaravanpark.com\/de\/wp-json\/wp\/v2\/media\/173"}],"wp:attachment":[{"href":"https:\/\/www.blarneycaravanpark.com\/de\/wp-json\/wp\/v2\/media?parent=179"}],"curies":[{"name":"wp","href":"https:\/\/api.w.org\/{rel}","templated":true}]}}