{"id":183,"date":"2020-12-18T16:11:31","date_gmt":"2020-12-18T16:11:31","guid":{"rendered":"https:\/\/www.blarneycaravanpark.com\/?page_id=183"},"modified":"2021-02-09T14:41:50","modified_gmt":"2021-02-09T14:41:50","slug":"facilities","status":"publish","type":"page","link":"https:\/\/www.blarneycaravanpark.com\/de\/facilities\/","title":{"rendered":"Einrichtungen"},"content":{"rendered":"<div class=\"wp-block-genesis-blocks-gb-columns gb-layout-columns-1 one-column gb-columns-center\"><div class=\"gb-layout-column-wrap gb-block-layout-column-gap-2 gb-is-responsive-column\" style=\"max-width:1080px\">\n<div class=\"wp-block-genesis-blocks-gb-column gb-block-layout-column\"><div class=\"gb-block-layout-column-inner\">\n<p>Ob Sie unter Zeltplanen oder in einem Tourer campen, alles tr\u00e4gt zu einem unvergesslichen Urlaubsabenteuer bei. Aber es ist sch\u00f6n, ein paar h\u00e4usliche Annehmlichkeiten vorwegzunehmen. Aus diesem Grund bieten wir unseren G\u00e4sten im Blarney Caravan &amp; Camping Park alle Einrichtungen, die sie f\u00fcr einen wirklich erholsamen Aufenthalt ben\u00f6tigen. Schauen Sie sich all die gro\u00dfartigen Einrichtungen vor Ort an, die Sie w\u00e4hrend Ihres Aufenthalts genie\u00dfen k\u00f6nnen.<\/p>\n\n\n\n<p><strong>Die folgenden Einrichtungen befinden sich vor Ort im Blarney Caravan and Camping Park.<\/strong><\/p>\n\n\n\n<div class=\"wp-block-image\"><figure class=\"alignright size-large\"><img decoding=\"async\" width=\"600\" height=\"450\" src=\"https:\/\/www.blarneycaravanpark.com\/wp-content\/uploads\/2021\/01\/Drone-shot-overhead.jpg\" alt=\"overhead view of Blarney Caravan Park\" class=\"wp-image-486\" srcset=\"https:\/\/www.blarneycaravanpark.com\/wp-content\/uploads\/2021\/01\/Drone-shot-overhead.jpg 600w, https:\/\/www.blarneycaravanpark.com\/wp-content\/uploads\/2021\/01\/Drone-shot-overhead-300x225.jpg 300w\" sizes=\"(max-width: 600px) 100vw, 600px\" \/><\/figure><\/div>\n\n\n\n<ul class=\"wp-block-list\"><li>Empfangs- und Informationszentrum<\/li><li>Camp Shop und Campinggas<\/li><li>Moderne Toiletten- und Duschbl\u00f6cke<\/li><li>Kostenlose hei\u00dfe Duschen<\/li><li>Fernsehzimmer<\/li><li>Campers K\u00fcche und Essbereich<\/li><li>W\u00e4scherei<\/li><li>B\u00fcgel- und F\u00f6neinrichtungen<\/li><li>Behindertengerechte Einrichtungen<\/li><li>Ausreichend elektrische Anschlusspunkte<\/li><li>Entsorgungsstelle f\u00fcr Chemikalien<\/li><li>Kostenloses WIFI auf dem gesamten Campingplatz<\/li><li>Servicestelle f\u00fcr Wohnmobile<\/li><li>18-Loch-Pitch &amp; Putt-Platz<\/li><li>Kinderspielplatz<\/li><li>Fu\u00dfballfeld<\/li><\/ul>\n\n\n\n<p><strong>Hunde<\/strong><\/p>\n\n\n\n<p>Wir akzeptieren Hunde vor Ort, sobald sie gereinigt und an der Leine gehalten werden. Sie haben ein eigenes eingez\u00e4untes \u00dcbungsfeld vor Ort sowie buchst\u00e4blich auf der anderen Seite des Zauns, eine F\u00fclle interessanter Ger\u00fcche, die darauf warten, erschn\u00fcffelt zu werden! Bitte f\u00fchren Sie Ihren Hund vor Ort an der kurzen Leine oder angebunden und holen Sie den Hundekot sofort ab und entsorgen Sie ihn in den bereitgestellten M\u00fclleimern.<\/p>\n<\/div><\/div>\n<\/div><\/div>\n\n\n\n<div class=\"wp-block-genesis-blocks-gb-columns gb-layout-columns-1 one-column\"><div class=\"gb-layout-column-wrap gb-block-layout-column-gap-2 gb-is-responsive-column\">\n<div class=\"wp-block-genesis-blocks-gb-column gb-block-layout-column\"><div class=\"gb-block-layout-column-inner\">\n<figure class=\"wp-block-gallery columns-3 is-cropped wp-block-gallery-1 is-layout-flex wp-block-gallery-is-layout-flex\"><ul class=\"blocks-gallery-grid\"><li class=\"blocks-gallery-item\"><figure><img decoding=\"async\" width=\"400\" height=\"243\" src=\"https:\/\/www.blarneycaravanpark.com\/wp-content\/uploads\/2021\/01\/washrooms.jpg\" alt=\"washrooms\" data-id=\"478\" data-full-url=\"https:\/\/www.blarneycaravanpark.com\/wp-content\/uploads\/2021\/01\/washrooms.jpg\" data-link=\"https:\/\/www.blarneycaravanpark.com\/washrooms\/\" class=\"wp-image-478\" srcset=\"https:\/\/www.blarneycaravanpark.com\/wp-content\/uploads\/2021\/01\/washrooms.jpg 400w, https:\/\/www.blarneycaravanpark.com\/wp-content\/uploads\/2021\/01\/washrooms-300x182.jpg 300w\" sizes=\"(max-width: 400px) 100vw, 400px\" \/><figcaption class=\"blocks-gallery-item__caption\">Badezimmer-Block<\/figcaption><\/figure><\/li><li class=\"blocks-gallery-item\"><figure><img decoding=\"async\" width=\"400\" height=\"225\" src=\"https:\/\/www.blarneycaravanpark.com\/wp-content\/uploads\/2021\/01\/Football-field.jpg\" alt=\"football field\" data-id=\"479\" data-full-url=\"https:\/\/www.blarneycaravanpark.com\/wp-content\/uploads\/2021\/01\/Football-field.jpg\" data-link=\"https:\/\/www.blarneycaravanpark.com\/football-field\/\" class=\"wp-image-479\" srcset=\"https:\/\/www.blarneycaravanpark.com\/wp-content\/uploads\/2021\/01\/Football-field.jpg 400w, https:\/\/www.blarneycaravanpark.com\/wp-content\/uploads\/2021\/01\/Football-field-300x169.jpg 300w\" sizes=\"(max-width: 400px) 100vw, 400px\" \/><figcaption class=\"blocks-gallery-item__caption\">Fu\u00dfballfeld<\/figcaption><\/figure><\/li><li class=\"blocks-gallery-item\"><figure><img decoding=\"async\" width=\"400\" height=\"274\" src=\"https:\/\/www.blarneycaravanpark.com\/wp-content\/uploads\/2021\/01\/Pitch-Putt-4.jpg\" alt=\"pitch &amp; putt\" data-id=\"475\" data-full-url=\"https:\/\/www.blarneycaravanpark.com\/wp-content\/uploads\/2021\/01\/Pitch-Putt-4.jpg\" data-link=\"https:\/\/www.blarneycaravanpark.com\/pitch-putt-4\/\" class=\"wp-image-475\" srcset=\"https:\/\/www.blarneycaravanpark.com\/wp-content\/uploads\/2021\/01\/Pitch-Putt-4.jpg 400w, https:\/\/www.blarneycaravanpark.com\/wp-content\/uploads\/2021\/01\/Pitch-Putt-4-300x206.jpg 300w\" sizes=\"(max-width: 400px) 100vw, 400px\" \/><figcaption class=\"blocks-gallery-item__caption\">Pitch &amp; Putt<\/figcaption><\/figure><\/li><li class=\"blocks-gallery-item\"><figure><img decoding=\"async\" width=\"400\" height=\"225\" src=\"https:\/\/www.blarneycaravanpark.com\/wp-content\/uploads\/2021\/01\/Playground-400.jpg\" alt=\"playground\" data-id=\"476\" data-full-url=\"https:\/\/www.blarneycaravanpark.com\/wp-content\/uploads\/2021\/01\/Playground-400.jpg\" data-link=\"https:\/\/www.blarneycaravanpark.com\/playground-400\/\" class=\"wp-image-476\" srcset=\"https:\/\/www.blarneycaravanpark.com\/wp-content\/uploads\/2021\/01\/Playground-400.jpg 400w, https:\/\/www.blarneycaravanpark.com\/wp-content\/uploads\/2021\/01\/Playground-400-300x169.jpg 300w\" sizes=\"(max-width: 400px) 100vw, 400px\" \/><figcaption class=\"blocks-gallery-item__caption\">Spielplatz<\/figcaption><\/figure><\/li><li class=\"blocks-gallery-item\"><figure><img decoding=\"async\" width=\"400\" height=\"225\" src=\"https:\/\/www.blarneycaravanpark.com\/wp-content\/uploads\/2021\/01\/Laundry.jpg\" alt=\"laundry\" data-id=\"474\" data-full-url=\"https:\/\/www.blarneycaravanpark.com\/wp-content\/uploads\/2021\/01\/Laundry.jpg\" data-link=\"https:\/\/www.blarneycaravanpark.com\/laundry\/\" class=\"wp-image-474\" srcset=\"https:\/\/www.blarneycaravanpark.com\/wp-content\/uploads\/2021\/01\/Laundry.jpg 400w, https:\/\/www.blarneycaravanpark.com\/wp-content\/uploads\/2021\/01\/Laundry-300x169.jpg 300w\" sizes=\"(max-width: 400px) 100vw, 400px\" \/><figcaption class=\"blocks-gallery-item__caption\">W\u00e4schekammer<\/figcaption><\/figure><\/li><li class=\"blocks-gallery-item\"><figure><img decoding=\"async\" width=\"400\" height=\"251\" src=\"https:\/\/www.blarneycaravanpark.com\/wp-content\/uploads\/2021\/01\/Campers-Kitchen-2.jpg\" alt=\"kitchen\" data-id=\"473\" data-full-url=\"https:\/\/www.blarneycaravanpark.com\/wp-content\/uploads\/2021\/01\/Campers-Kitchen-2.jpg\" data-link=\"https:\/\/www.blarneycaravanpark.com\/campers-kitchen-2\/\" class=\"wp-image-473\" srcset=\"https:\/\/www.blarneycaravanpark.com\/wp-content\/uploads\/2021\/01\/Campers-Kitchen-2.jpg 400w, https:\/\/www.blarneycaravanpark.com\/wp-content\/uploads\/2021\/01\/Campers-Kitchen-2-300x188.jpg 300w\" sizes=\"(max-width: 400px) 100vw, 400px\" \/><figcaption class=\"blocks-gallery-item__caption\">K\u00fcche<\/figcaption><\/figure><\/li><li class=\"blocks-gallery-item\"><figure><img decoding=\"async\" width=\"400\" height=\"300\" src=\"https:\/\/www.blarneycaravanpark.com\/wp-content\/uploads\/2021\/01\/Showers.jpg\" alt=\"showers\" data-id=\"484\" data-full-url=\"https:\/\/www.blarneycaravanpark.com\/wp-content\/uploads\/2021\/01\/Showers.jpg\" data-link=\"https:\/\/www.blarneycaravanpark.com\/showers\/\" class=\"wp-image-484\" srcset=\"https:\/\/www.blarneycaravanpark.com\/wp-content\/uploads\/2021\/01\/Showers.jpg 400w, https:\/\/www.blarneycaravanpark.com\/wp-content\/uploads\/2021\/01\/Showers-300x225.jpg 300w\" sizes=\"(max-width: 400px) 100vw, 400px\" \/><figcaption class=\"blocks-gallery-item__caption\">Duschen<\/figcaption><\/figure><\/li><li class=\"blocks-gallery-item\"><figure><img decoding=\"async\" width=\"400\" height=\"267\" src=\"https:\/\/www.blarneycaravanpark.com\/wp-content\/uploads\/2021\/01\/Blarney-Caravan-park-entrance.jpg\" alt=\"entrance to Blarney Caravan park\" data-id=\"482\" data-full-url=\"https:\/\/www.blarneycaravanpark.com\/wp-content\/uploads\/2021\/01\/Blarney-Caravan-park-entrance.jpg\" data-link=\"https:\/\/www.blarneycaravanpark.com\/blarney-caravan-park-entrance\/\" class=\"wp-image-482\" srcset=\"https:\/\/www.blarneycaravanpark.com\/wp-content\/uploads\/2021\/01\/Blarney-Caravan-park-entrance.jpg 400w, https:\/\/www.blarneycaravanpark.com\/wp-content\/uploads\/2021\/01\/Blarney-Caravan-park-entrance-300x200.jpg 300w\" sizes=\"(max-width: 400px) 100vw, 400px\" \/><figcaption class=\"blocks-gallery-item__caption\">Eingang<\/figcaption><\/figure><\/li><li class=\"blocks-gallery-item\"><figure><img decoding=\"async\" width=\"400\" height=\"225\" src=\"https:\/\/www.blarneycaravanpark.com\/wp-content\/uploads\/2021\/01\/Reception.jpg\" alt=\"reception\" data-id=\"477\" data-full-url=\"https:\/\/www.blarneycaravanpark.com\/wp-content\/uploads\/2021\/01\/Reception.jpg\" data-link=\"https:\/\/www.blarneycaravanpark.com\/reception\/\" class=\"wp-image-477\" srcset=\"https:\/\/www.blarneycaravanpark.com\/wp-content\/uploads\/2021\/01\/Reception.jpg 400w, https:\/\/www.blarneycaravanpark.com\/wp-content\/uploads\/2021\/01\/Reception-300x169.jpg 300w\" sizes=\"(max-width: 400px) 100vw, 400px\" \/><figcaption class=\"blocks-gallery-item__caption\">Rezeption<\/figcaption><\/figure><\/li><\/ul><\/figure>\n<\/div><\/div>\n<\/div><\/div>","protected":false},"excerpt":{"rendered":"","protected":false},"author":2,"featured_media":412,"parent":0,"menu_order":0,"comment_status":"closed","ping_status":"closed","template":"","meta":{"_genesis_hide_title":false,"_genesis_hide_breadcrumbs":false,"_genesis_hide_singular_image":false,"_genesis_hide_footer_widgets":false,"_genesis_custom_body_class":"","_genesis_custom_post_class":"","_genesis_layout":"","footnotes":""},"class_list":{"0":"post-183","1":"page","2":"type-page","3":"status-publish","4":"has-post-thumbnail","6":"entry"},"yoast_head":"<!-- This site is optimized with the Yoast SEO plugin v27.5 - https:\/\/yoast.com\/product\/yoast-seo-wordpress\/ -->\n<title>Facilities - Blarney Caravan &amp; Camping Park<\/title>\n<meta name=\"robots\" content=\"index, follow, max-snippet:-1, max-image-preview:large, max-video-preview:-1\" \/>\n<link rel=\"canonical\" href=\"https:\/\/www.blarneycaravanpark.com\/de\/facilities\/\" \/>\n<meta property=\"og:locale\" content=\"de_DE\" \/>\n<meta property=\"og:type\" content=\"article\" \/>\n<meta property=\"og:title\" content=\"Facilities - Blarney Caravan &amp; Camping Park\" \/>\n<meta property=\"og:url\" content=\"https:\/\/www.blarneycaravanpark.com\/de\/facilities\/\" \/>\n<meta property=\"og:site_name\" content=\"Blarney Caravan &amp; Camping Park\" \/>\n<meta property=\"article:publisher\" content=\"https:\/\/www.facebook.com\/blarneycaravanpark\" \/>\n<meta property=\"article:modified_time\" content=\"2021-02-09T14:41:50+00:00\" \/>\n<meta property=\"og:image\" content=\"https:\/\/www.blarneycaravanpark.com\/wp-content\/uploads\/2020\/12\/facilties-home-f.jpg\" \/>\n\t<meta property=\"og:image:width\" content=\"500\" \/>\n\t<meta property=\"og:image:height\" content=\"333\" \/>\n\t<meta property=\"og:image:type\" content=\"image\/jpeg\" \/>\n<meta name=\"twitter:card\" content=\"summary_large_image\" \/>\n<meta name=\"twitter:site\" content=\"@BlarneyCamping\" \/>\n<meta name=\"twitter:label1\" content=\"Gesch\u00e4tzte Lesezeit\" \/>\n\t<meta name=\"twitter:data1\" content=\"3\u00a0Minuten\" \/>\n<script type=\"application\/ld+json\" class=\"yoast-schema-graph\">{\"@context\":\"https:\\\/\\\/schema.org\",\"@graph\":[{\"@type\":\"WebPage\",\"@id\":\"https:\\\/\\\/www.blarneycaravanpark.com\\\/facilities\\\/\",\"url\":\"https:\\\/\\\/www.blarneycaravanpark.com\\\/facilities\\\/\",\"name\":\"Facilities - Blarney Caravan &amp; Camping Park\",\"isPartOf\":{\"@id\":\"https:\\\/\\\/www.blarneycaravanpark.com\\\/#website\"},\"primaryImageOfPage\":{\"@id\":\"https:\\\/\\\/www.blarneycaravanpark.com\\\/facilities\\\/#primaryimage\"},\"image\":{\"@id\":\"https:\\\/\\\/www.blarneycaravanpark.com\\\/facilities\\\/#primaryimage\"},\"thumbnailUrl\":\"https:\\\/\\\/www.blarneycaravanpark.com\\\/wp-content\\\/uploads\\\/2020\\\/12\\\/facilties-home-f.jpg\",\"datePublished\":\"2020-12-18T16:11:31+00:00\",\"dateModified\":\"2021-02-09T14:41:50+00:00\",\"breadcrumb\":{\"@id\":\"https:\\\/\\\/www.blarneycaravanpark.com\\\/facilities\\\/#breadcrumb\"},\"inLanguage\":\"de\",\"potentialAction\":[{\"@type\":\"ReadAction\",\"target\":[\"https:\\\/\\\/www.blarneycaravanpark.com\\\/facilities\\\/\"]}]},{\"@type\":\"ImageObject\",\"inLanguage\":\"de\",\"@id\":\"https:\\\/\\\/www.blarneycaravanpark.com\\\/facilities\\\/#primaryimage\",\"url\":\"https:\\\/\\\/www.blarneycaravanpark.com\\\/wp-content\\\/uploads\\\/2020\\\/12\\\/facilties-home-f.jpg\",\"contentUrl\":\"https:\\\/\\\/www.blarneycaravanpark.com\\\/wp-content\\\/uploads\\\/2020\\\/12\\\/facilties-home-f.jpg\",\"width\":500,\"height\":333,\"caption\":\"Facilities\"},{\"@type\":\"BreadcrumbList\",\"@id\":\"https:\\\/\\\/www.blarneycaravanpark.com\\\/facilities\\\/#breadcrumb\",\"itemListElement\":[{\"@type\":\"ListItem\",\"position\":1,\"name\":\"Home\",\"item\":\"https:\\\/\\\/www.blarneycaravanpark.com\\\/\"},{\"@type\":\"ListItem\",\"position\":2,\"name\":\"Facilities\"}]},{\"@type\":\"WebSite\",\"@id\":\"https:\\\/\\\/www.blarneycaravanpark.com\\\/#website\",\"url\":\"https:\\\/\\\/www.blarneycaravanpark.com\\\/\",\"name\":\"Blarney Caravan &amp; Camping Park\",\"description\":\"\",\"publisher\":{\"@id\":\"https:\\\/\\\/www.blarneycaravanpark.com\\\/#organization\"},\"potentialAction\":[{\"@type\":\"SearchAction\",\"target\":{\"@type\":\"EntryPoint\",\"urlTemplate\":\"https:\\\/\\\/www.blarneycaravanpark.com\\\/?s={search_term_string}\"},\"query-input\":{\"@type\":\"PropertyValueSpecification\",\"valueRequired\":true,\"valueName\":\"search_term_string\"}}],\"inLanguage\":\"de\"},{\"@type\":\"Organization\",\"@id\":\"https:\\\/\\\/www.blarneycaravanpark.com\\\/#organization\",\"name\":\"Blarney Caravan & Camping Park\",\"url\":\"https:\\\/\\\/www.blarneycaravanpark.com\\\/\",\"logo\":{\"@type\":\"ImageObject\",\"inLanguage\":\"de\",\"@id\":\"https:\\\/\\\/www.blarneycaravanpark.com\\\/#\\\/schema\\\/logo\\\/image\\\/\",\"url\":\"https:\\\/\\\/www.blarneycaravanpark.com\\\/wp-content\\\/uploads\\\/2021\\\/02\\\/cropped-Blarney-Caravan-Camping-Park-Logo.png\",\"contentUrl\":\"https:\\\/\\\/www.blarneycaravanpark.com\\\/wp-content\\\/uploads\\\/2021\\\/02\\\/cropped-Blarney-Caravan-Camping-Park-Logo.png\",\"width\":250,\"height\":94,\"caption\":\"Blarney Caravan & Camping Park\"},\"image\":{\"@id\":\"https:\\\/\\\/www.blarneycaravanpark.com\\\/#\\\/schema\\\/logo\\\/image\\\/\"},\"sameAs\":[\"https:\\\/\\\/www.facebook.com\\\/blarneycaravanpark\",\"https:\\\/\\\/x.com\\\/BlarneyCamping\",\"https:\\\/\\\/www.youtube.com\\\/channel\\\/UCqkxfXD3s2Q03lai8W_BK1g\"]}]}<\/script>\n<!-- \/ Yoast SEO plugin. -->","yoast_head_json":{"title":"Leistungen - Blarney Caravan &amp; Camping Park","robots":{"index":"index","follow":"follow","max-snippet":"max-snippet:-1","max-image-preview":"max-image-preview:large","max-video-preview":"max-video-preview:-1"},"canonical":"https:\/\/www.blarneycaravanpark.com\/de\/facilities\/","og_locale":"de_DE","og_type":"article","og_title":"Facilities - Blarney Caravan &amp; Camping Park","og_url":"https:\/\/www.blarneycaravanpark.com\/de\/facilities\/","og_site_name":"Blarney Caravan &amp; Camping Park","article_publisher":"https:\/\/www.facebook.com\/blarneycaravanpark","article_modified_time":"2021-02-09T14:41:50+00:00","og_image":[{"width":500,"height":333,"url":"https:\/\/www.blarneycaravanpark.com\/wp-content\/uploads\/2020\/12\/facilties-home-f.jpg","type":"image\/jpeg"}],"twitter_card":"summary_large_image","twitter_site":"@BlarneyCamping","twitter_misc":{"Gesch\u00e4tzte Lesezeit":"3\u00a0Minuten"},"schema":{"@context":"https:\/\/schema.org","@graph":[{"@type":"WebPage","@id":"https:\/\/www.blarneycaravanpark.com\/facilities\/","url":"https:\/\/www.blarneycaravanpark.com\/facilities\/","name":"Leistungen - Blarney Caravan &amp; Camping Park","isPartOf":{"@id":"https:\/\/www.blarneycaravanpark.com\/#website"},"primaryImageOfPage":{"@id":"https:\/\/www.blarneycaravanpark.com\/facilities\/#primaryimage"},"image":{"@id":"https:\/\/www.blarneycaravanpark.com\/facilities\/#primaryimage"},"thumbnailUrl":"https:\/\/www.blarneycaravanpark.com\/wp-content\/uploads\/2020\/12\/facilties-home-f.jpg","datePublished":"2020-12-18T16:11:31+00:00","dateModified":"2021-02-09T14:41:50+00:00","breadcrumb":{"@id":"https:\/\/www.blarneycaravanpark.com\/facilities\/#breadcrumb"},"inLanguage":"de","potentialAction":[{"@type":"ReadAction","target":["https:\/\/www.blarneycaravanpark.com\/facilities\/"]}]},{"@type":"ImageObject","inLanguage":"de","@id":"https:\/\/www.blarneycaravanpark.com\/facilities\/#primaryimage","url":"https:\/\/www.blarneycaravanpark.com\/wp-content\/uploads\/2020\/12\/facilties-home-f.jpg","contentUrl":"https:\/\/www.blarneycaravanpark.com\/wp-content\/uploads\/2020\/12\/facilties-home-f.jpg","width":500,"height":333,"caption":"Facilities"},{"@type":"BreadcrumbList","@id":"https:\/\/www.blarneycaravanpark.com\/facilities\/#breadcrumb","itemListElement":[{"@type":"ListItem","position":1,"name":"Home","item":"https:\/\/www.blarneycaravanpark.com\/"},{"@type":"ListItem","position":2,"name":"Facilities"}]},{"@type":"WebSite","@id":"https:\/\/www.blarneycaravanpark.com\/#website","url":"https:\/\/www.blarneycaravanpark.com\/","name":"Blarney Caravan &amp; Camping Park","description":"","publisher":{"@id":"https:\/\/www.blarneycaravanpark.com\/#organization"},"potentialAction":[{"@type":"SearchAction","target":{"@type":"EntryPoint","urlTemplate":"https:\/\/www.blarneycaravanpark.com\/?s={search_term_string}"},"query-input":{"@type":"PropertyValueSpecification","valueRequired":true,"valueName":"search_term_string"}}],"inLanguage":"de"},{"@type":"Organization","@id":"https:\/\/www.blarneycaravanpark.com\/#organization","name":"Blarney Caravan &amp; Camping Park","url":"https:\/\/www.blarneycaravanpark.com\/","logo":{"@type":"ImageObject","inLanguage":"de","@id":"https:\/\/www.blarneycaravanpark.com\/#\/schema\/logo\/image\/","url":"https:\/\/www.blarneycaravanpark.com\/wp-content\/uploads\/2021\/02\/cropped-Blarney-Caravan-Camping-Park-Logo.png","contentUrl":"https:\/\/www.blarneycaravanpark.com\/wp-content\/uploads\/2021\/02\/cropped-Blarney-Caravan-Camping-Park-Logo.png","width":250,"height":94,"caption":"Blarney Caravan & Camping Park"},"image":{"@id":"https:\/\/www.blarneycaravanpark.com\/#\/schema\/logo\/image\/"},"sameAs":["https:\/\/www.facebook.com\/blarneycaravanpark","https:\/\/x.com\/BlarneyCamping","https:\/\/www.youtube.com\/channel\/UCqkxfXD3s2Q03lai8W_BK1g"]}]}},"featured_image_src":"https:\/\/www.blarneycaravanpark.com\/wp-content\/uploads\/2020\/12\/facilties-home-f.jpg","featured_image_src_square":"https:\/\/www.blarneycaravanpark.com\/wp-content\/uploads\/2020\/12\/facilties-home-f.jpg","_links":{"self":[{"href":"https:\/\/www.blarneycaravanpark.com\/de\/wp-json\/wp\/v2\/pages\/183","targetHints":{"allow":["GET"]}}],"collection":[{"href":"https:\/\/www.blarneycaravanpark.com\/de\/wp-json\/wp\/v2\/pages"}],"about":[{"href":"https:\/\/www.blarneycaravanpark.com\/de\/wp-json\/wp\/v2\/types\/page"}],"author":[{"embeddable":true,"href":"https:\/\/www.blarneycaravanpark.com\/de\/wp-json\/wp\/v2\/users\/2"}],"replies":[{"embeddable":true,"href":"https:\/\/www.blarneycaravanpark.com\/de\/wp-json\/wp\/v2\/comments?post=183"}],"version-history":[{"count":0,"href":"https:\/\/www.blarneycaravanpark.com\/de\/wp-json\/wp\/v2\/pages\/183\/revisions"}],"wp:featuredmedia":[{"embeddable":true,"href":"https:\/\/www.blarneycaravanpark.com\/de\/wp-json\/wp\/v2\/media\/412"}],"wp:attachment":[{"href":"https:\/\/www.blarneycaravanpark.com\/de\/wp-json\/wp\/v2\/media?parent=183"}],"curies":[{"name":"wp","href":"https:\/\/api.w.org\/{rel}","templated":true}]}}