{"id":611,"date":"2021-01-27T18:06:03","date_gmt":"2021-01-27T18:06:03","guid":{"rendered":"https:\/\/www.blarneycaravanpark.com\/?page_id=611"},"modified":"2024-10-31T19:30:46","modified_gmt":"2024-10-31T19:30:46","slug":"faqs","status":"publish","type":"page","link":"https:\/\/www.blarneycaravanpark.com\/de\/faqs\/","title":{"rendered":"H\u00e4ufig gestellte Fragen"},"content":{"rendered":"<div class=\"wp-block-genesis-blocks-gb-columns gb-layout-columns-1 one-column gb-columns-center\"><div class=\"gb-layout-column-wrap gb-block-layout-column-gap-2 gb-is-responsive-column\" style=\"max-width:1080px\">\n<div class=\"wp-block-genesis-blocks-gb-column gb-block-layout-column\"><div class=\"gb-block-layout-column-inner\">\n<p>Wir haben eine Liste unserer am h\u00e4ufigsten gestellten Fragen zusammengestellt, um Ihnen bei Ihrer Buchung zu helfen. Bitte lesen Sie diese durch, bevor Sie zur Buchungskonsole gehen. Wenn Sie in der folgenden Liste keine Antwort auf Ihre Frage finden, setzen Sie sich bitte mit uns in Verbindung und wir helfen Ihnen gerne weiter.&nbsp;&nbsp;<\/p>\n\n\n\n<div class=\"wp-block-genesis-blocks-gb-accordion gb-block-accordion\"><details><summary class=\"gb-accordion-title\"><strong>Wann haben Sie ge\u00f6ffnet?<\/strong><\/summary><div class=\"gb-accordion-text\">\n<p>Die Toursaison beginnt am 1. April und endet am 27. Oktober 2025.<\/p>\n<\/div><\/details><\/div>\n\n\n\n<div class=\"wp-block-genesis-blocks-gb-accordion gb-block-accordion\"><details><summary class=\"gb-accordion-title\"><strong>Haben Sie Wohnwagen\/Wohnmobile\/H\u00fctten zu mieten?<\/strong><\/summary><div class=\"gb-accordion-text\">\n<p>Wir vermieten keine station\u00e4ren Wohnwagen\/Wohnmobile\/H\u00fctten, wir sind ein Reisegel\u00e4nde f\u00fcr Wohnwagen und Camping.<\/p>\n<\/div><\/details><\/div>\n\n\n\n<div class=\"wp-block-genesis-blocks-gb-accordion gb-block-accordion\"><details><summary class=\"gb-accordion-title\"><strong>Wann muss ich meine Buchung bezahlen?<\/strong><\/summary><div class=\"gb-accordion-text\">\n<p>Alle Buchungen m\u00fcssen zum Zeitpunkt der Buchung vollst\u00e4ndig bezahlt werden. Informationen zu Stornierungen finden Sie in unseren Allgemeinen Gesch\u00e4ftsbedingungen.<\/p>\n<\/div><\/details><\/div>\n\n\n\n<div class=\"wp-block-genesis-blocks-gb-accordion gb-block-accordion\"><details><summary class=\"gb-accordion-title\"><strong>Wann k\u00f6nnen wir einchecken?<\/strong><\/summary><div class=\"gb-accordion-text\">\n<p>Der Check-in ist ausschlie\u00dflich von 12:00 bis 21:00 Uhr f\u00fcr Touren. Wenn Sie fr\u00fcher anreisen, m\u00fcssen Sie bis zur Check-in-Zeit warten. Wenn Sie es aufgrund von F\u00e4hren etc. nicht bis nach 21:00 Uhr schaffen, teilen Sie uns dies bitte im Voraus mit.<\/p>\n<\/div><\/details><\/div>\n\n\n\n<div class=\"wp-block-genesis-blocks-gb-accordion gb-block-accordion\"><details><summary class=\"gb-accordion-title\"><strong>Wann m\u00fcssen wir auschecken?<\/strong><\/summary><div class=\"gb-accordion-text\">\n<p>Die Check-out-Zeit f\u00fcr alle Stellpl\u00e4tze ist p\u00fcnktlich um 12:00 Uhr, um sicherzustellen, dass der Stellplatz f\u00fcr die Ankunft der n\u00e4chsten G\u00e4ste bereit ist.<\/p>\n<\/div><\/details><\/div>\n\n\n\n<div class=\"wp-block-genesis-blocks-gb-accordion gb-block-accordion\"><details><summary class=\"gb-accordion-title\"><strong>Gibt es einen sp\u00e4ten Check-out?<\/strong><\/summary><div class=\"gb-accordion-text\">\n<p>Bitte erkundigen Sie sich am Abend vor Ihrer Abreise an der Rezeption.<\/p>\n<\/div><\/details><\/div>\n\n\n\n<div class=\"wp-block-genesis-blocks-gb-accordion gb-block-accordion\"><details><summary class=\"gb-accordion-title\"><strong>Wann schlie\u00dft der Park abends?<\/strong><\/summary><div class=\"gb-accordion-text\">\n<p>Die Eingangsschranke ist von 9.00 bis 21.00 Uhr an der Rezeption ge\u00f6ffnet. Um nach 21:00 Uhr einzutreten, m\u00fcssen Sie einen Schl\u00fcsselanh\u00e4nger an der Rezeption gegen eine Kaution von 10 \u20ac erhalten. Die Ausgangsschranke \u00f6ffnet sich Tag und Nacht automatisch. Die Parkschranke l\u00e4sst keine Fahrzeuge in den Park zwischen 0:00 Uhr und 07:00 Uhr zu.<\/p>\n<\/div><\/details><\/div>\n\n\n\n<div class=\"wp-block-genesis-blocks-gb-accordion gb-block-accordion\"><details><summary class=\"gb-accordion-title\"><strong>K\u00f6nnen wir ein zweites Auto mitnehmen?<\/strong><\/summary><div class=\"gb-accordion-text\">\n<p>Ja, Sie k\u00f6nnen ein zweites Auto mitbringen, aber es kann zu keiner Zeit auf das Haupttourgebiet zugreifen und muss auf dem Hauptparkplatz geparkt werden. Ein zus\u00e4tzliches Auto wird mit 2,50 \u20ac pro Tag berechnet und die Pl\u00e4tze werden je nach Verf\u00fcgbarkeit vergeben.<\/p>\n<\/div><\/details><\/div>\n\n\n\n<div class=\"wp-block-genesis-blocks-gb-accordion gb-block-accordion\"><details><summary class=\"gb-accordion-title\"><strong>K\u00f6nnen wir Feuer machen oder Feuerstellen benutzen?<\/strong><\/summary><div class=\"gb-accordion-text\">\n<p>Aufgrund der nat\u00fcrlichen Umgebung sind offene Feuer und offene Flammen verboten. Grillen ist erlaubt, solange sie nicht auf dem Boden stehen und nur Gas oder Holzkohle verbrennen.<\/p>\n<\/div><\/details><\/div>\n\n\n\n<div class=\"wp-block-genesis-blocks-gb-accordion gb-block-accordion\"><details><summary class=\"gb-accordion-title\"><strong>Gibt es eine Geb\u00fchr f\u00fcr Markisen oder Pavillons?<\/strong><\/summary><div class=\"gb-accordion-text\">\n<p>Diese sind kostenlos, solange sie auf Ihren Stellplatz passen.<\/p>\n<\/div><\/details><\/div>\n\n\n\n<div class=\"wp-block-genesis-blocks-gb-accordion gb-block-accordion\"><details><summary class=\"gb-accordion-title\"><strong>K\u00f6nnen wir unseren Hund mitbringen?<\/strong><\/summary><div class=\"gb-accordion-text\">\n<p>Ja, Sie k\u00f6nnen Ihren Hund ohne Aufpreis mitbringen. Hunde m\u00fcssen immer an der Leine gef\u00fchrt und danach gereinigt werden. Maximal zwei Hunde pro Familie. Wenn Sie Ihren Hund auf Ihrem Stellplatz an einer langen Leine f\u00fchren, darf er den Hund nicht weiter als bis zum Rand Ihres Stellplatzes gehen lassen.<\/p>\n\n\n\n<p>Die Control of Dogs Regulations 1998 erlegen zus\u00e4tzliche Regeln in Bezug auf die folgenden Hunderassen (und St\u00e4mme\/Kreuzungen) auf:<\/p>\n\n\n\n<ul class=\"wp-block-list\">\n<li>Amerikanischer Pitbullterrier<\/li>\n\n\n\n<li>Englischer Bullterrier<\/li>\n\n\n\n<li>Staffordshire bull terrier<\/li>\n\n\n\n<li>Stiermastiff<\/li>\n\n\n\n<li>Dobermann Pinscher<\/li>\n\n\n\n<li>Deutscher Sch\u00e4ferhund (Els\u00e4sser)<\/li>\n\n\n\n<li>Rhodesian Ridgeback<\/li>\n\n\n\n<li>Rottweiler<\/li>\n\n\n\n<li>Japanischer Akita<\/li>\n\n\n\n<li>Japanische Tosa<\/li>\n\n\n\n<li>Bandog<\/li>\n<\/ul>\n\n\n\n<p>Die Regeln besagen, dass diese Hunde (oder St\u00e4mme und Kreuzungen davon) Folgendes tun m\u00fcssen:<\/p>\n\n\n\n<ul class=\"wp-block-list\">\n<li>Von einer Person \u00fcber 16 Jahren, die in der Lage ist, sie zu kontrollieren, an einer kurzen, starken Leine gef\u00fchrt werden<\/li>\n\n\n\n<li>Tragen Sie einen Maulkorb, wenn sie sich an einem \u00f6ffentlichen Ort aufhalten<\/li>\n\n\n\n<li>Tragen Sie immer ein Halsband mit Namen und Adresse des Besitzers.<\/li>\n<\/ul>\n<\/div><\/details><\/div>\n\n\n\n<div class=\"wp-block-genesis-blocks-gb-accordion gb-block-accordion\"><details><summary class=\"gb-accordion-title\"><strong>Sind Nutzfahrzeuge auf dem Gel\u00e4nde erlaubt?<\/strong><\/summary><div class=\"gb-accordion-text\">\n<p>Nutzfahrzeuge sind im Tourenbereich nicht zugelassen. Wenn Sie einen Wohnwagen mit einem Nutzfahrzeug ziehen.<\/p>\n<\/div><\/details><\/div>\n\n\n\n<p><\/p>\n<\/div><\/div>\n<\/div><\/div>","protected":false},"excerpt":{"rendered":"","protected":false},"author":2,"featured_media":0,"parent":0,"menu_order":0,"comment_status":"closed","ping_status":"closed","template":"","meta":{"_genesis_hide_title":false,"_genesis_hide_breadcrumbs":false,"_genesis_hide_singular_image":false,"_genesis_hide_footer_widgets":false,"_genesis_custom_body_class":"","_genesis_custom_post_class":"","_genesis_layout":"","footnotes":""},"class_list":{"0":"post-611","1":"page","2":"type-page","3":"status-publish","5":"entry"},"yoast_head":"<!-- This site is optimized with the Yoast SEO plugin v27.5 - https:\/\/yoast.com\/product\/yoast-seo-wordpress\/ -->\n<title>FAQs - Blarney Caravan &amp; Camping Park<\/title>\n<meta name=\"robots\" content=\"index, follow, max-snippet:-1, max-image-preview:large, max-video-preview:-1\" \/>\n<link rel=\"canonical\" href=\"https:\/\/www.blarneycaravanpark.com\/de\/faqs\/\" \/>\n<meta property=\"og:locale\" content=\"de_DE\" \/>\n<meta property=\"og:type\" content=\"article\" \/>\n<meta property=\"og:title\" content=\"FAQs - Blarney Caravan &amp; Camping Park\" \/>\n<meta property=\"og:url\" content=\"https:\/\/www.blarneycaravanpark.com\/de\/faqs\/\" \/>\n<meta property=\"og:site_name\" content=\"Blarney Caravan &amp; Camping Park\" \/>\n<meta property=\"article:publisher\" content=\"https:\/\/www.facebook.com\/blarneycaravanpark\" \/>\n<meta property=\"article:modified_time\" content=\"2024-10-31T19:30:46+00:00\" \/>\n<meta property=\"og:image\" content=\"https:\/\/www.blarneycaravanpark.com\/wp-content\/uploads\/2021\/02\/blarney-caravan-camping-park-fb.jpg\" \/>\n\t<meta property=\"og:image:width\" content=\"1200\" \/>\n\t<meta property=\"og:image:height\" content=\"675\" \/>\n\t<meta property=\"og:image:type\" content=\"image\/jpeg\" \/>\n<meta name=\"twitter:card\" content=\"summary_large_image\" \/>\n<meta name=\"twitter:site\" content=\"@BlarneyCamping\" \/>\n<meta name=\"twitter:label1\" content=\"Gesch\u00e4tzte Lesezeit\" \/>\n\t<meta name=\"twitter:data1\" content=\"3\u00a0Minuten\" \/>\n<script type=\"application\/ld+json\" class=\"yoast-schema-graph\">{\"@context\":\"https:\\\/\\\/schema.org\",\"@graph\":[{\"@type\":\"WebPage\",\"@id\":\"https:\\\/\\\/www.blarneycaravanpark.com\\\/faqs\\\/\",\"url\":\"https:\\\/\\\/www.blarneycaravanpark.com\\\/faqs\\\/\",\"name\":\"FAQs - Blarney Caravan &amp; Camping Park\",\"isPartOf\":{\"@id\":\"https:\\\/\\\/www.blarneycaravanpark.com\\\/#website\"},\"datePublished\":\"2021-01-27T18:06:03+00:00\",\"dateModified\":\"2024-10-31T19:30:46+00:00\",\"breadcrumb\":{\"@id\":\"https:\\\/\\\/www.blarneycaravanpark.com\\\/faqs\\\/#breadcrumb\"},\"inLanguage\":\"de\",\"potentialAction\":[{\"@type\":\"ReadAction\",\"target\":[\"https:\\\/\\\/www.blarneycaravanpark.com\\\/faqs\\\/\"]}]},{\"@type\":\"BreadcrumbList\",\"@id\":\"https:\\\/\\\/www.blarneycaravanpark.com\\\/faqs\\\/#breadcrumb\",\"itemListElement\":[{\"@type\":\"ListItem\",\"position\":1,\"name\":\"Home\",\"item\":\"https:\\\/\\\/www.blarneycaravanpark.com\\\/\"},{\"@type\":\"ListItem\",\"position\":2,\"name\":\"FAQs\"}]},{\"@type\":\"WebSite\",\"@id\":\"https:\\\/\\\/www.blarneycaravanpark.com\\\/#website\",\"url\":\"https:\\\/\\\/www.blarneycaravanpark.com\\\/\",\"name\":\"Blarney Caravan &amp; Camping Park\",\"description\":\"\",\"publisher\":{\"@id\":\"https:\\\/\\\/www.blarneycaravanpark.com\\\/#organization\"},\"potentialAction\":[{\"@type\":\"SearchAction\",\"target\":{\"@type\":\"EntryPoint\",\"urlTemplate\":\"https:\\\/\\\/www.blarneycaravanpark.com\\\/?s={search_term_string}\"},\"query-input\":{\"@type\":\"PropertyValueSpecification\",\"valueRequired\":true,\"valueName\":\"search_term_string\"}}],\"inLanguage\":\"de\"},{\"@type\":\"Organization\",\"@id\":\"https:\\\/\\\/www.blarneycaravanpark.com\\\/#organization\",\"name\":\"Blarney Caravan & Camping Park\",\"url\":\"https:\\\/\\\/www.blarneycaravanpark.com\\\/\",\"logo\":{\"@type\":\"ImageObject\",\"inLanguage\":\"de\",\"@id\":\"https:\\\/\\\/www.blarneycaravanpark.com\\\/#\\\/schema\\\/logo\\\/image\\\/\",\"url\":\"https:\\\/\\\/www.blarneycaravanpark.com\\\/wp-content\\\/uploads\\\/2021\\\/02\\\/cropped-Blarney-Caravan-Camping-Park-Logo.png\",\"contentUrl\":\"https:\\\/\\\/www.blarneycaravanpark.com\\\/wp-content\\\/uploads\\\/2021\\\/02\\\/cropped-Blarney-Caravan-Camping-Park-Logo.png\",\"width\":250,\"height\":94,\"caption\":\"Blarney Caravan & Camping Park\"},\"image\":{\"@id\":\"https:\\\/\\\/www.blarneycaravanpark.com\\\/#\\\/schema\\\/logo\\\/image\\\/\"},\"sameAs\":[\"https:\\\/\\\/www.facebook.com\\\/blarneycaravanpark\",\"https:\\\/\\\/x.com\\\/BlarneyCamping\",\"https:\\\/\\\/www.youtube.com\\\/channel\\\/UCqkxfXD3s2Q03lai8W_BK1g\"]}]}<\/script>\n<!-- \/ Yoast SEO plugin. -->","yoast_head_json":{"title":"H\u00e4ufig gestellte Fragen - Blarney Caravan &amp; Camping Park","robots":{"index":"index","follow":"follow","max-snippet":"max-snippet:-1","max-image-preview":"max-image-preview:large","max-video-preview":"max-video-preview:-1"},"canonical":"https:\/\/www.blarneycaravanpark.com\/de\/faqs\/","og_locale":"de_DE","og_type":"article","og_title":"FAQs - Blarney Caravan &amp; Camping Park","og_url":"https:\/\/www.blarneycaravanpark.com\/de\/faqs\/","og_site_name":"Blarney Caravan &amp; Camping Park","article_publisher":"https:\/\/www.facebook.com\/blarneycaravanpark","article_modified_time":"2024-10-31T19:30:46+00:00","og_image":[{"width":1200,"height":675,"url":"https:\/\/www.blarneycaravanpark.com\/wp-content\/uploads\/2021\/02\/blarney-caravan-camping-park-fb.jpg","type":"image\/jpeg"}],"twitter_card":"summary_large_image","twitter_site":"@BlarneyCamping","twitter_misc":{"Gesch\u00e4tzte Lesezeit":"3\u00a0Minuten"},"schema":{"@context":"https:\/\/schema.org","@graph":[{"@type":"WebPage","@id":"https:\/\/www.blarneycaravanpark.com\/faqs\/","url":"https:\/\/www.blarneycaravanpark.com\/faqs\/","name":"H\u00e4ufig gestellte Fragen - Blarney Caravan &amp; Camping Park","isPartOf":{"@id":"https:\/\/www.blarneycaravanpark.com\/#website"},"datePublished":"2021-01-27T18:06:03+00:00","dateModified":"2024-10-31T19:30:46+00:00","breadcrumb":{"@id":"https:\/\/www.blarneycaravanpark.com\/faqs\/#breadcrumb"},"inLanguage":"de","potentialAction":[{"@type":"ReadAction","target":["https:\/\/www.blarneycaravanpark.com\/faqs\/"]}]},{"@type":"BreadcrumbList","@id":"https:\/\/www.blarneycaravanpark.com\/faqs\/#breadcrumb","itemListElement":[{"@type":"ListItem","position":1,"name":"Home","item":"https:\/\/www.blarneycaravanpark.com\/"},{"@type":"ListItem","position":2,"name":"FAQs"}]},{"@type":"WebSite","@id":"https:\/\/www.blarneycaravanpark.com\/#website","url":"https:\/\/www.blarneycaravanpark.com\/","name":"Blarney Caravan &amp; Camping Park","description":"","publisher":{"@id":"https:\/\/www.blarneycaravanpark.com\/#organization"},"potentialAction":[{"@type":"SearchAction","target":{"@type":"EntryPoint","urlTemplate":"https:\/\/www.blarneycaravanpark.com\/?s={search_term_string}"},"query-input":{"@type":"PropertyValueSpecification","valueRequired":true,"valueName":"search_term_string"}}],"inLanguage":"de"},{"@type":"Organization","@id":"https:\/\/www.blarneycaravanpark.com\/#organization","name":"Blarney Caravan &amp; Camping Park","url":"https:\/\/www.blarneycaravanpark.com\/","logo":{"@type":"ImageObject","inLanguage":"de","@id":"https:\/\/www.blarneycaravanpark.com\/#\/schema\/logo\/image\/","url":"https:\/\/www.blarneycaravanpark.com\/wp-content\/uploads\/2021\/02\/cropped-Blarney-Caravan-Camping-Park-Logo.png","contentUrl":"https:\/\/www.blarneycaravanpark.com\/wp-content\/uploads\/2021\/02\/cropped-Blarney-Caravan-Camping-Park-Logo.png","width":250,"height":94,"caption":"Blarney Caravan & Camping Park"},"image":{"@id":"https:\/\/www.blarneycaravanpark.com\/#\/schema\/logo\/image\/"},"sameAs":["https:\/\/www.facebook.com\/blarneycaravanpark","https:\/\/x.com\/BlarneyCamping","https:\/\/www.youtube.com\/channel\/UCqkxfXD3s2Q03lai8W_BK1g"]}]}},"featured_image_src":null,"featured_image_src_square":null,"_links":{"self":[{"href":"https:\/\/www.blarneycaravanpark.com\/de\/wp-json\/wp\/v2\/pages\/611","targetHints":{"allow":["GET"]}}],"collection":[{"href":"https:\/\/www.blarneycaravanpark.com\/de\/wp-json\/wp\/v2\/pages"}],"about":[{"href":"https:\/\/www.blarneycaravanpark.com\/de\/wp-json\/wp\/v2\/types\/page"}],"author":[{"embeddable":true,"href":"https:\/\/www.blarneycaravanpark.com\/de\/wp-json\/wp\/v2\/users\/2"}],"replies":[{"embeddable":true,"href":"https:\/\/www.blarneycaravanpark.com\/de\/wp-json\/wp\/v2\/comments?post=611"}],"version-history":[{"count":0,"href":"https:\/\/www.blarneycaravanpark.com\/de\/wp-json\/wp\/v2\/pages\/611\/revisions"}],"wp:attachment":[{"href":"https:\/\/www.blarneycaravanpark.com\/de\/wp-json\/wp\/v2\/media?parent=611"}],"curies":[{"name":"wp","href":"https:\/\/api.w.org\/{rel}","templated":true}]}}