{"id":636,"date":"2021-01-29T14:54:18","date_gmt":"2021-01-29T14:54:18","guid":{"rendered":"https:\/\/www.blarneycaravanpark.com\/?page_id=636"},"modified":"2025-10-26T20:53:37","modified_gmt":"2025-10-26T20:53:37","slug":"fees","status":"publish","type":"page","link":"https:\/\/www.blarneycaravanpark.com\/de\/fees\/","title":{"rendered":"Honorare"},"content":{"rendered":"<div class=\"wp-block-genesis-blocks-gb-columns gb-layout-columns-1 one-column gb-columns-center\"><div class=\"gb-layout-column-wrap gb-block-layout-column-gap-2 gb-is-responsive-column\" style=\"max-width:800px\">\n<div class=\"wp-block-genesis-blocks-gb-column gb-block-layout-column\"><div class=\"gb-block-layout-column-inner\">\n<h3 class=\"wp-block-heading\">Stellplatzpreise im Blarney Caravan Park 2026<\/h3>\n\n\n\n<p>\u00d6ffnungszeiten: 1. April bis 26. Oktober 2026<\/p>\n\n\n\n<div class=\"wp-block-buttons is-horizontal is-content-justification-center is-layout-flex wp-container-core-buttons-is-layout-499968f5 wp-block-buttons-is-layout-flex\">\n<div class=\"wp-block-button\"><a class=\"wp-block-button__link has-background wp-element-button\" href=\"https:\/\/blarneycaravanpark.campmanager.com\/CheckAvailability.asp?URL=CheckAvailability.asp\" style=\"background-color:#507400\">BUCHEN SIE JETZT<\/a><\/div>\n<\/div>\n\n\n\n<figure class=\"wp-block-table is-style-stripes\"><table><thead><tr><th>Pro Nacht<\/th><th>Juli August<\/th><th>Rest der Saison<\/th><\/tr><\/thead><tbody><tr><td>Wohnmobil\/Wohnwagen + 2 Erwachsene<\/td><td>\u20ac43.00<\/td><td>\u20ac38.00<\/td><\/tr><tr><td>Wohnmobil\/Wohnwagen + 2 Erwachsene + 2 Kinder<\/td><td>\u20ac51.00<\/td><td>\u20ac46.00<\/td><\/tr><tr><td>Zelt f\u00fcr 2 Erwachsene + 2 Kinder<\/td><td>\u20ac51.00<\/td><td>\u20ac46.00<\/td><\/tr><tr><td>Markise<\/td><td>\u20ac0.00<\/td><td>\u20ac0.00<\/td><\/tr><tr><td>Zus\u00e4tzliches Auto<\/td><td>\u20ac2.50<\/td><td>\u20ac2.50<\/td><\/tr><tr><td>Zus\u00e4tzliches Zelt<\/td><td>\u20ac5.00<\/td><td>\u20ac5.00<\/td><\/tr><tr><td>Auto &amp; 2-Personen-Zelt + 2 Erwachsene<\/td><td>\u20ac41.00<\/td><td>\u20ac37.00<\/td><\/tr><tr><td>Motorradfahrer inkl. Zelt pro Person<\/td><td>\u20ac20.00<\/td><td>\u20ac18.00<\/td><\/tr><tr><td>Wanderer\/Radfahrer inkl. Zelt pro Person<\/td><td>\u20ac20.00<\/td><td>\u20ac18.00<\/td><\/tr><tr><td>Zus\u00e4tzliche Erwachsene<\/td><td>\u20ac7.00<\/td><td>\u20ac7.00<\/td><\/tr><tr><td>Zus\u00e4tzliches Kind (unter 14 Jahren)<\/td><td>\u20ac4.00<\/td><td>\u20ac4.00<\/td><\/tr><tr><td>Strom 10 Ampere<\/td><td>Frei<\/td><td>Frei<\/td><\/tr><tr><td>Duschen<\/td><td>Frei<\/td><td>Frei<\/td><\/tr><\/tbody><\/table><\/figure>\n\n\n\n<p><\/p>\n\n\n<div class=\"wp-block-image\">\n<figure class=\"aligncenter size-full\"><img decoding=\"async\" width=\"120\" height=\"91\" src=\"https:\/\/www.blarneycaravanpark.com\/wp-content\/uploads\/2023\/04\/Cr-Card-Symbol-e1680811047211.jpg\" alt=\"Credit Cards accepted\" class=\"wp-image-1027\" srcset=\"https:\/\/www.blarneycaravanpark.com\/wp-content\/uploads\/2023\/04\/Cr-Card-Symbol-e1680811047211.jpg 120w, https:\/\/www.blarneycaravanpark.com\/wp-content\/uploads\/2023\/04\/Cr-Card-Symbol-e1680811047211-16x12.jpg 16w\" sizes=\"(max-width: 120px) 100vw, 120px\" \/><\/figure>\n<\/div>\n\n\n<p><strong>Bitte beachten Sie: Wir haben vor Ort keine Mobilheime oder Wohnwagen zu vermieten, da der Blarney Caravan Park nur f\u00fcr Touren ist<\/strong><\/p>\n\n\n\n<p>Wir k\u00f6nnen keine Nutzfahrzeuge oder andere Einheiten als bestimmte Touristeneinheiten unterbringen<\/p>\n\n\n\n<p>Hunde sind willkommen, m\u00fcssen aber immer an der kurzen Leine gef\u00fchrt werden<\/p>\n\n\n\n<p>Alle Stellpl\u00e4tze m\u00fcssen am Abreisetag bis Mittag ger\u00e4umt sein.<\/p>\n\n\n\n<p><strong>Vorausbuchungen<\/strong><\/p>\n\n\n\n<p>Eine Voranmeldung ist unbedingt erforderlich, insbesondere an Wochenenden, Feiertagen und im Juli und August.<\/p>\n\n\n\n<p>Buchungen k\u00f6nnen online unter vorgenommen werden <a href=\"https:\/\/www.blarneycaravanpark.com\/de\/\">www.blarneycaravanpark.com<\/a> oder telefonisch an der Rezeption <a href=\"Tel:+353214516519\">+353 214516519<\/a>.<\/p>\n\n\n\n<h3 class=\"wp-block-heading\"><strong>Ankunft \/ versp\u00e4tete Ankunft<\/strong><\/h3>\n\n\n\n<p>Ihre Anreise ist ab 12.00 Uhr (mittags) willkommen.<\/p>\n\n\n\n<p>Die Rezeption ist jeden Abend bis 21:00 Uhr f\u00fcr den Check-in ge\u00f6ffnet.<\/p>\n\n\n\n<p>Wenn Sie nach dieser Zeit anreisen m\u00f6chten, informieren Sie die Rezeption bitte telefonisch unter 00353 214516519, damit entsprechende Vorkehrungen getroffen werden k\u00f6nnen.<\/p>\n\n\n\n<h3 class=\"wp-block-heading\"><strong>Dienstleistungen<\/strong><\/h3>\n\n\n\n<p>Wohnwagen-\/Wohnmobilstellpl\u00e4tze sind sowohl befestigt als auch grasbewachsen mit 10 Ampere Strom.<\/p>\n\n\n\n<p>Einige Hardstand-Stellpl\u00e4tze verf\u00fcgen \u00fcber Wasser und eine gemeinsame Entsorgungsanlage f\u00fcr Grauwasserabf\u00e4lle. Diese k\u00f6nnen bei der Buchung angefragt werden.<\/p>\n\n\n\n<p>Zeltpl\u00e4tze befinden sich auf einer Rasenfl\u00e4che und begrenzte Stromanschl\u00fcsse sind auf Anfrage und gegen Aufpreis verf\u00fcgbar.<\/p>\n\n\n\n<h3 class=\"wp-block-heading\"><strong>Markisen<\/strong><\/h3>\n\n\n\n<p>Die meisten Stellpl\u00e4tze k\u00f6nnen mit Vorzelten ausgestattet werden und sollten bei der Buchung angegeben werden.<\/p>\n<\/div><\/div>\n<\/div><\/div>","protected":false},"excerpt":{"rendered":"","protected":false},"author":2,"featured_media":0,"parent":0,"menu_order":0,"comment_status":"closed","ping_status":"closed","template":"","meta":{"_genesis_hide_title":false,"_genesis_hide_breadcrumbs":false,"_genesis_hide_singular_image":false,"_genesis_hide_footer_widgets":false,"_genesis_custom_body_class":"","_genesis_custom_post_class":"","_genesis_layout":"","footnotes":""},"class_list":{"0":"post-636","1":"page","2":"type-page","3":"status-publish","5":"entry"},"yoast_head":"<!-- This site is optimized with the Yoast SEO plugin v27.5 - https:\/\/yoast.com\/product\/yoast-seo-wordpress\/ -->\n<title>Fees - Blarney Caravan &amp; Camping Park<\/title>\n<meta name=\"description\" content=\"Fees for camping in Blarney. Open 2nd June until 25 October 2021. Caravan\/motorhome pitches are both hard standing and grass.\" \/>\n<meta name=\"robots\" content=\"index, follow, max-snippet:-1, max-image-preview:large, max-video-preview:-1\" \/>\n<link rel=\"canonical\" href=\"https:\/\/www.blarneycaravanpark.com\/de\/fees\/\" \/>\n<meta property=\"og:locale\" content=\"de_DE\" \/>\n<meta property=\"og:type\" content=\"article\" \/>\n<meta property=\"og:title\" content=\"Fees - Blarney Caravan &amp; Camping Park\" \/>\n<meta property=\"og:description\" content=\"Fees for camping in Blarney. Open 2nd June until 25 October 2021. Caravan\/motorhome pitches are both hard standing and grass.\" \/>\n<meta property=\"og:url\" content=\"https:\/\/www.blarneycaravanpark.com\/de\/fees\/\" \/>\n<meta property=\"og:site_name\" content=\"Blarney Caravan &amp; Camping Park\" \/>\n<meta property=\"article:publisher\" content=\"https:\/\/www.facebook.com\/blarneycaravanpark\" \/>\n<meta property=\"article:modified_time\" content=\"2025-10-26T20:53:37+00:00\" \/>\n<meta property=\"og:image\" content=\"https:\/\/www.blarneycaravanpark.com\/wp-content\/uploads\/2023\/04\/Cr-Card-Symbol-e1680811047211.jpg\" \/>\n\t<meta property=\"og:image:width\" content=\"120\" \/>\n\t<meta property=\"og:image:height\" content=\"91\" \/>\n\t<meta property=\"og:image:type\" content=\"image\/jpeg\" \/>\n<meta name=\"twitter:card\" content=\"summary_large_image\" \/>\n<meta name=\"twitter:site\" content=\"@BlarneyCamping\" \/>\n<meta name=\"twitter:label1\" content=\"Gesch\u00e4tzte Lesezeit\" \/>\n\t<meta name=\"twitter:data1\" content=\"2\u00a0Minuten\" \/>\n<script type=\"application\/ld+json\" class=\"yoast-schema-graph\">{\"@context\":\"https:\\\/\\\/schema.org\",\"@graph\":[{\"@type\":\"WebPage\",\"@id\":\"https:\\\/\\\/www.blarneycaravanpark.com\\\/fees\\\/\",\"url\":\"https:\\\/\\\/www.blarneycaravanpark.com\\\/fees\\\/\",\"name\":\"Fees - Blarney Caravan &amp; Camping Park\",\"isPartOf\":{\"@id\":\"https:\\\/\\\/www.blarneycaravanpark.com\\\/#website\"},\"primaryImageOfPage\":{\"@id\":\"https:\\\/\\\/www.blarneycaravanpark.com\\\/fees\\\/#primaryimage\"},\"image\":{\"@id\":\"https:\\\/\\\/www.blarneycaravanpark.com\\\/fees\\\/#primaryimage\"},\"thumbnailUrl\":\"https:\\\/\\\/www.blarneycaravanpark.com\\\/wp-content\\\/uploads\\\/2023\\\/04\\\/Cr-Card-Symbol-e1680811047211.jpg\",\"datePublished\":\"2021-01-29T14:54:18+00:00\",\"dateModified\":\"2025-10-26T20:53:37+00:00\",\"description\":\"Fees for camping in Blarney. Open 2nd June until 25 October 2021. Caravan\\\/motorhome pitches are both hard standing and grass.\",\"breadcrumb\":{\"@id\":\"https:\\\/\\\/www.blarneycaravanpark.com\\\/fees\\\/#breadcrumb\"},\"inLanguage\":\"de\",\"potentialAction\":[{\"@type\":\"ReadAction\",\"target\":[\"https:\\\/\\\/www.blarneycaravanpark.com\\\/fees\\\/\"]}]},{\"@type\":\"ImageObject\",\"inLanguage\":\"de\",\"@id\":\"https:\\\/\\\/www.blarneycaravanpark.com\\\/fees\\\/#primaryimage\",\"url\":\"https:\\\/\\\/www.blarneycaravanpark.com\\\/wp-content\\\/uploads\\\/2023\\\/04\\\/Cr-Card-Symbol-e1680811047211.jpg\",\"contentUrl\":\"https:\\\/\\\/www.blarneycaravanpark.com\\\/wp-content\\\/uploads\\\/2023\\\/04\\\/Cr-Card-Symbol-e1680811047211.jpg\"},{\"@type\":\"BreadcrumbList\",\"@id\":\"https:\\\/\\\/www.blarneycaravanpark.com\\\/fees\\\/#breadcrumb\",\"itemListElement\":[{\"@type\":\"ListItem\",\"position\":1,\"name\":\"Home\",\"item\":\"https:\\\/\\\/www.blarneycaravanpark.com\\\/\"},{\"@type\":\"ListItem\",\"position\":2,\"name\":\"Fees\"}]},{\"@type\":\"WebSite\",\"@id\":\"https:\\\/\\\/www.blarneycaravanpark.com\\\/#website\",\"url\":\"https:\\\/\\\/www.blarneycaravanpark.com\\\/\",\"name\":\"Blarney Caravan &amp; Camping Park\",\"description\":\"\",\"publisher\":{\"@id\":\"https:\\\/\\\/www.blarneycaravanpark.com\\\/#organization\"},\"potentialAction\":[{\"@type\":\"SearchAction\",\"target\":{\"@type\":\"EntryPoint\",\"urlTemplate\":\"https:\\\/\\\/www.blarneycaravanpark.com\\\/?s={search_term_string}\"},\"query-input\":{\"@type\":\"PropertyValueSpecification\",\"valueRequired\":true,\"valueName\":\"search_term_string\"}}],\"inLanguage\":\"de\"},{\"@type\":\"Organization\",\"@id\":\"https:\\\/\\\/www.blarneycaravanpark.com\\\/#organization\",\"name\":\"Blarney Caravan & Camping Park\",\"url\":\"https:\\\/\\\/www.blarneycaravanpark.com\\\/\",\"logo\":{\"@type\":\"ImageObject\",\"inLanguage\":\"de\",\"@id\":\"https:\\\/\\\/www.blarneycaravanpark.com\\\/#\\\/schema\\\/logo\\\/image\\\/\",\"url\":\"https:\\\/\\\/www.blarneycaravanpark.com\\\/wp-content\\\/uploads\\\/2021\\\/02\\\/cropped-Blarney-Caravan-Camping-Park-Logo.png\",\"contentUrl\":\"https:\\\/\\\/www.blarneycaravanpark.com\\\/wp-content\\\/uploads\\\/2021\\\/02\\\/cropped-Blarney-Caravan-Camping-Park-Logo.png\",\"width\":250,\"height\":94,\"caption\":\"Blarney Caravan & Camping Park\"},\"image\":{\"@id\":\"https:\\\/\\\/www.blarneycaravanpark.com\\\/#\\\/schema\\\/logo\\\/image\\\/\"},\"sameAs\":[\"https:\\\/\\\/www.facebook.com\\\/blarneycaravanpark\",\"https:\\\/\\\/x.com\\\/BlarneyCamping\",\"https:\\\/\\\/www.youtube.com\\\/channel\\\/UCqkxfXD3s2Q03lai8W_BK1g\"]}]}<\/script>\n<!-- \/ Yoast SEO plugin. -->","yoast_head_json":{"title":"Geb\u00fchren - Blarney Caravan &amp; Camping Park","description":"Campinggeb\u00fchren in Blarney. Ge\u00f6ffnet vom 2. Juni bis 25. Oktober 2021. Stellpl\u00e4tze f\u00fcr Wohnwagen und Wohnmobile sind teils befestigt, teils mit Rasen.","robots":{"index":"index","follow":"follow","max-snippet":"max-snippet:-1","max-image-preview":"max-image-preview:large","max-video-preview":"max-video-preview:-1"},"canonical":"https:\/\/www.blarneycaravanpark.com\/de\/fees\/","og_locale":"de_DE","og_type":"article","og_title":"Fees - Blarney Caravan &amp; Camping Park","og_description":"Fees for camping in Blarney. Open 2nd June until 25 October 2021. Caravan\/motorhome pitches are both hard standing and grass.","og_url":"https:\/\/www.blarneycaravanpark.com\/de\/fees\/","og_site_name":"Blarney Caravan &amp; Camping Park","article_publisher":"https:\/\/www.facebook.com\/blarneycaravanpark","article_modified_time":"2025-10-26T20:53:37+00:00","og_image":[{"width":120,"height":91,"url":"https:\/\/www.blarneycaravanpark.com\/wp-content\/uploads\/2023\/04\/Cr-Card-Symbol-e1680811047211.jpg","type":"image\/jpeg"}],"twitter_card":"summary_large_image","twitter_site":"@BlarneyCamping","twitter_misc":{"Gesch\u00e4tzte Lesezeit":"2\u00a0Minuten"},"schema":{"@context":"https:\/\/schema.org","@graph":[{"@type":"WebPage","@id":"https:\/\/www.blarneycaravanpark.com\/fees\/","url":"https:\/\/www.blarneycaravanpark.com\/fees\/","name":"Geb\u00fchren - Blarney Caravan &amp; Camping Park","isPartOf":{"@id":"https:\/\/www.blarneycaravanpark.com\/#website"},"primaryImageOfPage":{"@id":"https:\/\/www.blarneycaravanpark.com\/fees\/#primaryimage"},"image":{"@id":"https:\/\/www.blarneycaravanpark.com\/fees\/#primaryimage"},"thumbnailUrl":"https:\/\/www.blarneycaravanpark.com\/wp-content\/uploads\/2023\/04\/Cr-Card-Symbol-e1680811047211.jpg","datePublished":"2021-01-29T14:54:18+00:00","dateModified":"2025-10-26T20:53:37+00:00","description":"Campinggeb\u00fchren in Blarney. Ge\u00f6ffnet vom 2. Juni bis 25. Oktober 2021. Stellpl\u00e4tze f\u00fcr Wohnwagen und Wohnmobile sind teils befestigt, teils mit Rasen.","breadcrumb":{"@id":"https:\/\/www.blarneycaravanpark.com\/fees\/#breadcrumb"},"inLanguage":"de","potentialAction":[{"@type":"ReadAction","target":["https:\/\/www.blarneycaravanpark.com\/fees\/"]}]},{"@type":"ImageObject","inLanguage":"de","@id":"https:\/\/www.blarneycaravanpark.com\/fees\/#primaryimage","url":"https:\/\/www.blarneycaravanpark.com\/wp-content\/uploads\/2023\/04\/Cr-Card-Symbol-e1680811047211.jpg","contentUrl":"https:\/\/www.blarneycaravanpark.com\/wp-content\/uploads\/2023\/04\/Cr-Card-Symbol-e1680811047211.jpg"},{"@type":"BreadcrumbList","@id":"https:\/\/www.blarneycaravanpark.com\/fees\/#breadcrumb","itemListElement":[{"@type":"ListItem","position":1,"name":"Home","item":"https:\/\/www.blarneycaravanpark.com\/"},{"@type":"ListItem","position":2,"name":"Fees"}]},{"@type":"WebSite","@id":"https:\/\/www.blarneycaravanpark.com\/#website","url":"https:\/\/www.blarneycaravanpark.com\/","name":"Blarney Caravan &amp; Camping Park","description":"","publisher":{"@id":"https:\/\/www.blarneycaravanpark.com\/#organization"},"potentialAction":[{"@type":"SearchAction","target":{"@type":"EntryPoint","urlTemplate":"https:\/\/www.blarneycaravanpark.com\/?s={search_term_string}"},"query-input":{"@type":"PropertyValueSpecification","valueRequired":true,"valueName":"search_term_string"}}],"inLanguage":"de"},{"@type":"Organization","@id":"https:\/\/www.blarneycaravanpark.com\/#organization","name":"Blarney Caravan &amp; Camping Park","url":"https:\/\/www.blarneycaravanpark.com\/","logo":{"@type":"ImageObject","inLanguage":"de","@id":"https:\/\/www.blarneycaravanpark.com\/#\/schema\/logo\/image\/","url":"https:\/\/www.blarneycaravanpark.com\/wp-content\/uploads\/2021\/02\/cropped-Blarney-Caravan-Camping-Park-Logo.png","contentUrl":"https:\/\/www.blarneycaravanpark.com\/wp-content\/uploads\/2021\/02\/cropped-Blarney-Caravan-Camping-Park-Logo.png","width":250,"height":94,"caption":"Blarney Caravan & Camping Park"},"image":{"@id":"https:\/\/www.blarneycaravanpark.com\/#\/schema\/logo\/image\/"},"sameAs":["https:\/\/www.facebook.com\/blarneycaravanpark","https:\/\/x.com\/BlarneyCamping","https:\/\/www.youtube.com\/channel\/UCqkxfXD3s2Q03lai8W_BK1g"]}]}},"featured_image_src":null,"featured_image_src_square":null,"_links":{"self":[{"href":"https:\/\/www.blarneycaravanpark.com\/de\/wp-json\/wp\/v2\/pages\/636","targetHints":{"allow":["GET"]}}],"collection":[{"href":"https:\/\/www.blarneycaravanpark.com\/de\/wp-json\/wp\/v2\/pages"}],"about":[{"href":"https:\/\/www.blarneycaravanpark.com\/de\/wp-json\/wp\/v2\/types\/page"}],"author":[{"embeddable":true,"href":"https:\/\/www.blarneycaravanpark.com\/de\/wp-json\/wp\/v2\/users\/2"}],"replies":[{"embeddable":true,"href":"https:\/\/www.blarneycaravanpark.com\/de\/wp-json\/wp\/v2\/comments?post=636"}],"version-history":[{"count":2,"href":"https:\/\/www.blarneycaravanpark.com\/de\/wp-json\/wp\/v2\/pages\/636\/revisions"}],"predecessor-version":[{"id":1102,"href":"https:\/\/www.blarneycaravanpark.com\/de\/wp-json\/wp\/v2\/pages\/636\/revisions\/1102"}],"wp:attachment":[{"href":"https:\/\/www.blarneycaravanpark.com\/de\/wp-json\/wp\/v2\/media?parent=636"}],"curies":[{"name":"wp","href":"https:\/\/api.w.org\/{rel}","templated":true}]}}