{"id":831,"date":"2021-02-09T15:08:05","date_gmt":"2021-02-09T15:08:05","guid":{"rendered":"https:\/\/www.blarneycaravanpark.com\/?page_id=831"},"modified":"2021-02-09T15:08:07","modified_gmt":"2021-02-09T15:08:07","slug":"accessibility-statement","status":"publish","type":"page","link":"https:\/\/www.blarneycaravanpark.com\/de\/accessibility-statement\/","title":{"rendered":"Erkl\u00e4rung zur Barrierefreiheit"},"content":{"rendered":"<div class=\"wp-block-genesis-blocks-gb-columns gb-layout-columns-1 one-column gb-columns-center\"><div class=\"gb-layout-column-wrap gb-block-layout-column-gap-2 gb-is-responsive-column\" style=\"max-width:1080px\">\n<div class=\"wp-block-genesis-blocks-gb-column gb-block-layout-column\"><div class=\"gb-block-layout-column-inner\">\n<p><strong>Blarney Caravan &amp; Camping Park Barrierefreiheitserkl\u00e4rung<\/strong><\/p>\n\n\n\n<p><strong>Einf\u00fchrung<\/strong><br>Unser Park ist ein Touring-Ferienpark mit Stellpl\u00e4tzen f\u00fcr Wohnwagen, Wohnmobile und Zelte. Wir haben uns bem\u00fcht, die Zug\u00e4nglichkeit des Gel\u00e4ndes und der Einrichtungen zu verbessern, um den Bed\u00fcrfnissen unserer Besucher in vollem Umfang gerecht zu werden, damit jeder seinen Aufenthalt bei uns im Blarney Caravan &amp; Camping Park wirklich genie\u00dfen kann.<\/p>\n\n\n\n<p><strong>Vor Ankunft:<\/strong><\/p>\n\n\n\n<ul class=\"wp-block-list\"><li>Wir haben eine umfangreiche Website mit Bildern und Videos des Parks und seiner Einrichtungen.<\/li><li>Buchungen und Anfragen sind m\u00f6glich\u00a0<a href=\"https:\/\/blarneycaravanpark.campstead.com\/CheckAvailability.asp\">online<\/a>\u00a0oder per E-Mail, Telefon oder Brief<\/li><li>Unsere Mitarbeiter sind immer gerne bereit, unsere Einrichtungen und Ihre Anliegen zu besprechen, auch bevor eine Buchung vorgenommen wird. Bitte z\u00f6gern Sie nicht, danach zu fragen.<\/li><li>Wenn es f\u00fcr Sie hilfreich w\u00e4re, werden wir versuchen, einen Stellplatz so nah wie m\u00f6glich am Sanit\u00e4rgeb\u00e4ude zu reservieren, wenn Sie uns bei der Reservierung alle Einzelheiten Ihres Wunsches mitteilen<\/li><\/ul>\n\n\n\n<p><strong>Ankunfts- und Parkm\u00f6glichkeiten<\/strong><\/p>\n\n\n\n<ul class=\"wp-block-list\"><li>Es gibt einen asphaltierten Parkplatz vor der Rezeption, der leicht abfallend ist.<\/li><li>Auf dem Parkplatz der Rezeption befindet sich ein deutlich gekennzeichneter, ebenerdiger, barrierefreier Parkplatz.<\/li><\/ul>\n\n\n\n<p><strong>Haupteingang, Rezeption\/Shop<\/strong><\/p>\n\n\n\n<ul class=\"wp-block-list\"><li>F\u00fcr Rollst\u00fchle und Kinderwagen gibt es einen Rampenzugang mit Handlauf zur Rezeption\/Shop<\/li><li>Die Eingangs-\/Gesch\u00e4ftst\u00fcr bietet ausreichend Zugang f\u00fcr Rollst\u00fchle.<\/li><li>Die \u00d6ffnungszeiten sind von 9 bis 21 Uhr<\/li><li>Eine Klingel, mit der Sie das Personal in ruhigen Zeiten und au\u00dferhalb der Gesch\u00e4ftszeiten erreichen k\u00f6nnen, befindet sich auf einer zug\u00e4nglichen Ebene an der Hauptt\u00fcr<\/li><li>Touristische Informationen sind an der Rezeption erh\u00e4ltlich, einschlie\u00dflich Notdienst-Kontaktnummern.<\/li><li>Nach der Registrierung an der Rezeption k\u00f6nnen G\u00e4ste den Park \u00fcber eine elektronische Schranke betreten, die von einem Schl\u00fcsselanh\u00e4nger bedient wird<\/li><li>Unser kleiner Laden ist im Juli und August gef\u00fcllt und f\u00fchrt Grundbedarf wie frische Milch, Mineralien, Snacks und Campinggas. In Blarney Village gibt es mehrere Gesch\u00e4fte, darunter einen Super Valu-Supermarkt.<\/li><\/ul>\n\n\n\n<p><strong>\u00d6ffentliche Fl\u00e4chen<\/strong><\/p>\n\n\n\n<ul class=\"wp-block-list\"><li>Im gesamten Park gilt eine strenge Geschwindigkeitsbegrenzung von 15 km, um die Sicherheit unserer G\u00e4ste zu gew\u00e4hrleisten.<\/li><li>Das Gel\u00e4nde liegt an einem sanften Hang und der Weg hinunter zu den Einrichtungen f\u00fchrt steil bergab und hat einen Handlauf<\/li><li>Die zentrale Hauptzufahrtsstra\u00dfe wird mit einem gut konsolidierten harten Kern vorbereitet, der mit Teer und verdichteten Granitsplitt abgerundet wird.<\/li><li>Die \u00f6ffentlichen Bereiche sind nachts gut beleuchtet<\/li><\/ul>\n\n\n\n<p><strong>Stellpl\u00e4tze &amp; Gel\u00e4nde<\/strong><\/p>\n\n\n\n<ul class=\"wp-block-list\"><li>Der Standort verf\u00fcgt \u00fcber 40 individuelle Hardstand-Stellpl\u00e4tze f\u00fcr Wohnwagen und Wohnmobile. Die Stellpl\u00e4tze befinden sich auf ziemlich ebenem Boden, aber auf einer h\u00f6heren Ebene als der Rezeptionsbereich, das Gesch\u00e4ft und die Gemeinschaftseinrichtungen. Zufahrtswege und Stellpl\u00e4tze sind Kiesbelag.<\/li><li>Alle Hardstand-Stellpl\u00e4tze sind mit Stromanschluss ausgestattet und einige haben auch individuelle Wasserh\u00e4hne.<\/li><li>Es gibt einen separaten Campingbereich auf Gras und eine begrenzte Anzahl hat einen Stromanschluss.<\/li><li>Das Parken neben Ihrem Wohnwagen oder Zelt ist erlaubt.<\/li><li>Es gibt einen kleinen eingez\u00e4unten Kinderspielplatz auf Gras mit Sicherheitsmatten, die unter einigen Spielger\u00e4ten integriert sind.<\/li><li>Hunde sind nur gestattet, wenn sie stets an der Leine gef\u00fchrt werden. Es gibt ein separates Feld, das f\u00fcr einen Hundespaziergang genutzt werden kann.<\/li><li>Alle Rasenfl\u00e4chen werden regelm\u00e4\u00dfig gem\u00e4ht.<\/li><li>Wenn unsere Kunden einen Stellplatz in der N\u00e4he des Sanit\u00e4rgeb\u00e4udes w\u00fcnschen, werden wir uns bem\u00fchen, dieser Bitte nachzukommen, wenn sie w\u00e4hrend ihrer Reservierung gemacht wird.<\/li><li>Es gibt einen 18-Loch-Pitch &amp; Putt-Platz, der \u00fcber einen Kieswegeingang verf\u00fcgt und nicht vollst\u00e4ndig zug\u00e4nglich ist.<\/li><\/ul>\n\n\n\n<p><strong>Toiletten- und Waschm\u00f6glichkeiten<\/strong><\/p>\n\n\n\n<ul class=\"wp-block-list\"><li>Alle Toiletten, Duschen, K\u00fcche, Waschk\u00fcche und Fernsehraum befinden sich in einem Bereich und sind deutlich gekennzeichnet.<\/li><li>Der Weg hinunter zu den Einrichtungen ist steil abfallend mit einem Betonweg und hat einen Handlauf, um den Zugang zu erleichtern<\/li><li>Es gibt ein rollstuhlgerechtes kombiniertes WC und eine Dusche mit Haltegriffen in einem separaten Raum mit Rampen- und Handlaufzugang. Die Dusche hat einen ebenerdigen Zugang und es gibt einen umklappbaren Sitz und einen freistehenden Stuhl. Das Waschbecken hat einen Hebelhahn. Es ist ein Zugschnuralarm eingebaut, falls Hilfe ben\u00f6tigt wird<\/li><li>Der Haupttoilettenblock verf\u00fcgt \u00fcber separate Damen-, Herren- und Duschkabinen und ist deutlich gekennzeichnet.<\/li><li>Die Waschk\u00fcche verf\u00fcgt \u00fcber zwei Waschmaschinen und zwei Trockner. Die Waschmaschinen sind m\u00fcnzbetrieben und f\u00fcr Kunden mit Behinderungen nicht zug\u00e4nglich. F\u00fcr Rollstuhlfahrer, die alleine Urlaub machen, k\u00f6nnen wir eine Servicew\u00e4sche anbieten.<\/li><li>Es gibt eine gro\u00dfe Camper-K\u00fcche mit Sp\u00fclbecken. Hebelh\u00e4hne sind an keiner der Sp\u00fclen im Kochbereich vorhanden und Arbeitsplatten\/Sp\u00fclen befinden sich nicht in zug\u00e4nglicher H\u00f6he.<\/li><\/ul>\n\n\n\n<p><strong>\u00d6ffentliche Verkehrsmittel &amp; Taxis<\/strong><\/p>\n\n\n\n<ul class=\"wp-block-list\"><li>Unser Park liegt 3 km n\u00f6rdlich von Blarney Village und ist \u00fcber eine schmale Stra\u00dfe bergauf zu erreichen.<\/li><li>Das ist ein lokaler Taxidienst: Castle Cabs (021) 4382222<\/li><li>Yellow Cabs, 021 4272255 ist ein 24-Stunden-Taxiservice und betreibt eine Vielzahl von Fahrzeugen, von Limousinen und Schr\u00e4ghecklimousinen bis hin zu 8-Sitzer-Minibussen und rollstuhlgerechten Fahrzeugen.<\/li><li>Es gibt eine regelm\u00e4\u00dfige Busverbindung von Blarney Village nach Cork City und Busfahrpl\u00e4ne sind an unserer Rezeption erh\u00e4ltlich.<\/li><\/ul>\n\n\n\n<p><strong>Zuk\u00fcnftige Arbeit<\/strong><\/p>\n\n\n\n<ul class=\"wp-block-list\"><li>Wir suchen nach M\u00f6glichkeiten, das Angebot an Behinderten- und Familieneinrichtungen im gesamten Park zu erweitern.<\/li><li>Feedback und Anregungen von G\u00e4sten sind immer herzlich willkommen.<\/li><\/ul>\n\n\n\n<p><strong>Kundendienst<\/strong><\/p>\n\n\n\n<ul class=\"wp-block-list\"><li>Wir k\u00f6nnen nicht versprechen, dass unser Caravan &amp; Camping Park f\u00fcr jeden geeignet ist, aber wir freuen uns, Ihre individuellen Bed\u00fcrfnisse mit Ihnen zu besprechen. Bitte kontaktieren Sie uns und wir sprechen gerne pers\u00f6nlich mit Ihnen am Telefon oder senden Sie uns eine E-Mail mit Ihren Fragen.<\/li><li>Wenn Sie zu irgendeinem Zeitpunkt w\u00e4hrend Ihres Besuchs das Gef\u00fchl haben, dass Sie Hilfe ben\u00f6tigen, teilen Sie dies bitte einem unserer Mitarbeiter mit, die Ihnen gerne weiterhelfen<\/li><\/ul>\n\n\n\n<p>Wir haben versucht, bei der Beschreibung unserer Website und Einrichtungen in dieser Zugangserkl\u00e4rung so genau und gr\u00fcndlich wie m\u00f6glich zu sein; Wenn es Ihre spezielle Frage jedoch nicht beantwortet oder wenn Sie weitere Informationen zu unserem Standort und unseren Einrichtungen ben\u00f6tigen, z\u00f6gern Sie bitte nicht, uns zu kontaktieren. F\u00fcr spezifische Anforderungen an die Barrierefreiheit senden Sie bitte eine E-Mail\u00a0<strong><a href=\"mailto:info@blarneycaravanpark.com\">info@blarneycaravanpark.com<\/a> oder anrufen <a href=\"Tel:+353214516519\">021 4516519<\/a><\/strong><\/p>\n<\/div><\/div>\n<\/div><\/div>","protected":false},"excerpt":{"rendered":"","protected":false},"author":2,"featured_media":0,"parent":0,"menu_order":0,"comment_status":"closed","ping_status":"closed","template":"","meta":{"_genesis_hide_title":false,"_genesis_hide_breadcrumbs":false,"_genesis_hide_singular_image":false,"_genesis_hide_footer_widgets":false,"_genesis_custom_body_class":"","_genesis_custom_post_class":"","_genesis_layout":"","footnotes":""},"class_list":{"0":"post-831","1":"page","2":"type-page","3":"status-publish","5":"entry"},"yoast_head":"<!-- This site is optimized with the Yoast SEO plugin v27.5 - https:\/\/yoast.com\/product\/yoast-seo-wordpress\/ -->\n<title>Accessibility Statement - Blarney Caravan &amp; Camping Park<\/title>\n<meta name=\"description\" content=\"Our Park is a Touring holiday Park with pitches to let for Touring Caravans, Motorhomes and Tents. We have endeavoured to improve the accessibility of the site and facilities to meet the full range of our visitor\u2019s needs so that everyone can truly enjoy their stay with us at Blarney Caravan &amp; Camping Park.\" \/>\n<meta name=\"robots\" content=\"index, follow, max-snippet:-1, max-image-preview:large, max-video-preview:-1\" \/>\n<link rel=\"canonical\" href=\"https:\/\/www.blarneycaravanpark.com\/de\/accessibility-statement\/\" \/>\n<meta property=\"og:locale\" content=\"de_DE\" \/>\n<meta property=\"og:type\" content=\"article\" \/>\n<meta property=\"og:title\" content=\"Accessibility Statement - Blarney Caravan &amp; Camping Park\" \/>\n<meta property=\"og:description\" content=\"Our Park is a Touring holiday Park with pitches to let for Touring Caravans, Motorhomes and Tents. We have endeavoured to improve the accessibility of the site and facilities to meet the full range of our visitor\u2019s needs so that everyone can truly enjoy their stay with us at Blarney Caravan &amp; Camping Park.\" \/>\n<meta property=\"og:url\" content=\"https:\/\/www.blarneycaravanpark.com\/de\/accessibility-statement\/\" \/>\n<meta property=\"og:site_name\" content=\"Blarney Caravan &amp; Camping Park\" \/>\n<meta property=\"article:publisher\" content=\"https:\/\/www.facebook.com\/blarneycaravanpark\" \/>\n<meta property=\"article:modified_time\" content=\"2021-02-09T15:08:07+00:00\" \/>\n<meta property=\"og:image\" content=\"https:\/\/www.blarneycaravanpark.com\/wp-content\/uploads\/2021\/02\/blarney-caravan-camping-park-fb.jpg\" \/>\n\t<meta property=\"og:image:width\" content=\"1200\" \/>\n\t<meta property=\"og:image:height\" content=\"675\" \/>\n\t<meta property=\"og:image:type\" content=\"image\/jpeg\" \/>\n<meta name=\"twitter:card\" content=\"summary_large_image\" \/>\n<meta name=\"twitter:site\" content=\"@BlarneyCamping\" \/>\n<meta name=\"twitter:label1\" content=\"Gesch\u00e4tzte Lesezeit\" \/>\n\t<meta name=\"twitter:data1\" content=\"5\u00a0Minuten\" \/>\n<script type=\"application\/ld+json\" class=\"yoast-schema-graph\">{\"@context\":\"https:\\\/\\\/schema.org\",\"@graph\":[{\"@type\":\"WebPage\",\"@id\":\"https:\\\/\\\/www.blarneycaravanpark.com\\\/accessibility-statement\\\/\",\"url\":\"https:\\\/\\\/www.blarneycaravanpark.com\\\/accessibility-statement\\\/\",\"name\":\"Accessibility Statement - Blarney Caravan &amp; Camping Park\",\"isPartOf\":{\"@id\":\"https:\\\/\\\/www.blarneycaravanpark.com\\\/#website\"},\"datePublished\":\"2021-02-09T15:08:05+00:00\",\"dateModified\":\"2021-02-09T15:08:07+00:00\",\"description\":\"Our Park is a Touring holiday Park with pitches to let for Touring Caravans, Motorhomes and Tents. We have endeavoured to improve the accessibility of the site and facilities to meet the full range of our visitor\u2019s needs so that everyone can truly enjoy their stay with us at Blarney Caravan & Camping Park.\",\"breadcrumb\":{\"@id\":\"https:\\\/\\\/www.blarneycaravanpark.com\\\/accessibility-statement\\\/#breadcrumb\"},\"inLanguage\":\"de\",\"potentialAction\":[{\"@type\":\"ReadAction\",\"target\":[\"https:\\\/\\\/www.blarneycaravanpark.com\\\/accessibility-statement\\\/\"]}]},{\"@type\":\"BreadcrumbList\",\"@id\":\"https:\\\/\\\/www.blarneycaravanpark.com\\\/accessibility-statement\\\/#breadcrumb\",\"itemListElement\":[{\"@type\":\"ListItem\",\"position\":1,\"name\":\"Home\",\"item\":\"https:\\\/\\\/www.blarneycaravanpark.com\\\/\"},{\"@type\":\"ListItem\",\"position\":2,\"name\":\"Accessibility Statement\"}]},{\"@type\":\"WebSite\",\"@id\":\"https:\\\/\\\/www.blarneycaravanpark.com\\\/#website\",\"url\":\"https:\\\/\\\/www.blarneycaravanpark.com\\\/\",\"name\":\"Blarney Caravan &amp; Camping Park\",\"description\":\"\",\"publisher\":{\"@id\":\"https:\\\/\\\/www.blarneycaravanpark.com\\\/#organization\"},\"potentialAction\":[{\"@type\":\"SearchAction\",\"target\":{\"@type\":\"EntryPoint\",\"urlTemplate\":\"https:\\\/\\\/www.blarneycaravanpark.com\\\/?s={search_term_string}\"},\"query-input\":{\"@type\":\"PropertyValueSpecification\",\"valueRequired\":true,\"valueName\":\"search_term_string\"}}],\"inLanguage\":\"de\"},{\"@type\":\"Organization\",\"@id\":\"https:\\\/\\\/www.blarneycaravanpark.com\\\/#organization\",\"name\":\"Blarney Caravan & Camping Park\",\"url\":\"https:\\\/\\\/www.blarneycaravanpark.com\\\/\",\"logo\":{\"@type\":\"ImageObject\",\"inLanguage\":\"de\",\"@id\":\"https:\\\/\\\/www.blarneycaravanpark.com\\\/#\\\/schema\\\/logo\\\/image\\\/\",\"url\":\"https:\\\/\\\/www.blarneycaravanpark.com\\\/wp-content\\\/uploads\\\/2021\\\/02\\\/cropped-Blarney-Caravan-Camping-Park-Logo.png\",\"contentUrl\":\"https:\\\/\\\/www.blarneycaravanpark.com\\\/wp-content\\\/uploads\\\/2021\\\/02\\\/cropped-Blarney-Caravan-Camping-Park-Logo.png\",\"width\":250,\"height\":94,\"caption\":\"Blarney Caravan & Camping Park\"},\"image\":{\"@id\":\"https:\\\/\\\/www.blarneycaravanpark.com\\\/#\\\/schema\\\/logo\\\/image\\\/\"},\"sameAs\":[\"https:\\\/\\\/www.facebook.com\\\/blarneycaravanpark\",\"https:\\\/\\\/x.com\\\/BlarneyCamping\",\"https:\\\/\\\/www.youtube.com\\\/channel\\\/UCqkxfXD3s2Q03lai8W_BK1g\"]}]}<\/script>\n<!-- \/ Yoast SEO plugin. -->","yoast_head_json":{"title":"Erkl\u00e4rung zur Barrierefreiheit \u2013 Blarney Caravan &amp; Camping Park","description":"Unser Park ist ein Ferienpark mit Stellpl\u00e4tzen f\u00fcr Wohnwagen, Wohnmobile und Zelte. Wir haben uns bem\u00fcht, die Zug\u00e4nglichkeit des Gel\u00e4ndes und der Einrichtungen zu verbessern, um allen Bed\u00fcrfnissen unserer Besucher gerecht zu werden, damit jeder seinen Aufenthalt bei uns im Blarney Caravan &amp; Camping Park wirklich genie\u00dfen kann.","robots":{"index":"index","follow":"follow","max-snippet":"max-snippet:-1","max-image-preview":"max-image-preview:large","max-video-preview":"max-video-preview:-1"},"canonical":"https:\/\/www.blarneycaravanpark.com\/de\/accessibility-statement\/","og_locale":"de_DE","og_type":"article","og_title":"Accessibility Statement - Blarney Caravan &amp; Camping Park","og_description":"Our Park is a Touring holiday Park with pitches to let for Touring Caravans, Motorhomes and Tents. We have endeavoured to improve the accessibility of the site and facilities to meet the full range of our visitor\u2019s needs so that everyone can truly enjoy their stay with us at Blarney Caravan & Camping Park.","og_url":"https:\/\/www.blarneycaravanpark.com\/de\/accessibility-statement\/","og_site_name":"Blarney Caravan &amp; Camping Park","article_publisher":"https:\/\/www.facebook.com\/blarneycaravanpark","article_modified_time":"2021-02-09T15:08:07+00:00","og_image":[{"width":1200,"height":675,"url":"https:\/\/www.blarneycaravanpark.com\/wp-content\/uploads\/2021\/02\/blarney-caravan-camping-park-fb.jpg","type":"image\/jpeg"}],"twitter_card":"summary_large_image","twitter_site":"@BlarneyCamping","twitter_misc":{"Gesch\u00e4tzte Lesezeit":"5\u00a0Minuten"},"schema":{"@context":"https:\/\/schema.org","@graph":[{"@type":"WebPage","@id":"https:\/\/www.blarneycaravanpark.com\/accessibility-statement\/","url":"https:\/\/www.blarneycaravanpark.com\/accessibility-statement\/","name":"Erkl\u00e4rung zur Barrierefreiheit \u2013 Blarney Caravan &amp; Camping Park","isPartOf":{"@id":"https:\/\/www.blarneycaravanpark.com\/#website"},"datePublished":"2021-02-09T15:08:05+00:00","dateModified":"2021-02-09T15:08:07+00:00","description":"Unser Park ist ein Ferienpark mit Stellpl\u00e4tzen f\u00fcr Wohnwagen, Wohnmobile und Zelte. Wir haben uns bem\u00fcht, die Zug\u00e4nglichkeit des Gel\u00e4ndes und der Einrichtungen zu verbessern, um allen Bed\u00fcrfnissen unserer Besucher gerecht zu werden, damit jeder seinen Aufenthalt bei uns im Blarney Caravan &amp; Camping Park wirklich genie\u00dfen kann.","breadcrumb":{"@id":"https:\/\/www.blarneycaravanpark.com\/accessibility-statement\/#breadcrumb"},"inLanguage":"de","potentialAction":[{"@type":"ReadAction","target":["https:\/\/www.blarneycaravanpark.com\/accessibility-statement\/"]}]},{"@type":"BreadcrumbList","@id":"https:\/\/www.blarneycaravanpark.com\/accessibility-statement\/#breadcrumb","itemListElement":[{"@type":"ListItem","position":1,"name":"Home","item":"https:\/\/www.blarneycaravanpark.com\/"},{"@type":"ListItem","position":2,"name":"Accessibility Statement"}]},{"@type":"WebSite","@id":"https:\/\/www.blarneycaravanpark.com\/#website","url":"https:\/\/www.blarneycaravanpark.com\/","name":"Blarney Caravan &amp; Camping Park","description":"","publisher":{"@id":"https:\/\/www.blarneycaravanpark.com\/#organization"},"potentialAction":[{"@type":"SearchAction","target":{"@type":"EntryPoint","urlTemplate":"https:\/\/www.blarneycaravanpark.com\/?s={search_term_string}"},"query-input":{"@type":"PropertyValueSpecification","valueRequired":true,"valueName":"search_term_string"}}],"inLanguage":"de"},{"@type":"Organization","@id":"https:\/\/www.blarneycaravanpark.com\/#organization","name":"Blarney Caravan &amp; Camping Park","url":"https:\/\/www.blarneycaravanpark.com\/","logo":{"@type":"ImageObject","inLanguage":"de","@id":"https:\/\/www.blarneycaravanpark.com\/#\/schema\/logo\/image\/","url":"https:\/\/www.blarneycaravanpark.com\/wp-content\/uploads\/2021\/02\/cropped-Blarney-Caravan-Camping-Park-Logo.png","contentUrl":"https:\/\/www.blarneycaravanpark.com\/wp-content\/uploads\/2021\/02\/cropped-Blarney-Caravan-Camping-Park-Logo.png","width":250,"height":94,"caption":"Blarney Caravan & Camping Park"},"image":{"@id":"https:\/\/www.blarneycaravanpark.com\/#\/schema\/logo\/image\/"},"sameAs":["https:\/\/www.facebook.com\/blarneycaravanpark","https:\/\/x.com\/BlarneyCamping","https:\/\/www.youtube.com\/channel\/UCqkxfXD3s2Q03lai8W_BK1g"]}]}},"featured_image_src":null,"featured_image_src_square":null,"_links":{"self":[{"href":"https:\/\/www.blarneycaravanpark.com\/de\/wp-json\/wp\/v2\/pages\/831","targetHints":{"allow":["GET"]}}],"collection":[{"href":"https:\/\/www.blarneycaravanpark.com\/de\/wp-json\/wp\/v2\/pages"}],"about":[{"href":"https:\/\/www.blarneycaravanpark.com\/de\/wp-json\/wp\/v2\/types\/page"}],"author":[{"embeddable":true,"href":"https:\/\/www.blarneycaravanpark.com\/de\/wp-json\/wp\/v2\/users\/2"}],"replies":[{"embeddable":true,"href":"https:\/\/www.blarneycaravanpark.com\/de\/wp-json\/wp\/v2\/comments?post=831"}],"version-history":[{"count":0,"href":"https:\/\/www.blarneycaravanpark.com\/de\/wp-json\/wp\/v2\/pages\/831\/revisions"}],"wp:attachment":[{"href":"https:\/\/www.blarneycaravanpark.com\/de\/wp-json\/wp\/v2\/media?parent=831"}],"curies":[{"name":"wp","href":"https:\/\/api.w.org\/{rel}","templated":true}]}}