{"id":833,"date":"2021-02-09T15:10:28","date_gmt":"2021-02-09T15:10:28","guid":{"rendered":"https:\/\/www.blarneycaravanpark.com\/?page_id=833"},"modified":"2026-04-26T08:40:05","modified_gmt":"2026-04-26T08:40:05","slug":"environmental-management","status":"publish","type":"page","link":"https:\/\/www.blarneycaravanpark.com\/de\/environmental-management\/","title":{"rendered":"Umweltmanagement"},"content":{"rendered":"<div class=\"wp-block-genesis-blocks-gb-columns gb-layout-columns-1 one-column gb-columns-center\"><div class=\"gb-layout-column-wrap gb-block-layout-column-gap-2 gb-is-responsive-column\" style=\"max-width:1080px\">\n<div class=\"wp-block-genesis-blocks-gb-column gb-block-layout-column\"><div class=\"gb-block-layout-column-inner\">\n<p><strong>Informationen zum Umweltmanagement f\u00fcr G\u00e4ste<\/strong><\/p>\n\n\n\n<p>Bei Blarney Caravan and Camping Park k\u00fcmmern wir uns um die Umwelt. Bitte helfen Sie uns, indem Sie unsere Richtlinien lesen und die Vorschl\u00e4ge befolgen.<\/p>\n\n\n\n<p>Was wir tun\u2026<\/p>\n\n\n\n<p><strong>Recycling und M\u00fclltrennung<\/strong><\/p>\n\n\n\n<p>Wir recyceln alle unsere Glas-, Dosen-, Papier-, Karton- und Plastikflaschen. Wir haben getrennte Beh\u00e4lter f\u00fcr die Trennung Ihres wiederverwertbaren Abfalls bereitgestellt \u2013 bitte trennen Sie Ihren M\u00fcll und stellen Sie sicher, dass er in den richtigen, von uns deutlich gekennzeichneten Beh\u00e4lter entsorgt wird.<\/p>\n\n\n\n<p><strong>Energieeinsparung<\/strong><\/p>\n\n\n\n<p><\/p>\n\n\n\n<p>Zur Unterst\u00fctzung unserer Nachhaltigkeitsziele haben wir in Photovoltaik-Technologie vor Ort investiert, um erneuerbare Energie zu erzeugen.<\/p>\n\n\n\n<p>Wir haben sowohl in den Damen- als auch in den Herrenwaschr\u00e4umen automatische Lichtsensoren eingebaut und viele unserer Gl\u00fchbirnen durch energiesparende, langlebige ersetzt, um den Energieverbrauch zu senken. Alle Warmwasserh\u00e4hne sind Druckkn\u00f6pfe, um Verschwendung zu minimieren. Bitte versuchen Sie, wann immer m\u00f6glich, Energie zu sparen. Unn\u00f6tige Lichter ausschalten.<\/p>\n\n\n\n<p><\/p>\n\n\n\n<p><strong>Wassereinsparung<\/strong><\/p>\n\n\n\n<p>Wir haben Druckknopfh\u00e4hne in allen Badezimmern und Duschen. Die Duschk\u00f6pfe wurden mit Durchflussbegrenzern ausgestattet, um den Wasserverbrauch zu reduzieren. Bitte vermeiden Sie unn\u00f6tige Wasserverschwendung und stellen Sie sicher, dass die Wasserh\u00e4hne nach Gebrauch geschlossen sind.<\/p>\n\n\n\n<p><strong>Beh\u00e4lter<\/strong><\/p>\n\n\n\n<p>Wir haben in den Toiletten M\u00fclleimer f\u00fcr die Entsorgung von festen Abfallartikeln wie zum Beispiel Damenbinden bereitgestellt. Bitte entsorgen Sie solche Gegenst\u00e4nde nicht auf der Toilette.<\/p>\n\n\n\n<p><strong>Rauchen verboten<\/strong><\/p>\n\n\n\n<p>Das Rauchen ist in allen Innengeb\u00e4uden nicht gestattet. Damit sollen saubere Innenr\u00e4ume geschaffen und die irische Gesetzgebung eingehalten werden<\/p>\n\n\n\n<p><strong>Transport<\/strong><\/p>\n\n\n\n<p>Es gibt keine \u00f6ffentlichen Verkehrsmittel, die den Park bedienen, aber es gibt ein gutes \u00f6ffentliches Verkehrssystem vom Dorf Blarney (2,5 km) nach Cork City. Informationen zu den \u00f6ffentlichen Verkehrsmitteln und Busfahrpl\u00e4nen erhalten Sie an der Rezeption.<\/p>\n\n\n\n<p>Der Blarney Caravan and Camping Park ist von Gebieten von au\u00dfergew\u00f6hnlicher nat\u00fcrlicher Sch\u00f6nheit umgeben, und indem wir diese einfachen Vorschl\u00e4ge befolgen, k\u00f6nnen wir dazu beitragen, dass dies so bleibt. Wir sind nicht perfekt, aber wir bem\u00fchen uns sehr, unsere Auswirkungen auf die Umwelt zu reduzieren. Wir freuen uns \u00fcber Ihr Feedback zu M\u00f6glichkeiten, wie wir uns verbessern k\u00f6nnen, und w\u00fcrden uns \u00fcber Ihre Hilfe freuen.<\/p>\n<\/div><\/div>\n<\/div><\/div>","protected":false},"excerpt":{"rendered":"","protected":false},"author":2,"featured_media":0,"parent":0,"menu_order":0,"comment_status":"closed","ping_status":"closed","template":"","meta":{"_genesis_hide_title":false,"_genesis_hide_breadcrumbs":false,"_genesis_hide_singular_image":false,"_genesis_hide_footer_widgets":false,"_genesis_custom_body_class":"","_genesis_custom_post_class":"","_genesis_layout":"","footnotes":""},"class_list":{"0":"post-833","1":"page","2":"type-page","3":"status-publish","5":"entry"},"yoast_head":"<!-- This site is optimized with the Yoast SEO plugin v27.5 - https:\/\/yoast.com\/product\/yoast-seo-wordpress\/ -->\n<title>Environmental Management - Blarney Caravan &amp; Camping Park<\/title>\n<meta name=\"description\" content=\"At Blarney Caravan and Camping Park we care for the environment. Please help us by reading our policy and following the suggestions.\" \/>\n<meta name=\"robots\" content=\"index, follow, max-snippet:-1, max-image-preview:large, max-video-preview:-1\" \/>\n<link rel=\"canonical\" href=\"https:\/\/www.blarneycaravanpark.com\/de\/environmental-management\/\" \/>\n<meta property=\"og:locale\" content=\"de_DE\" \/>\n<meta property=\"og:type\" content=\"article\" \/>\n<meta property=\"og:title\" content=\"Environmental Management - Blarney Caravan &amp; Camping Park\" \/>\n<meta property=\"og:description\" content=\"At Blarney Caravan and Camping Park we care for the environment. Please help us by reading our policy and following the suggestions.\" \/>\n<meta property=\"og:url\" content=\"https:\/\/www.blarneycaravanpark.com\/de\/environmental-management\/\" \/>\n<meta property=\"og:site_name\" content=\"Blarney Caravan &amp; Camping Park\" \/>\n<meta property=\"article:publisher\" content=\"https:\/\/www.facebook.com\/blarneycaravanpark\" \/>\n<meta property=\"article:modified_time\" content=\"2026-04-26T08:40:05+00:00\" \/>\n<meta property=\"og:image\" content=\"https:\/\/www.blarneycaravanpark.com\/wp-content\/uploads\/2021\/02\/blarney-caravan-camping-park-fb.jpg\" \/>\n\t<meta property=\"og:image:width\" content=\"1200\" \/>\n\t<meta property=\"og:image:height\" content=\"675\" \/>\n\t<meta property=\"og:image:type\" content=\"image\/jpeg\" \/>\n<meta name=\"twitter:card\" content=\"summary_large_image\" \/>\n<meta name=\"twitter:site\" content=\"@BlarneyCamping\" \/>\n<meta name=\"twitter:label1\" content=\"Gesch\u00e4tzte Lesezeit\" \/>\n\t<meta name=\"twitter:data1\" content=\"2\u00a0Minuten\" \/>\n<script type=\"application\/ld+json\" class=\"yoast-schema-graph\">{\"@context\":\"https:\\\/\\\/schema.org\",\"@graph\":[{\"@type\":\"WebPage\",\"@id\":\"https:\\\/\\\/www.blarneycaravanpark.com\\\/environmental-management\\\/\",\"url\":\"https:\\\/\\\/www.blarneycaravanpark.com\\\/environmental-management\\\/\",\"name\":\"Environmental Management - Blarney Caravan &amp; Camping Park\",\"isPartOf\":{\"@id\":\"https:\\\/\\\/www.blarneycaravanpark.com\\\/#website\"},\"datePublished\":\"2021-02-09T15:10:28+00:00\",\"dateModified\":\"2026-04-26T08:40:05+00:00\",\"description\":\"At Blarney Caravan and Camping Park we care for the environment. Please help us by reading our policy and following the suggestions.\",\"breadcrumb\":{\"@id\":\"https:\\\/\\\/www.blarneycaravanpark.com\\\/environmental-management\\\/#breadcrumb\"},\"inLanguage\":\"de\",\"potentialAction\":[{\"@type\":\"ReadAction\",\"target\":[\"https:\\\/\\\/www.blarneycaravanpark.com\\\/environmental-management\\\/\"]}]},{\"@type\":\"BreadcrumbList\",\"@id\":\"https:\\\/\\\/www.blarneycaravanpark.com\\\/environmental-management\\\/#breadcrumb\",\"itemListElement\":[{\"@type\":\"ListItem\",\"position\":1,\"name\":\"Home\",\"item\":\"https:\\\/\\\/www.blarneycaravanpark.com\\\/\"},{\"@type\":\"ListItem\",\"position\":2,\"name\":\"Environmental Management\"}]},{\"@type\":\"WebSite\",\"@id\":\"https:\\\/\\\/www.blarneycaravanpark.com\\\/#website\",\"url\":\"https:\\\/\\\/www.blarneycaravanpark.com\\\/\",\"name\":\"Blarney Caravan &amp; Camping Park\",\"description\":\"\",\"publisher\":{\"@id\":\"https:\\\/\\\/www.blarneycaravanpark.com\\\/#organization\"},\"potentialAction\":[{\"@type\":\"SearchAction\",\"target\":{\"@type\":\"EntryPoint\",\"urlTemplate\":\"https:\\\/\\\/www.blarneycaravanpark.com\\\/?s={search_term_string}\"},\"query-input\":{\"@type\":\"PropertyValueSpecification\",\"valueRequired\":true,\"valueName\":\"search_term_string\"}}],\"inLanguage\":\"de\"},{\"@type\":\"Organization\",\"@id\":\"https:\\\/\\\/www.blarneycaravanpark.com\\\/#organization\",\"name\":\"Blarney Caravan & Camping Park\",\"url\":\"https:\\\/\\\/www.blarneycaravanpark.com\\\/\",\"logo\":{\"@type\":\"ImageObject\",\"inLanguage\":\"de\",\"@id\":\"https:\\\/\\\/www.blarneycaravanpark.com\\\/#\\\/schema\\\/logo\\\/image\\\/\",\"url\":\"https:\\\/\\\/www.blarneycaravanpark.com\\\/wp-content\\\/uploads\\\/2021\\\/02\\\/cropped-Blarney-Caravan-Camping-Park-Logo.png\",\"contentUrl\":\"https:\\\/\\\/www.blarneycaravanpark.com\\\/wp-content\\\/uploads\\\/2021\\\/02\\\/cropped-Blarney-Caravan-Camping-Park-Logo.png\",\"width\":250,\"height\":94,\"caption\":\"Blarney Caravan & Camping Park\"},\"image\":{\"@id\":\"https:\\\/\\\/www.blarneycaravanpark.com\\\/#\\\/schema\\\/logo\\\/image\\\/\"},\"sameAs\":[\"https:\\\/\\\/www.facebook.com\\\/blarneycaravanpark\",\"https:\\\/\\\/x.com\\\/BlarneyCamping\",\"https:\\\/\\\/www.youtube.com\\\/channel\\\/UCqkxfXD3s2Q03lai8W_BK1g\"]}]}<\/script>\n<!-- \/ Yoast SEO plugin. -->","yoast_head_json":{"title":"Umweltmanagement - Blarney Caravan &amp; Camping Park","description":"Im Blarney Caravan and Camping Park achten wir auf die Umwelt. Bitte helfen Sie uns, indem Sie unsere Richtlinien lesen und die Vorschl\u00e4ge befolgen.","robots":{"index":"index","follow":"follow","max-snippet":"max-snippet:-1","max-image-preview":"max-image-preview:large","max-video-preview":"max-video-preview:-1"},"canonical":"https:\/\/www.blarneycaravanpark.com\/de\/environmental-management\/","og_locale":"de_DE","og_type":"article","og_title":"Environmental Management - Blarney Caravan &amp; Camping Park","og_description":"At Blarney Caravan and Camping Park we care for the environment. Please help us by reading our policy and following the suggestions.","og_url":"https:\/\/www.blarneycaravanpark.com\/de\/environmental-management\/","og_site_name":"Blarney Caravan &amp; Camping Park","article_publisher":"https:\/\/www.facebook.com\/blarneycaravanpark","article_modified_time":"2026-04-26T08:40:05+00:00","og_image":[{"width":1200,"height":675,"url":"https:\/\/www.blarneycaravanpark.com\/wp-content\/uploads\/2021\/02\/blarney-caravan-camping-park-fb.jpg","type":"image\/jpeg"}],"twitter_card":"summary_large_image","twitter_site":"@BlarneyCamping","twitter_misc":{"Gesch\u00e4tzte Lesezeit":"2\u00a0Minuten"},"schema":{"@context":"https:\/\/schema.org","@graph":[{"@type":"WebPage","@id":"https:\/\/www.blarneycaravanpark.com\/environmental-management\/","url":"https:\/\/www.blarneycaravanpark.com\/environmental-management\/","name":"Umweltmanagement - Blarney Caravan &amp; Camping Park","isPartOf":{"@id":"https:\/\/www.blarneycaravanpark.com\/#website"},"datePublished":"2021-02-09T15:10:28+00:00","dateModified":"2026-04-26T08:40:05+00:00","description":"Im Blarney Caravan and Camping Park achten wir auf die Umwelt. Bitte helfen Sie uns, indem Sie unsere Richtlinien lesen und die Vorschl\u00e4ge befolgen.","breadcrumb":{"@id":"https:\/\/www.blarneycaravanpark.com\/environmental-management\/#breadcrumb"},"inLanguage":"de","potentialAction":[{"@type":"ReadAction","target":["https:\/\/www.blarneycaravanpark.com\/environmental-management\/"]}]},{"@type":"BreadcrumbList","@id":"https:\/\/www.blarneycaravanpark.com\/environmental-management\/#breadcrumb","itemListElement":[{"@type":"ListItem","position":1,"name":"Home","item":"https:\/\/www.blarneycaravanpark.com\/"},{"@type":"ListItem","position":2,"name":"Environmental Management"}]},{"@type":"WebSite","@id":"https:\/\/www.blarneycaravanpark.com\/#website","url":"https:\/\/www.blarneycaravanpark.com\/","name":"Blarney Caravan &amp; Camping Park","description":"","publisher":{"@id":"https:\/\/www.blarneycaravanpark.com\/#organization"},"potentialAction":[{"@type":"SearchAction","target":{"@type":"EntryPoint","urlTemplate":"https:\/\/www.blarneycaravanpark.com\/?s={search_term_string}"},"query-input":{"@type":"PropertyValueSpecification","valueRequired":true,"valueName":"search_term_string"}}],"inLanguage":"de"},{"@type":"Organization","@id":"https:\/\/www.blarneycaravanpark.com\/#organization","name":"Blarney Caravan &amp; Camping Park","url":"https:\/\/www.blarneycaravanpark.com\/","logo":{"@type":"ImageObject","inLanguage":"de","@id":"https:\/\/www.blarneycaravanpark.com\/#\/schema\/logo\/image\/","url":"https:\/\/www.blarneycaravanpark.com\/wp-content\/uploads\/2021\/02\/cropped-Blarney-Caravan-Camping-Park-Logo.png","contentUrl":"https:\/\/www.blarneycaravanpark.com\/wp-content\/uploads\/2021\/02\/cropped-Blarney-Caravan-Camping-Park-Logo.png","width":250,"height":94,"caption":"Blarney Caravan & Camping Park"},"image":{"@id":"https:\/\/www.blarneycaravanpark.com\/#\/schema\/logo\/image\/"},"sameAs":["https:\/\/www.facebook.com\/blarneycaravanpark","https:\/\/x.com\/BlarneyCamping","https:\/\/www.youtube.com\/channel\/UCqkxfXD3s2Q03lai8W_BK1g"]}]}},"featured_image_src":null,"featured_image_src_square":null,"_links":{"self":[{"href":"https:\/\/www.blarneycaravanpark.com\/de\/wp-json\/wp\/v2\/pages\/833","targetHints":{"allow":["GET"]}}],"collection":[{"href":"https:\/\/www.blarneycaravanpark.com\/de\/wp-json\/wp\/v2\/pages"}],"about":[{"href":"https:\/\/www.blarneycaravanpark.com\/de\/wp-json\/wp\/v2\/types\/page"}],"author":[{"embeddable":true,"href":"https:\/\/www.blarneycaravanpark.com\/de\/wp-json\/wp\/v2\/users\/2"}],"replies":[{"embeddable":true,"href":"https:\/\/www.blarneycaravanpark.com\/de\/wp-json\/wp\/v2\/comments?post=833"}],"version-history":[{"count":1,"href":"https:\/\/www.blarneycaravanpark.com\/de\/wp-json\/wp\/v2\/pages\/833\/revisions"}],"predecessor-version":[{"id":1121,"href":"https:\/\/www.blarneycaravanpark.com\/de\/wp-json\/wp\/v2\/pages\/833\/revisions\/1121"}],"wp:attachment":[{"href":"https:\/\/www.blarneycaravanpark.com\/de\/wp-json\/wp\/v2\/media?parent=833"}],"curies":[{"name":"wp","href":"https:\/\/api.w.org\/{rel}","templated":true}]}}