{"id":169,"date":"2020-12-18T16:10:05","date_gmt":"2020-12-18T16:10:05","guid":{"rendered":"https:\/\/www.blarneycaravanpark.com\/?page_id=169"},"modified":"2021-01-25T14:49:59","modified_gmt":"2021-01-25T14:49:59","slug":"caravans-motorhomes-camping","status":"publish","type":"page","link":"https:\/\/www.blarneycaravanpark.com\/es\/caravans-motorhomes-camping\/","title":{"rendered":"Caravanas, Autocaravanas y Camping"},"content":{"rendered":"<div class=\"wp-block-genesis-blocks-gb-columns gb-layout-columns-1 one-column gb-columns-center\"><div class=\"gb-layout-column-wrap gb-block-layout-column-gap-2 gb-is-responsive-column\" style=\"max-width:1080px\">\n<div class=\"wp-block-genesis-blocks-gb-column gb-block-layout-column\"><div class=\"gb-block-layout-column-inner\">\n<h3 class=\"wp-block-heading\"><strong>Parcelas para caravanas y autocaravanas<\/strong><\/h3>\n\n\n\n<div class=\"wp-block-image\"><figure class=\"alignright size-large\"><img decoding=\"async\" width=\"400\" height=\"225\" src=\"https:\/\/www.blarneycaravanpark.com\/wp-content\/uploads\/2021\/01\/camper-pitches.jpg\" alt=\"camper pitches\" class=\"wp-image-464\" srcset=\"https:\/\/www.blarneycaravanpark.com\/wp-content\/uploads\/2021\/01\/camper-pitches.jpg 400w, https:\/\/www.blarneycaravanpark.com\/wp-content\/uploads\/2021\/01\/camper-pitches-300x169.jpg 300w\" sizes=\"(max-width: 400px) 100vw, 400px\" \/><\/figure><\/div>\n\n\n\n<p>Blarney Caravan &amp; Camping Park es la elecci\u00f3n ideal para unas vacaciones en caravana o autocaravana.<\/p>\n\n\n\n<p>Para caravanas y autocaravanas, tenemos parcelas de c\u00e9sped o de suelo duro, cada una con conexi\u00f3n el\u00e9ctrica de 10 amperios. Tenemos 20 hardstands tienen un grifo para agua y un desag\u00fce de aguas residuales. Si necesita uno de estos, simplemente haga una nota en los comentarios de la reserva. Hay un amplio espacio para un toldo en cada parcela.<\/p>\n\n\n\n<p>Se dispone de un \u00e1rea de servicio de Autocaravanas para vaciado y recarga de agua y un Aseo Qu\u00edmico para residuos.<\/p>\n\n\n\n<p>Disponemos de 2 parcelas adaptadas para minusv\u00e1lidos que se encuentran pr\u00f3ximas al edificio de instalaciones. Si necesita uno de estos, simplemente haga una nota en los comentarios de la reserva.<\/p>\n\n\n\n<p>Si solicita un campo espec\u00edfico que le gusta estar cerca de la acci\u00f3n o prefiere un lugar agradable y tranquilo, haremos todo lo posible para facilitarlo, sin embargo, no siempre es posible si el parque est\u00e1 ocupado.<\/p>\n\n\n\n<div class=\"wp-block-genesis-blocks-gb-columns gb-layout-columns-1 one-column gb-columns-center\"><div class=\"gb-layout-column-wrap gb-block-layout-column-gap-2 gb-is-responsive-column\" style=\"max-width:1080px\">\n<div class=\"wp-block-genesis-blocks-gb-column gb-block-layout-column\"><div class=\"gb-block-layout-column-inner\">\n<h3 class=\"wp-block-heading\"><strong>Parcelas de camping<\/strong><\/h3>\n\n\n\n<div class=\"wp-block-image\"><figure class=\"alignleft size-large\"><img decoding=\"async\" width=\"400\" height=\"225\" src=\"https:\/\/www.blarneycaravanpark.com\/wp-content\/uploads\/2021\/01\/Camping-pitches-2.jpg\" alt=\"camping pitches\" class=\"wp-image-467\" srcset=\"https:\/\/www.blarneycaravanpark.com\/wp-content\/uploads\/2021\/01\/Camping-pitches-2.jpg 400w, https:\/\/www.blarneycaravanpark.com\/wp-content\/uploads\/2021\/01\/Camping-pitches-2-300x169.jpg 300w\" sizes=\"(max-width: 400px) 100vw, 400px\" \/><\/figure><\/div>\n\n\n\n<p>Para los campistas, tenemos un \u00e1rea de campamento separada en nuestro campo de c\u00e9sped bien mantenido con o sin conexi\u00f3n el\u00e9ctrica.<\/p>\n\n\n\n<p>Si desea utilizar la red el\u00e9ctrica en una tienda de campa\u00f1a, aseg\u00farese de tener lo siguiente:<\/p>\n\n\n\n<ul class=\"wp-block-list\"><li>Un cable especialmente dise\u00f1ado, equipado con los enchufes y enchufes azules resistentes a la intemperie apropiados, dise\u00f1ado para conectarse al punto de conexi\u00f3n del sitio y su unidad.<\/li><\/ul>\n\n\n\n<p>Tenga en cuenta que, debido al entorno natural, est\u00e1n prohibidos los fuegos abiertos y las llamas abiertas.<\/p>\n\n\n\n<p>Las barbacoas est\u00e1n permitidas siempre que no est\u00e9n en el suelo y solo quemen gas o carb\u00f3n.<\/p>\n\n\n\n<div class=\"wp-block-genesis-blocks-gb-columns gb-layout-columns-1 one-column gb-columns-center\"><div class=\"gb-layout-column-wrap gb-block-layout-column-gap-2 gb-is-responsive-column\" style=\"max-width:1080px\">\n<div class=\"wp-block-genesis-blocks-gb-column gb-block-layout-column\"><div class=\"gb-block-layout-column-inner\">\n<h3 class=\"wp-block-heading\"><strong>m\u00edtines<\/strong><\/h3>\n\n\n\n<div class=\"wp-block-image\"><figure class=\"alignright size-large\"><img decoding=\"async\" width=\"400\" height=\"267\" src=\"https:\/\/www.blarneycaravanpark.com\/wp-content\/uploads\/2021\/01\/rallies-at-blarney-caravan-park.jpg\" alt=\"rallies\" class=\"wp-image-466\" srcset=\"https:\/\/www.blarneycaravanpark.com\/wp-content\/uploads\/2021\/01\/rallies-at-blarney-caravan-park.jpg 400w, https:\/\/www.blarneycaravanpark.com\/wp-content\/uploads\/2021\/01\/rallies-at-blarney-caravan-park-300x200.jpg 300w\" sizes=\"(max-width: 400px) 100vw, 400px\" \/><\/figure><\/div>\n\n\n\n<p>Blarney Caravan &amp; Camping Park tiene excelentes opciones para recorrer caravanas, autocaravanas o caravanas en Cork. Los perros son bienvenidos y podemos acomodar rallies de 15 a 30 unidades. Celebramos muchos rallies de todos los tipos y tama\u00f1os y tenemos campos que se adaptan.<\/p>\n\n\n\n<p><strong>Informaci\u00f3n clave<\/strong><\/p>\n\n\n\n<ul class=\"wp-block-list\"><li>Las fechas de apertura del parque var\u00edan y estaremos encantados de atender m\u00edtines y reservas de grupos en la mayor\u00eda de las \u00e9pocas del a\u00f1o.<\/li><li>Desafortunadamente, es posible que no pueda facilitar manifestaciones durante las horas pico (vacaciones escolares y fines de semana festivos)<\/li><li>Hable con nosotros sobre lanzamientos de cortes\u00eda para el administrador del rally<\/li><li>Nuestros parques se llenan, por lo que es recomendable consultar con suficiente antelaci\u00f3n para asegurarnos de que tenemos disponibilidad para las fechas que necesita.<\/li><li>Disponemos de un amplio sal\u00f3n interior para sus reuniones de Rally Flag y eventos sociales.<\/li><li>Tambi\u00e9n podemos organizar recorridos en autob\u00fas y asesoramiento sobre la reserva de restaurantes locales.<\/li><\/ul>\n\n\n\n<p>Por favor cont\u00e1ctenos directamente para m\u00e1s detalles \u00a0<a href=\"\/es\/tel\u00e9fono:+353214516519\/\">+353 21 4516519<\/a> para discutir sus necesidades. Alternativamente, p\u00f3ngase en contacto con nosotros por correo electr\u00f3nico en <a href=\"mailto:info@blarneycaravanpark.com\" target=\"_blank\" rel=\"noreferrer noopener\">info@blarneycaravanpark.com<\/a><\/p>\n\n\n\n<p><\/p>\n<\/div><\/div>\n<\/div><\/div>\n<\/div><\/div>\n<\/div><\/div>\n<\/div><\/div>\n<\/div><\/div>","protected":false},"excerpt":{"rendered":"","protected":false},"author":2,"featured_media":439,"parent":0,"menu_order":0,"comment_status":"closed","ping_status":"closed","template":"","meta":{"_genesis_hide_title":false,"_genesis_hide_breadcrumbs":false,"_genesis_hide_singular_image":false,"_genesis_hide_footer_widgets":false,"_genesis_custom_body_class":"","_genesis_custom_post_class":"","_genesis_layout":"","footnotes":""},"class_list":{"0":"post-169","1":"page","2":"type-page","3":"status-publish","4":"has-post-thumbnail","6":"entry"},"yoast_head":"<!-- This site is optimized with the Yoast SEO plugin v27.5 - https:\/\/yoast.com\/product\/yoast-seo-wordpress\/ -->\n<title>Caravans, Motorhomes &amp; Camping - Blarney Caravan &amp; Camping Park<\/title>\n<meta name=\"robots\" content=\"index, follow, max-snippet:-1, max-image-preview:large, max-video-preview:-1\" \/>\n<link rel=\"canonical\" href=\"https:\/\/www.blarneycaravanpark.com\/es\/caravans-motorhomes-camping\/\" \/>\n<meta property=\"og:locale\" content=\"es_ES\" \/>\n<meta property=\"og:type\" content=\"article\" \/>\n<meta property=\"og:title\" content=\"Caravans, Motorhomes &amp; Camping - Blarney Caravan &amp; Camping Park\" \/>\n<meta property=\"og:url\" content=\"https:\/\/www.blarneycaravanpark.com\/es\/caravans-motorhomes-camping\/\" \/>\n<meta property=\"og:site_name\" content=\"Blarney Caravan &amp; Camping Park\" \/>\n<meta property=\"article:publisher\" content=\"https:\/\/www.facebook.com\/blarneycaravanpark\" \/>\n<meta property=\"article:modified_time\" content=\"2021-01-25T14:49:59+00:00\" \/>\n<meta property=\"og:image\" content=\"https:\/\/www.blarneycaravanpark.com\/wp-content\/uploads\/2021\/01\/caravans-motorhomes-camping-f.jpg\" \/>\n\t<meta property=\"og:image:width\" content=\"500\" \/>\n\t<meta property=\"og:image:height\" content=\"333\" \/>\n\t<meta property=\"og:image:type\" content=\"image\/jpeg\" \/>\n<meta name=\"twitter:card\" content=\"summary_large_image\" \/>\n<meta name=\"twitter:site\" content=\"@BlarneyCamping\" \/>\n<meta name=\"twitter:label1\" content=\"Tiempo de lectura\" \/>\n\t<meta name=\"twitter:data1\" content=\"3 minutos\" \/>\n<script type=\"application\/ld+json\" class=\"yoast-schema-graph\">{\"@context\":\"https:\\\/\\\/schema.org\",\"@graph\":[{\"@type\":\"WebPage\",\"@id\":\"https:\\\/\\\/www.blarneycaravanpark.com\\\/caravans-motorhomes-camping\\\/\",\"url\":\"https:\\\/\\\/www.blarneycaravanpark.com\\\/caravans-motorhomes-camping\\\/\",\"name\":\"Caravans, Motorhomes & Camping - Blarney Caravan &amp; Camping Park\",\"isPartOf\":{\"@id\":\"https:\\\/\\\/www.blarneycaravanpark.com\\\/#website\"},\"primaryImageOfPage\":{\"@id\":\"https:\\\/\\\/www.blarneycaravanpark.com\\\/caravans-motorhomes-camping\\\/#primaryimage\"},\"image\":{\"@id\":\"https:\\\/\\\/www.blarneycaravanpark.com\\\/caravans-motorhomes-camping\\\/#primaryimage\"},\"thumbnailUrl\":\"https:\\\/\\\/www.blarneycaravanpark.com\\\/wp-content\\\/uploads\\\/2021\\\/01\\\/caravans-motorhomes-camping-f.jpg\",\"datePublished\":\"2020-12-18T16:10:05+00:00\",\"dateModified\":\"2021-01-25T14:49:59+00:00\",\"breadcrumb\":{\"@id\":\"https:\\\/\\\/www.blarneycaravanpark.com\\\/caravans-motorhomes-camping\\\/#breadcrumb\"},\"inLanguage\":\"es\",\"potentialAction\":[{\"@type\":\"ReadAction\",\"target\":[\"https:\\\/\\\/www.blarneycaravanpark.com\\\/caravans-motorhomes-camping\\\/\"]}]},{\"@type\":\"ImageObject\",\"inLanguage\":\"es\",\"@id\":\"https:\\\/\\\/www.blarneycaravanpark.com\\\/caravans-motorhomes-camping\\\/#primaryimage\",\"url\":\"https:\\\/\\\/www.blarneycaravanpark.com\\\/wp-content\\\/uploads\\\/2021\\\/01\\\/caravans-motorhomes-camping-f.jpg\",\"contentUrl\":\"https:\\\/\\\/www.blarneycaravanpark.com\\\/wp-content\\\/uploads\\\/2021\\\/01\\\/caravans-motorhomes-camping-f.jpg\",\"width\":500,\"height\":333,\"caption\":\"Caravans, Motorhomes & Camping\"},{\"@type\":\"BreadcrumbList\",\"@id\":\"https:\\\/\\\/www.blarneycaravanpark.com\\\/caravans-motorhomes-camping\\\/#breadcrumb\",\"itemListElement\":[{\"@type\":\"ListItem\",\"position\":1,\"name\":\"Home\",\"item\":\"https:\\\/\\\/www.blarneycaravanpark.com\\\/\"},{\"@type\":\"ListItem\",\"position\":2,\"name\":\"Caravans, Motorhomes &#038; Camping\"}]},{\"@type\":\"WebSite\",\"@id\":\"https:\\\/\\\/www.blarneycaravanpark.com\\\/#website\",\"url\":\"https:\\\/\\\/www.blarneycaravanpark.com\\\/\",\"name\":\"Blarney Caravan &amp; Camping Park\",\"description\":\"\",\"publisher\":{\"@id\":\"https:\\\/\\\/www.blarneycaravanpark.com\\\/#organization\"},\"potentialAction\":[{\"@type\":\"SearchAction\",\"target\":{\"@type\":\"EntryPoint\",\"urlTemplate\":\"https:\\\/\\\/www.blarneycaravanpark.com\\\/?s={search_term_string}\"},\"query-input\":{\"@type\":\"PropertyValueSpecification\",\"valueRequired\":true,\"valueName\":\"search_term_string\"}}],\"inLanguage\":\"es\"},{\"@type\":\"Organization\",\"@id\":\"https:\\\/\\\/www.blarneycaravanpark.com\\\/#organization\",\"name\":\"Blarney Caravan & Camping Park\",\"url\":\"https:\\\/\\\/www.blarneycaravanpark.com\\\/\",\"logo\":{\"@type\":\"ImageObject\",\"inLanguage\":\"es\",\"@id\":\"https:\\\/\\\/www.blarneycaravanpark.com\\\/#\\\/schema\\\/logo\\\/image\\\/\",\"url\":\"https:\\\/\\\/www.blarneycaravanpark.com\\\/wp-content\\\/uploads\\\/2021\\\/02\\\/cropped-Blarney-Caravan-Camping-Park-Logo.png\",\"contentUrl\":\"https:\\\/\\\/www.blarneycaravanpark.com\\\/wp-content\\\/uploads\\\/2021\\\/02\\\/cropped-Blarney-Caravan-Camping-Park-Logo.png\",\"width\":250,\"height\":94,\"caption\":\"Blarney Caravan & Camping Park\"},\"image\":{\"@id\":\"https:\\\/\\\/www.blarneycaravanpark.com\\\/#\\\/schema\\\/logo\\\/image\\\/\"},\"sameAs\":[\"https:\\\/\\\/www.facebook.com\\\/blarneycaravanpark\",\"https:\\\/\\\/x.com\\\/BlarneyCamping\",\"https:\\\/\\\/www.youtube.com\\\/channel\\\/UCqkxfXD3s2Q03lai8W_BK1g\"]}]}<\/script>\n<!-- \/ Yoast SEO plugin. -->","yoast_head_json":{"title":"Caravanas, autocaravanas y camping - Blarney Caravan &amp; Camping Park","robots":{"index":"index","follow":"follow","max-snippet":"max-snippet:-1","max-image-preview":"max-image-preview:large","max-video-preview":"max-video-preview:-1"},"canonical":"https:\/\/www.blarneycaravanpark.com\/es\/caravans-motorhomes-camping\/","og_locale":"es_ES","og_type":"article","og_title":"Caravans, Motorhomes & Camping - Blarney Caravan &amp; Camping Park","og_url":"https:\/\/www.blarneycaravanpark.com\/es\/caravans-motorhomes-camping\/","og_site_name":"Blarney Caravan &amp; Camping Park","article_publisher":"https:\/\/www.facebook.com\/blarneycaravanpark","article_modified_time":"2021-01-25T14:49:59+00:00","og_image":[{"width":500,"height":333,"url":"https:\/\/www.blarneycaravanpark.com\/wp-content\/uploads\/2021\/01\/caravans-motorhomes-camping-f.jpg","type":"image\/jpeg"}],"twitter_card":"summary_large_image","twitter_site":"@BlarneyCamping","twitter_misc":{"Tiempo de lectura":"3 minutos"},"schema":{"@context":"https:\/\/schema.org","@graph":[{"@type":"WebPage","@id":"https:\/\/www.blarneycaravanpark.com\/caravans-motorhomes-camping\/","url":"https:\/\/www.blarneycaravanpark.com\/caravans-motorhomes-camping\/","name":"Caravanas, autocaravanas y camping - Blarney Caravan &amp; Camping Park","isPartOf":{"@id":"https:\/\/www.blarneycaravanpark.com\/#website"},"primaryImageOfPage":{"@id":"https:\/\/www.blarneycaravanpark.com\/caravans-motorhomes-camping\/#primaryimage"},"image":{"@id":"https:\/\/www.blarneycaravanpark.com\/caravans-motorhomes-camping\/#primaryimage"},"thumbnailUrl":"https:\/\/www.blarneycaravanpark.com\/wp-content\/uploads\/2021\/01\/caravans-motorhomes-camping-f.jpg","datePublished":"2020-12-18T16:10:05+00:00","dateModified":"2021-01-25T14:49:59+00:00","breadcrumb":{"@id":"https:\/\/www.blarneycaravanpark.com\/caravans-motorhomes-camping\/#breadcrumb"},"inLanguage":"es","potentialAction":[{"@type":"ReadAction","target":["https:\/\/www.blarneycaravanpark.com\/caravans-motorhomes-camping\/"]}]},{"@type":"ImageObject","inLanguage":"es","@id":"https:\/\/www.blarneycaravanpark.com\/caravans-motorhomes-camping\/#primaryimage","url":"https:\/\/www.blarneycaravanpark.com\/wp-content\/uploads\/2021\/01\/caravans-motorhomes-camping-f.jpg","contentUrl":"https:\/\/www.blarneycaravanpark.com\/wp-content\/uploads\/2021\/01\/caravans-motorhomes-camping-f.jpg","width":500,"height":333,"caption":"Caravans, Motorhomes & Camping"},{"@type":"BreadcrumbList","@id":"https:\/\/www.blarneycaravanpark.com\/caravans-motorhomes-camping\/#breadcrumb","itemListElement":[{"@type":"ListItem","position":1,"name":"Home","item":"https:\/\/www.blarneycaravanpark.com\/"},{"@type":"ListItem","position":2,"name":"Caravans, Motorhomes &#038; Camping"}]},{"@type":"WebSite","@id":"https:\/\/www.blarneycaravanpark.com\/#website","url":"https:\/\/www.blarneycaravanpark.com\/","name":"Parque de acampada y caravanas Blarney","description":"","publisher":{"@id":"https:\/\/www.blarneycaravanpark.com\/#organization"},"potentialAction":[{"@type":"SearchAction","target":{"@type":"EntryPoint","urlTemplate":"https:\/\/www.blarneycaravanpark.com\/?s={search_term_string}"},"query-input":{"@type":"PropertyValueSpecification","valueRequired":true,"valueName":"search_term_string"}}],"inLanguage":"es"},{"@type":"Organization","@id":"https:\/\/www.blarneycaravanpark.com\/#organization","name":"Parque de acampada y caravanas Blarney","url":"https:\/\/www.blarneycaravanpark.com\/","logo":{"@type":"ImageObject","inLanguage":"es","@id":"https:\/\/www.blarneycaravanpark.com\/#\/schema\/logo\/image\/","url":"https:\/\/www.blarneycaravanpark.com\/wp-content\/uploads\/2021\/02\/cropped-Blarney-Caravan-Camping-Park-Logo.png","contentUrl":"https:\/\/www.blarneycaravanpark.com\/wp-content\/uploads\/2021\/02\/cropped-Blarney-Caravan-Camping-Park-Logo.png","width":250,"height":94,"caption":"Blarney Caravan & Camping Park"},"image":{"@id":"https:\/\/www.blarneycaravanpark.com\/#\/schema\/logo\/image\/"},"sameAs":["https:\/\/www.facebook.com\/blarneycaravanpark","https:\/\/x.com\/BlarneyCamping","https:\/\/www.youtube.com\/channel\/UCqkxfXD3s2Q03lai8W_BK1g"]}]}},"featured_image_src":"https:\/\/www.blarneycaravanpark.com\/wp-content\/uploads\/2021\/01\/caravans-motorhomes-camping-f.jpg","featured_image_src_square":"https:\/\/www.blarneycaravanpark.com\/wp-content\/uploads\/2021\/01\/caravans-motorhomes-camping-f.jpg","_links":{"self":[{"href":"https:\/\/www.blarneycaravanpark.com\/es\/wp-json\/wp\/v2\/pages\/169","targetHints":{"allow":["GET"]}}],"collection":[{"href":"https:\/\/www.blarneycaravanpark.com\/es\/wp-json\/wp\/v2\/pages"}],"about":[{"href":"https:\/\/www.blarneycaravanpark.com\/es\/wp-json\/wp\/v2\/types\/page"}],"author":[{"embeddable":true,"href":"https:\/\/www.blarneycaravanpark.com\/es\/wp-json\/wp\/v2\/users\/2"}],"replies":[{"embeddable":true,"href":"https:\/\/www.blarneycaravanpark.com\/es\/wp-json\/wp\/v2\/comments?post=169"}],"version-history":[{"count":0,"href":"https:\/\/www.blarneycaravanpark.com\/es\/wp-json\/wp\/v2\/pages\/169\/revisions"}],"wp:featuredmedia":[{"embeddable":true,"href":"https:\/\/www.blarneycaravanpark.com\/es\/wp-json\/wp\/v2\/media\/439"}],"wp:attachment":[{"href":"https:\/\/www.blarneycaravanpark.com\/es\/wp-json\/wp\/v2\/media?parent=169"}],"curies":[{"name":"gracias","href":"https:\/\/api.w.org\/{rel}","templated":true}]}}