{"id":594,"date":"2021-01-27T15:23:26","date_gmt":"2021-01-27T15:23:26","guid":{"rendered":"https:\/\/www.blarneycaravanpark.com\/?page_id=594"},"modified":"2025-10-27T10:41:27","modified_gmt":"2025-10-27T10:41:27","slug":"location","status":"publish","type":"page","link":"https:\/\/www.blarneycaravanpark.com\/fr\/location\/","title":{"rendered":"Emplacement"},"content":{"rendered":"<div class=\"wp-block-genesis-blocks-gb-columns gb-layout-columns-1 one-column gb-columns-center\"><div class=\"gb-layout-column-wrap gb-block-layout-column-gap-2 gb-is-responsive-column\" style=\"max-width:1080px\">\n<div class=\"wp-block-genesis-blocks-gb-column gb-block-layout-column\"><div class=\"gb-block-layout-column-inner\"><div class=\"wp-block-image\">\n<figure class=\"alignright size-medium\"><img decoding=\"async\" width=\"300\" height=\"225\" src=\"https:\/\/www.blarneycaravanpark.com\/wp-content\/uploads\/2021\/01\/location-300x225.jpg\" alt=\"Blarney Caravan &amp; Camping Park location\" class=\"wp-image-586\" srcset=\"https:\/\/www.blarneycaravanpark.com\/wp-content\/uploads\/2021\/01\/location-300x225.jpg 300w, https:\/\/www.blarneycaravanpark.com\/wp-content\/uploads\/2021\/01\/location-768x576.jpg 768w, https:\/\/www.blarneycaravanpark.com\/wp-content\/uploads\/2021\/01\/location.jpg 800w\" sizes=\"(max-width: 300px) 100vw, 300px\" \/><\/figure>\n<\/div>\n\n\n<p><strong>Blarney Caravan &amp; Camping Park<\/strong> est situ\u00e9 \u00e0 Stoneview, Blarney, comt\u00e9 de Cork T23 R85R - \u00e0 8 km de la ville de Cork. Blarney Caravan Park est d&#039;env. 3 km au nord du village de Blarney.<\/p>\n\n\n\n<h3 class=\"wp-block-heading\">COMMENT NOUS TROUVER:<\/h3>\n\n\n\n<p><strong>Depuis Waterford\/Rosslare<\/strong> prendre N25. \u00c0 l&#039;approche de Cork, prenez la N8 en direction de Cork City. Depuis la N8, prendre la direction North Ring Road\/Limerick N20 puis Blarney R617. Distance 206 km. Temps de conduite estim\u00e9 : 3 heures<\/p>\n\n\n\n<p><strong>De Dublin<\/strong> prenez la M8 en direction du sud. \u00c0 l&#039;approche de Cork, prenez la N8 en direction de Cork City. Depuis la N8, prendre la direction North Ring Road\/Limerick N20 puis Blarney R617.<\/p>\n\n\n\n<p><strong>Depuis Galway\/Limerick<\/strong> prendre la N20 en direction du sud puis la R617 jusqu&#039;\u00e0 Blarney. Distance 195 km. Temps de conduite estim\u00e9 : 2h35<\/p>\n\n\n\n<p><strong>De Killarney<\/strong> prendre N72 jusqu&#039;\u00e0 Mallow puis N20 jusqu&#039;\u00e0 Blarney R617. Distance 95 km. Temps de conduite estim\u00e9 : 1h30<\/p>\n\n\n\n<h3 class=\"wp-block-heading\">Carte Google interactive<\/h3>\n\n\n\n<p>Utilisez la carte de localisation Google interactive ci-dessous pour effectuer un zoom avant ou arri\u00e8re et afficher en mode satellite ou en mode carte normal.<\/p>\n\n\n\n<iframe src=\"https:\/\/www.google.com\/maps\/embed?pb=!1m14!1m8!1m3!1d19674.92839921438!2d-8.5557418!3d51.945516!3m2!1i1024!2i768!4f13.1!3m3!1m2!1s0x0%3A0xf824fdb3880d28a2!2sBlarney%20Caravan%20and%20Camping%20Park!5e0!3m2!1sen!2sie!4v1611759556430!5m2!1sen!2sie\" width=\"800\" height=\"600\" frameborder=\"0\" style=\"border:0;\" allowfullscreen=\"\" aria-hidden=\"false\" tabindex=\"0\"><\/iframe>\n\n\n\n<p><strong>EN VOITURE:<\/strong> Veuillez utiliser les directions de navigation par satellite suivantes<\/p>\n\n\n\n<p><strong>GPS:<\/strong><\/p>\n\n\n\n<p>Latitude 51\u00b0 56&#039; 51\u2033 N (51.94765)<\/p>\n\n\n\n<p>Longitude 8\u00b032&#039; 49\u2033 O (-8.54696667)<\/p>\n\n\n\n<p>Le code Loc8 est\u00a0: WFT-32-90G<\/p>\n\n\n\n<p><strong>EN BUS:<\/strong> Il y a un service de bus r\u00e9gulier de la ville de Cork au centre de Blarney Village. Blarney Caravan and Camping Park se trouve \u00e0 3 km au nord du village de Blarney. Il y a un service de taxi local dans le village de Blarney qui peut vous emmener au parc. Ce qui suit est le <a href=\"https:\/\/www.buseireann.ie\/routes-and-timetables\/215\">Horaires des bus Cork\/Blarney<\/a><\/p>\n<\/div><\/div>\n<\/div><\/div>","protected":false},"excerpt":{"rendered":"","protected":false},"author":2,"featured_media":0,"parent":0,"menu_order":0,"comment_status":"closed","ping_status":"closed","template":"","meta":{"_genesis_hide_title":false,"_genesis_hide_breadcrumbs":false,"_genesis_hide_singular_image":false,"_genesis_hide_footer_widgets":false,"_genesis_custom_body_class":"","_genesis_custom_post_class":"","_genesis_layout":"","footnotes":""},"class_list":{"0":"post-594","1":"page","2":"type-page","3":"status-publish","5":"entry"},"yoast_head":"<!-- This site is optimized with the Yoast SEO plugin v27.5 - https:\/\/yoast.com\/product\/yoast-seo-wordpress\/ -->\n<title>Location - Blarney Caravan &amp; Camping Park<\/title>\n<meta name=\"robots\" content=\"index, follow, max-snippet:-1, max-image-preview:large, max-video-preview:-1\" \/>\n<link rel=\"canonical\" href=\"https:\/\/www.blarneycaravanpark.com\/fr\/location\/\" \/>\n<meta property=\"og:locale\" content=\"fr_FR\" \/>\n<meta property=\"og:type\" content=\"article\" \/>\n<meta property=\"og:title\" content=\"Location - Blarney Caravan &amp; Camping Park\" \/>\n<meta property=\"og:url\" content=\"https:\/\/www.blarneycaravanpark.com\/fr\/location\/\" \/>\n<meta property=\"og:site_name\" content=\"Blarney Caravan &amp; Camping Park\" \/>\n<meta property=\"article:publisher\" content=\"https:\/\/www.facebook.com\/blarneycaravanpark\" \/>\n<meta property=\"article:modified_time\" content=\"2025-10-27T10:41:27+00:00\" \/>\n<meta property=\"og:image\" content=\"https:\/\/www.blarneycaravanpark.com\/wp-content\/uploads\/2021\/01\/location.jpg\" \/>\n\t<meta property=\"og:image:width\" content=\"800\" \/>\n\t<meta property=\"og:image:height\" content=\"600\" \/>\n\t<meta property=\"og:image:type\" content=\"image\/jpeg\" \/>\n<meta name=\"twitter:card\" content=\"summary_large_image\" \/>\n<meta name=\"twitter:site\" content=\"@BlarneyCamping\" \/>\n<meta name=\"twitter:label1\" content=\"Dur\u00e9e de lecture estim\u00e9e\" \/>\n\t<meta name=\"twitter:data1\" content=\"2 minutes\" \/>\n<script type=\"application\/ld+json\" class=\"yoast-schema-graph\">{\"@context\":\"https:\\\/\\\/schema.org\",\"@graph\":[{\"@type\":\"WebPage\",\"@id\":\"https:\\\/\\\/www.blarneycaravanpark.com\\\/location\\\/\",\"url\":\"https:\\\/\\\/www.blarneycaravanpark.com\\\/location\\\/\",\"name\":\"Location - Blarney Caravan &amp; Camping Park\",\"isPartOf\":{\"@id\":\"https:\\\/\\\/www.blarneycaravanpark.com\\\/#website\"},\"primaryImageOfPage\":{\"@id\":\"https:\\\/\\\/www.blarneycaravanpark.com\\\/location\\\/#primaryimage\"},\"image\":{\"@id\":\"https:\\\/\\\/www.blarneycaravanpark.com\\\/location\\\/#primaryimage\"},\"thumbnailUrl\":\"https:\\\/\\\/www.blarneycaravanpark.com\\\/wp-content\\\/uploads\\\/2021\\\/01\\\/location-300x225.jpg\",\"datePublished\":\"2021-01-27T15:23:26+00:00\",\"dateModified\":\"2025-10-27T10:41:27+00:00\",\"breadcrumb\":{\"@id\":\"https:\\\/\\\/www.blarneycaravanpark.com\\\/location\\\/#breadcrumb\"},\"inLanguage\":\"fr-FR\",\"potentialAction\":[{\"@type\":\"ReadAction\",\"target\":[\"https:\\\/\\\/www.blarneycaravanpark.com\\\/location\\\/\"]}]},{\"@type\":\"ImageObject\",\"inLanguage\":\"fr-FR\",\"@id\":\"https:\\\/\\\/www.blarneycaravanpark.com\\\/location\\\/#primaryimage\",\"url\":\"https:\\\/\\\/www.blarneycaravanpark.com\\\/wp-content\\\/uploads\\\/2021\\\/01\\\/location-300x225.jpg\",\"contentUrl\":\"https:\\\/\\\/www.blarneycaravanpark.com\\\/wp-content\\\/uploads\\\/2021\\\/01\\\/location-300x225.jpg\"},{\"@type\":\"BreadcrumbList\",\"@id\":\"https:\\\/\\\/www.blarneycaravanpark.com\\\/location\\\/#breadcrumb\",\"itemListElement\":[{\"@type\":\"ListItem\",\"position\":1,\"name\":\"Home\",\"item\":\"https:\\\/\\\/www.blarneycaravanpark.com\\\/\"},{\"@type\":\"ListItem\",\"position\":2,\"name\":\"Location\"}]},{\"@type\":\"WebSite\",\"@id\":\"https:\\\/\\\/www.blarneycaravanpark.com\\\/#website\",\"url\":\"https:\\\/\\\/www.blarneycaravanpark.com\\\/\",\"name\":\"Blarney Caravan &amp; Camping Park\",\"description\":\"\",\"publisher\":{\"@id\":\"https:\\\/\\\/www.blarneycaravanpark.com\\\/#organization\"},\"potentialAction\":[{\"@type\":\"SearchAction\",\"target\":{\"@type\":\"EntryPoint\",\"urlTemplate\":\"https:\\\/\\\/www.blarneycaravanpark.com\\\/?s={search_term_string}\"},\"query-input\":{\"@type\":\"PropertyValueSpecification\",\"valueRequired\":true,\"valueName\":\"search_term_string\"}}],\"inLanguage\":\"fr-FR\"},{\"@type\":\"Organization\",\"@id\":\"https:\\\/\\\/www.blarneycaravanpark.com\\\/#organization\",\"name\":\"Blarney Caravan & Camping Park\",\"url\":\"https:\\\/\\\/www.blarneycaravanpark.com\\\/\",\"logo\":{\"@type\":\"ImageObject\",\"inLanguage\":\"fr-FR\",\"@id\":\"https:\\\/\\\/www.blarneycaravanpark.com\\\/#\\\/schema\\\/logo\\\/image\\\/\",\"url\":\"https:\\\/\\\/www.blarneycaravanpark.com\\\/wp-content\\\/uploads\\\/2021\\\/02\\\/cropped-Blarney-Caravan-Camping-Park-Logo.png\",\"contentUrl\":\"https:\\\/\\\/www.blarneycaravanpark.com\\\/wp-content\\\/uploads\\\/2021\\\/02\\\/cropped-Blarney-Caravan-Camping-Park-Logo.png\",\"width\":250,\"height\":94,\"caption\":\"Blarney Caravan & Camping Park\"},\"image\":{\"@id\":\"https:\\\/\\\/www.blarneycaravanpark.com\\\/#\\\/schema\\\/logo\\\/image\\\/\"},\"sameAs\":[\"https:\\\/\\\/www.facebook.com\\\/blarneycaravanpark\",\"https:\\\/\\\/x.com\\\/BlarneyCamping\",\"https:\\\/\\\/www.youtube.com\\\/channel\\\/UCqkxfXD3s2Q03lai8W_BK1g\"]}]}<\/script>\n<!-- \/ Yoast SEO plugin. -->","yoast_head_json":{"title":"Emplacement\u00a0: Parc de caravanes et de camping de Blarney","robots":{"index":"index","follow":"follow","max-snippet":"max-snippet:-1","max-image-preview":"max-image-preview:large","max-video-preview":"max-video-preview:-1"},"canonical":"https:\/\/www.blarneycaravanpark.com\/fr\/location\/","og_locale":"fr_FR","og_type":"article","og_title":"Location - Blarney Caravan &amp; Camping Park","og_url":"https:\/\/www.blarneycaravanpark.com\/fr\/location\/","og_site_name":"Blarney Caravan &amp; Camping Park","article_publisher":"https:\/\/www.facebook.com\/blarneycaravanpark","article_modified_time":"2025-10-27T10:41:27+00:00","og_image":[{"width":800,"height":600,"url":"https:\/\/www.blarneycaravanpark.com\/wp-content\/uploads\/2021\/01\/location.jpg","type":"image\/jpeg"}],"twitter_card":"summary_large_image","twitter_site":"@BlarneyCamping","twitter_misc":{"Dur\u00e9e de lecture estim\u00e9e":"2 minutes"},"schema":{"@context":"https:\/\/schema.org","@graph":[{"@type":"WebPage","@id":"https:\/\/www.blarneycaravanpark.com\/location\/","url":"https:\/\/www.blarneycaravanpark.com\/location\/","name":"Emplacement\u00a0: Parc de caravanes et de camping de Blarney","isPartOf":{"@id":"https:\/\/www.blarneycaravanpark.com\/#website"},"primaryImageOfPage":{"@id":"https:\/\/www.blarneycaravanpark.com\/location\/#primaryimage"},"image":{"@id":"https:\/\/www.blarneycaravanpark.com\/location\/#primaryimage"},"thumbnailUrl":"https:\/\/www.blarneycaravanpark.com\/wp-content\/uploads\/2021\/01\/location-300x225.jpg","datePublished":"2021-01-27T15:23:26+00:00","dateModified":"2025-10-27T10:41:27+00:00","breadcrumb":{"@id":"https:\/\/www.blarneycaravanpark.com\/location\/#breadcrumb"},"inLanguage":"fr-FR","potentialAction":[{"@type":"ReadAction","target":["https:\/\/www.blarneycaravanpark.com\/location\/"]}]},{"@type":"ImageObject","inLanguage":"fr-FR","@id":"https:\/\/www.blarneycaravanpark.com\/location\/#primaryimage","url":"https:\/\/www.blarneycaravanpark.com\/wp-content\/uploads\/2021\/01\/location-300x225.jpg","contentUrl":"https:\/\/www.blarneycaravanpark.com\/wp-content\/uploads\/2021\/01\/location-300x225.jpg"},{"@type":"BreadcrumbList","@id":"https:\/\/www.blarneycaravanpark.com\/location\/#breadcrumb","itemListElement":[{"@type":"ListItem","position":1,"name":"Home","item":"https:\/\/www.blarneycaravanpark.com\/"},{"@type":"ListItem","position":2,"name":"Location"}]},{"@type":"WebSite","@id":"https:\/\/www.blarneycaravanpark.com\/#website","url":"https:\/\/www.blarneycaravanpark.com\/","name":"Blarney Caravan &amp; Camping Park","description":"","publisher":{"@id":"https:\/\/www.blarneycaravanpark.com\/#organization"},"potentialAction":[{"@type":"SearchAction","target":{"@type":"EntryPoint","urlTemplate":"https:\/\/www.blarneycaravanpark.com\/?s={search_term_string}"},"query-input":{"@type":"PropertyValueSpecification","valueRequired":true,"valueName":"search_term_string"}}],"inLanguage":"fr-FR"},{"@type":"Organization","@id":"https:\/\/www.blarneycaravanpark.com\/#organization","name":"Blarney Caravan &amp; Camping Park","url":"https:\/\/www.blarneycaravanpark.com\/","logo":{"@type":"ImageObject","inLanguage":"fr-FR","@id":"https:\/\/www.blarneycaravanpark.com\/#\/schema\/logo\/image\/","url":"https:\/\/www.blarneycaravanpark.com\/wp-content\/uploads\/2021\/02\/cropped-Blarney-Caravan-Camping-Park-Logo.png","contentUrl":"https:\/\/www.blarneycaravanpark.com\/wp-content\/uploads\/2021\/02\/cropped-Blarney-Caravan-Camping-Park-Logo.png","width":250,"height":94,"caption":"Blarney Caravan & Camping Park"},"image":{"@id":"https:\/\/www.blarneycaravanpark.com\/#\/schema\/logo\/image\/"},"sameAs":["https:\/\/www.facebook.com\/blarneycaravanpark","https:\/\/x.com\/BlarneyCamping","https:\/\/www.youtube.com\/channel\/UCqkxfXD3s2Q03lai8W_BK1g"]}]}},"featured_image_src":null,"featured_image_src_square":null,"_links":{"self":[{"href":"https:\/\/www.blarneycaravanpark.com\/fr\/wp-json\/wp\/v2\/pages\/594","targetHints":{"allow":["GET"]}}],"collection":[{"href":"https:\/\/www.blarneycaravanpark.com\/fr\/wp-json\/wp\/v2\/pages"}],"about":[{"href":"https:\/\/www.blarneycaravanpark.com\/fr\/wp-json\/wp\/v2\/types\/page"}],"author":[{"embeddable":true,"href":"https:\/\/www.blarneycaravanpark.com\/fr\/wp-json\/wp\/v2\/users\/2"}],"replies":[{"embeddable":true,"href":"https:\/\/www.blarneycaravanpark.com\/fr\/wp-json\/wp\/v2\/comments?post=594"}],"version-history":[{"count":1,"href":"https:\/\/www.blarneycaravanpark.com\/fr\/wp-json\/wp\/v2\/pages\/594\/revisions"}],"predecessor-version":[{"id":1113,"href":"https:\/\/www.blarneycaravanpark.com\/fr\/wp-json\/wp\/v2\/pages\/594\/revisions\/1113"}],"wp:attachment":[{"href":"https:\/\/www.blarneycaravanpark.com\/fr\/wp-json\/wp\/v2\/media?parent=594"}],"curies":[{"name":"wp","href":"https:\/\/api.w.org\/{rel}","templated":true}]}}