{"id":169,"date":"2020-12-18T16:10:05","date_gmt":"2020-12-18T16:10:05","guid":{"rendered":"https:\/\/www.blarneycaravanpark.com\/?page_id=169"},"modified":"2021-01-25T14:49:59","modified_gmt":"2021-01-25T14:49:59","slug":"caravans-motorhomes-camping","status":"publish","type":"page","link":"https:\/\/www.blarneycaravanpark.com\/it\/caravans-motorhomes-camping\/","title":{"rendered":"Roulotte, Camper e Campeggi"},"content":{"rendered":"<div class=\"wp-block-genesis-blocks-gb-columns gb-layout-columns-1 one-column gb-columns-center\"><div class=\"gb-layout-column-wrap gb-block-layout-column-gap-2 gb-is-responsive-column\" style=\"max-width:1080px\">\n<div class=\"wp-block-genesis-blocks-gb-column gb-block-layout-column\"><div class=\"gb-block-layout-column-inner\">\n<h3 class=\"wp-block-heading\"><strong>Piazzole Caravan &amp; Camper<\/strong><\/h3>\n\n\n\n<div class=\"wp-block-image\"><figure class=\"alignright size-large\"><img decoding=\"async\" width=\"400\" height=\"225\" src=\"https:\/\/www.blarneycaravanpark.com\/wp-content\/uploads\/2021\/01\/camper-pitches.jpg\" alt=\"camper pitches\" class=\"wp-image-464\" srcset=\"https:\/\/www.blarneycaravanpark.com\/wp-content\/uploads\/2021\/01\/camper-pitches.jpg 400w, https:\/\/www.blarneycaravanpark.com\/wp-content\/uploads\/2021\/01\/camper-pitches-300x169.jpg 300w\" sizes=\"(max-width: 400px) 100vw, 400px\" \/><\/figure><\/div>\n\n\n\n<p>Blarney Caravan &amp; Camping Park \u00e8 la scelta ideale per una vacanza in roulotte o camper.<\/p>\n\n\n\n<p>Per roulotte e camper abbiamo piazzole in piedi o su erba ciascuna con attacco elettrico da 10 ampere. Abbiamo 20 supporti rigidi con rubinetto per l&#039;acqua e scarico delle acque reflue. Se hai bisogno di uno di questi, ti preghiamo di annotarlo nei commenti alla prenotazione. C&#039;\u00e8 ampio spazio per una tenda da sole su ogni piazzola.<\/p>\n\n\n\n<p>\u00c8 disponibile un&#039;area di servizio Camper per lo svuotamento e il rabbocco dell&#039;acqua e un WC chimico per i rifiuti.<\/p>\n\n\n\n<p>Disponiamo di 2 piazzole dedicate per l&#039;accesso ai disabili che sono vicine all&#039;edificio dei servizi. Se hai bisogno di uno di questi, ti preghiamo di annotarlo nei commenti alla prenotazione.<\/p>\n\n\n\n<p>Se richiedi una piazzola specifica che ti piace essere vicino all&#039;azione o preferisci un bel posto tranquillo, faremo del nostro meglio per facilitare ci\u00f2, tuttavia non \u00e8 sempre possibile se il parco \u00e8 affollato.<\/p>\n\n\n\n<div class=\"wp-block-genesis-blocks-gb-columns gb-layout-columns-1 one-column gb-columns-center\"><div class=\"gb-layout-column-wrap gb-block-layout-column-gap-2 gb-is-responsive-column\" style=\"max-width:1080px\">\n<div class=\"wp-block-genesis-blocks-gb-column gb-block-layout-column\"><div class=\"gb-block-layout-column-inner\">\n<h3 class=\"wp-block-heading\"><strong>Piazzole da campeggio<\/strong><\/h3>\n\n\n\n<div class=\"wp-block-image\"><figure class=\"alignleft size-large\"><img decoding=\"async\" width=\"400\" height=\"225\" src=\"https:\/\/www.blarneycaravanpark.com\/wp-content\/uploads\/2021\/01\/Camping-pitches-2.jpg\" alt=\"camping pitches\" class=\"wp-image-467\" srcset=\"https:\/\/www.blarneycaravanpark.com\/wp-content\/uploads\/2021\/01\/Camping-pitches-2.jpg 400w, https:\/\/www.blarneycaravanpark.com\/wp-content\/uploads\/2021\/01\/Camping-pitches-2-300x169.jpg 300w\" sizes=\"(max-width: 400px) 100vw, 400px\" \/><\/figure><\/div>\n\n\n\n<p>Per i campeggiatori abbiamo un&#039;area campeggio separata sul nostro campo in erba ben curato con o senza allacciamento elettrico.<\/p>\n\n\n\n<p>Se desideri utilizzare l&#039;elettricit\u00e0 di rete in una tenda, assicurati di avere quanto segue:<\/p>\n\n\n\n<ul class=\"wp-block-list\"><li>Un cavo appositamente costruito dotato di spine e prese blu resistenti alle intemperie progettate per il collegamento al punto di collegamento del sito e alla tua unit\u00e0.<\/li><\/ul>\n\n\n\n<p>Si prega di notare che a causa della natura circostante sono vietati fuochi aperti e fiamme libere.<\/p>\n\n\n\n<p>I barbecue sono consentiti purch\u00e9 siano sollevati da terra e bruciano solo gas o carbone.<\/p>\n\n\n\n<div class=\"wp-block-genesis-blocks-gb-columns gb-layout-columns-1 one-column gb-columns-center\"><div class=\"gb-layout-column-wrap gb-block-layout-column-gap-2 gb-is-responsive-column\" style=\"max-width:1080px\">\n<div class=\"wp-block-genesis-blocks-gb-column gb-block-layout-column\"><div class=\"gb-block-layout-column-inner\">\n<h3 class=\"wp-block-heading\"><strong>raduni<\/strong><\/h3>\n\n\n\n<div class=\"wp-block-image\"><figure class=\"alignright size-large\"><img decoding=\"async\" width=\"400\" height=\"267\" src=\"https:\/\/www.blarneycaravanpark.com\/wp-content\/uploads\/2021\/01\/rallies-at-blarney-caravan-park.jpg\" alt=\"rallies\" class=\"wp-image-466\" srcset=\"https:\/\/www.blarneycaravanpark.com\/wp-content\/uploads\/2021\/01\/rallies-at-blarney-caravan-park.jpg 400w, https:\/\/www.blarneycaravanpark.com\/wp-content\/uploads\/2021\/01\/rallies-at-blarney-caravan-park-300x200.jpg 300w\" sizes=\"(max-width: 400px) 100vw, 400px\" \/><\/figure><\/div>\n\n\n\n<p>Blarney Caravan &amp; Camping Park offre ottime opzioni per raduni di roulotte, camper o camper a Cork. I cani sono i benvenuti e possiamo ospitare raduni da 15 a 30 unit\u00e0. Organizziamo molti rally di ogni tipo e dimensione e abbiamo campi adatti.<\/p>\n\n\n\n<p><strong>Informazione chiave<\/strong><\/p>\n\n\n\n<ul class=\"wp-block-list\"><li>Le date di apertura del parco variano e siamo felici di ospitare manifestazioni e prenotazioni di gruppo nella maggior parte dei periodi dell&#039;anno<\/li><li>Sfortunatamente, potrebbe non essere in grado di facilitare le manifestazioni durante le ore di punta (vacanze scolastiche e fine settimana festivi)<\/li><li>Parlaci di piazzole gratuite per l&#039;amministratore del rally<\/li><li>I nostri parchi sono molto affollati, quindi \u00e8 consigliabile informarsi con molto anticipo per assicurarci la disponibilit\u00e0 per le date richieste<\/li><li>Disponiamo di un&#039;ampia sala interna per i vostri meeting ed eventi sociali del Rally Flag.<\/li><li>Possiamo anche organizzare tour in autobus e consigli sulla prenotazione di ristoranti locali.<\/li><\/ul>\n\n\n\n<p>Vi preghiamo di contattarci direttamente per ulteriori dettagli \u00a0<a href=\"tel:+353214516519\">+353 21 4516519<\/a> per discutere le tue esigenze. In alternativa contattaci via e-mail su <a href=\"mailto:info@blarneycaravanpark.com\" target=\"_blank\" rel=\"noreferrer noopener\">info@blarneycaravanpark.com<\/a><\/p>\n\n\n\n<p><\/p>\n<\/div><\/div>\n<\/div><\/div>\n<\/div><\/div>\n<\/div><\/div>\n<\/div><\/div>\n<\/div><\/div>","protected":false},"excerpt":{"rendered":"","protected":false},"author":2,"featured_media":439,"parent":0,"menu_order":0,"comment_status":"closed","ping_status":"closed","template":"","meta":{"_genesis_hide_title":false,"_genesis_hide_breadcrumbs":false,"_genesis_hide_singular_image":false,"_genesis_hide_footer_widgets":false,"_genesis_custom_body_class":"","_genesis_custom_post_class":"","_genesis_layout":"","footnotes":""},"class_list":{"0":"post-169","1":"page","2":"type-page","3":"status-publish","4":"has-post-thumbnail","6":"entry"},"yoast_head":"<!-- This site is optimized with the Yoast SEO plugin v27.6 - https:\/\/yoast.com\/product\/yoast-seo-wordpress\/ -->\n<title>Caravans, Motorhomes &amp; Camping - Blarney Caravan &amp; Camping Park<\/title>\n<meta name=\"robots\" content=\"index, follow, max-snippet:-1, max-image-preview:large, max-video-preview:-1\" \/>\n<link rel=\"canonical\" href=\"https:\/\/www.blarneycaravanpark.com\/it\/caravans-motorhomes-camping\/\" \/>\n<meta property=\"og:locale\" content=\"it_IT\" \/>\n<meta property=\"og:type\" content=\"article\" \/>\n<meta property=\"og:title\" content=\"Caravans, Motorhomes &amp; Camping - Blarney Caravan &amp; Camping Park\" \/>\n<meta property=\"og:url\" content=\"https:\/\/www.blarneycaravanpark.com\/it\/caravans-motorhomes-camping\/\" \/>\n<meta property=\"og:site_name\" content=\"Blarney Caravan &amp; Camping Park\" \/>\n<meta property=\"article:publisher\" content=\"https:\/\/www.facebook.com\/blarneycaravanpark\" \/>\n<meta property=\"article:modified_time\" content=\"2021-01-25T14:49:59+00:00\" \/>\n<meta property=\"og:image\" content=\"https:\/\/www.blarneycaravanpark.com\/wp-content\/uploads\/2021\/01\/caravans-motorhomes-camping-f.jpg\" \/>\n\t<meta property=\"og:image:width\" content=\"500\" \/>\n\t<meta property=\"og:image:height\" content=\"333\" \/>\n\t<meta property=\"og:image:type\" content=\"image\/jpeg\" \/>\n<meta name=\"twitter:card\" content=\"summary_large_image\" \/>\n<meta name=\"twitter:site\" content=\"@BlarneyCamping\" \/>\n<meta name=\"twitter:label1\" content=\"Tempo di lettura stimato\" \/>\n\t<meta name=\"twitter:data1\" content=\"3 minuti\" \/>\n<script type=\"application\/ld+json\" class=\"yoast-schema-graph\">{\"@context\":\"https:\\\/\\\/schema.org\",\"@graph\":[{\"@type\":\"WebPage\",\"@id\":\"https:\\\/\\\/www.blarneycaravanpark.com\\\/caravans-motorhomes-camping\\\/\",\"url\":\"https:\\\/\\\/www.blarneycaravanpark.com\\\/caravans-motorhomes-camping\\\/\",\"name\":\"Caravans, Motorhomes & Camping - Blarney Caravan &amp; Camping Park\",\"isPartOf\":{\"@id\":\"https:\\\/\\\/www.blarneycaravanpark.com\\\/#website\"},\"primaryImageOfPage\":{\"@id\":\"https:\\\/\\\/www.blarneycaravanpark.com\\\/caravans-motorhomes-camping\\\/#primaryimage\"},\"image\":{\"@id\":\"https:\\\/\\\/www.blarneycaravanpark.com\\\/caravans-motorhomes-camping\\\/#primaryimage\"},\"thumbnailUrl\":\"https:\\\/\\\/www.blarneycaravanpark.com\\\/wp-content\\\/uploads\\\/2021\\\/01\\\/caravans-motorhomes-camping-f.jpg\",\"datePublished\":\"2020-12-18T16:10:05+00:00\",\"dateModified\":\"2021-01-25T14:49:59+00:00\",\"breadcrumb\":{\"@id\":\"https:\\\/\\\/www.blarneycaravanpark.com\\\/caravans-motorhomes-camping\\\/#breadcrumb\"},\"inLanguage\":\"it-IT\",\"potentialAction\":[{\"@type\":\"ReadAction\",\"target\":[\"https:\\\/\\\/www.blarneycaravanpark.com\\\/caravans-motorhomes-camping\\\/\"]}]},{\"@type\":\"ImageObject\",\"inLanguage\":\"it-IT\",\"@id\":\"https:\\\/\\\/www.blarneycaravanpark.com\\\/caravans-motorhomes-camping\\\/#primaryimage\",\"url\":\"https:\\\/\\\/www.blarneycaravanpark.com\\\/wp-content\\\/uploads\\\/2021\\\/01\\\/caravans-motorhomes-camping-f.jpg\",\"contentUrl\":\"https:\\\/\\\/www.blarneycaravanpark.com\\\/wp-content\\\/uploads\\\/2021\\\/01\\\/caravans-motorhomes-camping-f.jpg\",\"width\":500,\"height\":333,\"caption\":\"Caravans, Motorhomes & Camping\"},{\"@type\":\"BreadcrumbList\",\"@id\":\"https:\\\/\\\/www.blarneycaravanpark.com\\\/caravans-motorhomes-camping\\\/#breadcrumb\",\"itemListElement\":[{\"@type\":\"ListItem\",\"position\":1,\"name\":\"Home\",\"item\":\"https:\\\/\\\/www.blarneycaravanpark.com\\\/\"},{\"@type\":\"ListItem\",\"position\":2,\"name\":\"Caravans, Motorhomes &#038; Camping\"}]},{\"@type\":\"WebSite\",\"@id\":\"https:\\\/\\\/www.blarneycaravanpark.com\\\/#website\",\"url\":\"https:\\\/\\\/www.blarneycaravanpark.com\\\/\",\"name\":\"Blarney Caravan &amp; Camping Park\",\"description\":\"\",\"publisher\":{\"@id\":\"https:\\\/\\\/www.blarneycaravanpark.com\\\/#organization\"},\"potentialAction\":[{\"@type\":\"SearchAction\",\"target\":{\"@type\":\"EntryPoint\",\"urlTemplate\":\"https:\\\/\\\/www.blarneycaravanpark.com\\\/?s={search_term_string}\"},\"query-input\":{\"@type\":\"PropertyValueSpecification\",\"valueRequired\":true,\"valueName\":\"search_term_string\"}}],\"inLanguage\":\"it-IT\"},{\"@type\":\"Organization\",\"@id\":\"https:\\\/\\\/www.blarneycaravanpark.com\\\/#organization\",\"name\":\"Blarney Caravan & Camping Park\",\"url\":\"https:\\\/\\\/www.blarneycaravanpark.com\\\/\",\"logo\":{\"@type\":\"ImageObject\",\"inLanguage\":\"it-IT\",\"@id\":\"https:\\\/\\\/www.blarneycaravanpark.com\\\/#\\\/schema\\\/logo\\\/image\\\/\",\"url\":\"https:\\\/\\\/www.blarneycaravanpark.com\\\/wp-content\\\/uploads\\\/2021\\\/02\\\/cropped-Blarney-Caravan-Camping-Park-Logo.png\",\"contentUrl\":\"https:\\\/\\\/www.blarneycaravanpark.com\\\/wp-content\\\/uploads\\\/2021\\\/02\\\/cropped-Blarney-Caravan-Camping-Park-Logo.png\",\"width\":250,\"height\":94,\"caption\":\"Blarney Caravan & Camping Park\"},\"image\":{\"@id\":\"https:\\\/\\\/www.blarneycaravanpark.com\\\/#\\\/schema\\\/logo\\\/image\\\/\"},\"sameAs\":[\"https:\\\/\\\/www.facebook.com\\\/blarneycaravanpark\",\"https:\\\/\\\/x.com\\\/BlarneyCamping\",\"https:\\\/\\\/www.youtube.com\\\/channel\\\/UCqkxfXD3s2Q03lai8W_BK1g\"]}]}<\/script>\n<!-- \/ Yoast SEO plugin. -->","yoast_head_json":{"title":"Caravan, camper e campeggio - Blarney Caravan &amp; Camping Park","robots":{"index":"index","follow":"follow","max-snippet":"max-snippet:-1","max-image-preview":"max-image-preview:large","max-video-preview":"max-video-preview:-1"},"canonical":"https:\/\/www.blarneycaravanpark.com\/it\/caravans-motorhomes-camping\/","og_locale":"it_IT","og_type":"article","og_title":"Caravans, Motorhomes & Camping - Blarney Caravan &amp; Camping Park","og_url":"https:\/\/www.blarneycaravanpark.com\/it\/caravans-motorhomes-camping\/","og_site_name":"Blarney Caravan &amp; Camping Park","article_publisher":"https:\/\/www.facebook.com\/blarneycaravanpark","article_modified_time":"2021-01-25T14:49:59+00:00","og_image":[{"width":500,"height":333,"url":"https:\/\/www.blarneycaravanpark.com\/wp-content\/uploads\/2021\/01\/caravans-motorhomes-camping-f.jpg","type":"image\/jpeg"}],"twitter_card":"summary_large_image","twitter_site":"@BlarneyCamping","twitter_misc":{"Tempo di lettura stimato":"3 minuti"},"schema":{"@context":"https:\/\/schema.org","@graph":[{"@type":"WebPage","@id":"https:\/\/www.blarneycaravanpark.com\/caravans-motorhomes-camping\/","url":"https:\/\/www.blarneycaravanpark.com\/caravans-motorhomes-camping\/","name":"Caravan, camper e campeggio - Blarney Caravan &amp; Camping Park","isPartOf":{"@id":"https:\/\/www.blarneycaravanpark.com\/#website"},"primaryImageOfPage":{"@id":"https:\/\/www.blarneycaravanpark.com\/caravans-motorhomes-camping\/#primaryimage"},"image":{"@id":"https:\/\/www.blarneycaravanpark.com\/caravans-motorhomes-camping\/#primaryimage"},"thumbnailUrl":"https:\/\/www.blarneycaravanpark.com\/wp-content\/uploads\/2021\/01\/caravans-motorhomes-camping-f.jpg","datePublished":"2020-12-18T16:10:05+00:00","dateModified":"2021-01-25T14:49:59+00:00","breadcrumb":{"@id":"https:\/\/www.blarneycaravanpark.com\/caravans-motorhomes-camping\/#breadcrumb"},"inLanguage":"it-IT","potentialAction":[{"@type":"ReadAction","target":["https:\/\/www.blarneycaravanpark.com\/caravans-motorhomes-camping\/"]}]},{"@type":"ImageObject","inLanguage":"it-IT","@id":"https:\/\/www.blarneycaravanpark.com\/caravans-motorhomes-camping\/#primaryimage","url":"https:\/\/www.blarneycaravanpark.com\/wp-content\/uploads\/2021\/01\/caravans-motorhomes-camping-f.jpg","contentUrl":"https:\/\/www.blarneycaravanpark.com\/wp-content\/uploads\/2021\/01\/caravans-motorhomes-camping-f.jpg","width":500,"height":333,"caption":"Caravans, Motorhomes & Camping"},{"@type":"BreadcrumbList","@id":"https:\/\/www.blarneycaravanpark.com\/caravans-motorhomes-camping\/#breadcrumb","itemListElement":[{"@type":"ListItem","position":1,"name":"Home","item":"https:\/\/www.blarneycaravanpark.com\/"},{"@type":"ListItem","position":2,"name":"Caravans, Motorhomes &#038; Camping"}]},{"@type":"WebSite","@id":"https:\/\/www.blarneycaravanpark.com\/#website","url":"https:\/\/www.blarneycaravanpark.com\/","name":"Blarney Caravan &amp; Camping Park","description":"","publisher":{"@id":"https:\/\/www.blarneycaravanpark.com\/#organization"},"potentialAction":[{"@type":"SearchAction","target":{"@type":"EntryPoint","urlTemplate":"https:\/\/www.blarneycaravanpark.com\/?s={search_term_string}"},"query-input":{"@type":"PropertyValueSpecification","valueRequired":true,"valueName":"search_term_string"}}],"inLanguage":"it-IT"},{"@type":"Organization","@id":"https:\/\/www.blarneycaravanpark.com\/#organization","name":"Blarney Caravan &amp; Camping Park","url":"https:\/\/www.blarneycaravanpark.com\/","logo":{"@type":"ImageObject","inLanguage":"it-IT","@id":"https:\/\/www.blarneycaravanpark.com\/#\/schema\/logo\/image\/","url":"https:\/\/www.blarneycaravanpark.com\/wp-content\/uploads\/2021\/02\/cropped-Blarney-Caravan-Camping-Park-Logo.png","contentUrl":"https:\/\/www.blarneycaravanpark.com\/wp-content\/uploads\/2021\/02\/cropped-Blarney-Caravan-Camping-Park-Logo.png","width":250,"height":94,"caption":"Blarney Caravan & Camping Park"},"image":{"@id":"https:\/\/www.blarneycaravanpark.com\/#\/schema\/logo\/image\/"},"sameAs":["https:\/\/www.facebook.com\/blarneycaravanpark","https:\/\/x.com\/BlarneyCamping","https:\/\/www.youtube.com\/channel\/UCqkxfXD3s2Q03lai8W_BK1g"]}]}},"featured_image_src":"https:\/\/www.blarneycaravanpark.com\/wp-content\/uploads\/2021\/01\/caravans-motorhomes-camping-f.jpg","featured_image_src_square":"https:\/\/www.blarneycaravanpark.com\/wp-content\/uploads\/2021\/01\/caravans-motorhomes-camping-f.jpg","_links":{"self":[{"href":"https:\/\/www.blarneycaravanpark.com\/it\/wp-json\/wp\/v2\/pages\/169","targetHints":{"allow":["GET"]}}],"collection":[{"href":"https:\/\/www.blarneycaravanpark.com\/it\/wp-json\/wp\/v2\/pages"}],"about":[{"href":"https:\/\/www.blarneycaravanpark.com\/it\/wp-json\/wp\/v2\/types\/page"}],"author":[{"embeddable":true,"href":"https:\/\/www.blarneycaravanpark.com\/it\/wp-json\/wp\/v2\/users\/2"}],"replies":[{"embeddable":true,"href":"https:\/\/www.blarneycaravanpark.com\/it\/wp-json\/wp\/v2\/comments?post=169"}],"version-history":[{"count":0,"href":"https:\/\/www.blarneycaravanpark.com\/it\/wp-json\/wp\/v2\/pages\/169\/revisions"}],"wp:featuredmedia":[{"embeddable":true,"href":"https:\/\/www.blarneycaravanpark.com\/it\/wp-json\/wp\/v2\/media\/439"}],"wp:attachment":[{"href":"https:\/\/www.blarneycaravanpark.com\/it\/wp-json\/wp\/v2\/media?parent=169"}],"curies":[{"name":"wp","href":"https:\/\/api.w.org\/{rel}","templated":true}]}}