{"id":636,"date":"2021-01-29T14:54:18","date_gmt":"2021-01-29T14:54:18","guid":{"rendered":"https:\/\/www.blarneycaravanpark.com\/?page_id=636"},"modified":"2025-10-26T20:53:37","modified_gmt":"2025-10-26T20:53:37","slug":"fees","status":"publish","type":"page","link":"https:\/\/www.blarneycaravanpark.com\/it\/fees\/","title":{"rendered":"Commissioni"},"content":{"rendered":"<div class=\"wp-block-genesis-blocks-gb-columns gb-layout-columns-1 one-column gb-columns-center\"><div class=\"gb-layout-column-wrap gb-block-layout-column-gap-2 gb-is-responsive-column\" style=\"max-width:800px\">\n<div class=\"wp-block-genesis-blocks-gb-column gb-block-layout-column\"><div class=\"gb-block-layout-column-inner\">\n<h3 class=\"wp-block-heading\">Tariffe piazzole Blarney Caravan Park 2026<\/h3>\n\n\n\n<p>Date di apertura: dal 1 aprile al 26 ottobre 2026<\/p>\n\n\n\n<div class=\"wp-block-buttons is-horizontal is-content-justification-center is-layout-flex wp-container-core-buttons-is-layout-499968f5 wp-block-buttons-is-layout-flex\">\n<div class=\"wp-block-button\"><a class=\"wp-block-button__link has-background wp-element-button\" href=\"https:\/\/blarneycaravanpark.campmanager.com\/CheckAvailability.asp?URL=CheckAvailability.asp\" style=\"background-color:#507400\">PRENOTA ORA<\/a><\/div>\n<\/div>\n\n\n\n<figure class=\"wp-block-table is-style-stripes\"><table><thead><tr><th>Per notte<\/th><th>Luglio agosto<\/th><th>Resto della stagione<\/th><\/tr><\/thead><tbody><tr><td>Camper\/Caravan + 2 adulti<\/td><td>\u20ac43.00<\/td><td>\u20ac38.00<\/td><\/tr><tr><td>Camper\/Caravan + 2 adulti + 2 bambini<\/td><td>\u20ac51.00<\/td><td>\u20ac46.00<\/td><\/tr><tr><td>Tenda 2 adulti + 2 bambini<\/td><td>\u20ac51.00<\/td><td>\u20ac46.00<\/td><\/tr><tr><td>Tenda da sole<\/td><td>\u20ac0.00<\/td><td>\u20ac0.00<\/td><\/tr><tr><td>Macchina in pi\u00f9<\/td><td>\u20ac2.50<\/td><td>\u20ac2.50<\/td><\/tr><tr><td>Tenda Extra<\/td><td>\u20ac5.00<\/td><td>\u20ac5.00<\/td><\/tr><tr><td>Auto e tenda per 2 persone + 2 adulti<\/td><td>\u20ac41.00<\/td><td>\u20ac37.00<\/td><\/tr><tr><td>Motociclista incl. tenda a persona<\/td><td>\u20ac20.00<\/td><td>\u20ac18.00<\/td><\/tr><tr><td>Escursionista\/Ciclista incl. tenda a persona<\/td><td>\u20ac20.00<\/td><td>\u20ac18.00<\/td><\/tr><tr><td>Adulto extra<\/td><td>\u20ac7.00<\/td><td>\u20ac7.00<\/td><\/tr><tr><td>Bambino extra (sotto i 14 anni)<\/td><td>\u20ac4.00<\/td><td>\u20ac4.00<\/td><\/tr><tr><td>Elettricit\u00e0 10 Amp<\/td><td>Libero<\/td><td>Libero<\/td><\/tr><tr><td>Docce<\/td><td>Libero<\/td><td>Libero<\/td><\/tr><\/tbody><\/table><\/figure>\n\n\n\n<p><\/p>\n\n\n<div class=\"wp-block-image\">\n<figure class=\"aligncenter size-full\"><img decoding=\"async\" width=\"120\" height=\"91\" src=\"https:\/\/www.blarneycaravanpark.com\/wp-content\/uploads\/2023\/04\/Cr-Card-Symbol-e1680811047211.jpg\" alt=\"Credit Cards accepted\" class=\"wp-image-1027\" srcset=\"https:\/\/www.blarneycaravanpark.com\/wp-content\/uploads\/2023\/04\/Cr-Card-Symbol-e1680811047211.jpg 120w, https:\/\/www.blarneycaravanpark.com\/wp-content\/uploads\/2023\/04\/Cr-Card-Symbol-e1680811047211-16x12.jpg 16w\" sizes=\"(max-width: 120px) 100vw, 120px\" \/><\/figure>\n<\/div>\n\n\n<p><strong>Nota: non disponiamo di case mobili o roulotte a noleggio in loco poich\u00e9 Blarney Caravan Park \u00e8 solo in tourn\u00e9e<\/strong><\/p>\n\n\n\n<p>Non siamo in grado di ospitare Veicoli Commerciali, o unit\u00e0 diverse da specifiche unit\u00e0 turistiche<\/p>\n\n\n\n<p>I cani sono i benvenuti, ma devono essere tenuti sempre al guinzaglio corto<\/p>\n\n\n\n<p>Tutti i siti devono essere lasciati liberi entro mezzogiorno del giorno di partenza.<\/p>\n\n\n\n<p><strong>Prenotazioni anticipate<\/strong><\/p>\n\n\n\n<p>La prenotazione anticipata \u00e8 essenziale, in particolare per i fine settimana, i giorni festivi e nei mesi di luglio e agosto.<\/p>\n\n\n\n<p>Le prenotazioni possono essere effettuate online su <a href=\"https:\/\/www.blarneycaravanpark.com\/it\/\">www.blarneycaravanpark.com<\/a> o telefonando alla reception <a href=\"tel:+353214516519\">+353 214516519<\/a>.<\/p>\n\n\n\n<h3 class=\"wp-block-heading\"><strong>Arrivo \/ Arrivi tardivi<\/strong><\/h3>\n\n\n\n<p>Il vostro arrivo \u00e8 benvenuto dalle 12:00 (mezzogiorno) in poi.<\/p>\n\n\n\n<p>La reception \u00e8 aperta per il check-in fino alle 21:00 ogni sera.<\/p>\n\n\n\n<p>Se si desidera arrivare oltre tale orario si prega di avvisare la Reception telefonando allo 00353 214516519 in modo da poter prendere le opportune disposizioni.<\/p>\n\n\n\n<h3 class=\"wp-block-heading\"><strong>Servizi<\/strong><\/h3>\n\n\n\n<p>Le piazzole per roulotte\/camper sono sia in terra ferma che in erba con elettricit\u00e0 a 10 amp.<\/p>\n\n\n\n<p>Alcune piazzole hardstand hanno acqua e un impianto comune per lo smaltimento dei rifiuti delle acque grigie. Questi possono essere richiesti al momento della prenotazione.<\/p>\n\n\n\n<p>Le piazzole tenda si trovano su un campo in erba e sono disponibili prese elettriche limitate su richiesta ea pagamento.<\/p>\n\n\n\n<h3 class=\"wp-block-heading\"><strong>Tende da sole<\/strong><\/h3>\n\n\n\n<p>La maggior parte delle piazzole pu\u00f2 ospitare tende da sole e se richiesto va specificato al momento della prenotazione.<\/p>\n<\/div><\/div>\n<\/div><\/div>","protected":false},"excerpt":{"rendered":"","protected":false},"author":2,"featured_media":0,"parent":0,"menu_order":0,"comment_status":"closed","ping_status":"closed","template":"","meta":{"_genesis_hide_title":false,"_genesis_hide_breadcrumbs":false,"_genesis_hide_singular_image":false,"_genesis_hide_footer_widgets":false,"_genesis_custom_body_class":"","_genesis_custom_post_class":"","_genesis_layout":"","footnotes":""},"class_list":{"0":"post-636","1":"page","2":"type-page","3":"status-publish","5":"entry"},"yoast_head":"<!-- This site is optimized with the Yoast SEO plugin v27.5 - https:\/\/yoast.com\/product\/yoast-seo-wordpress\/ -->\n<title>Fees - Blarney Caravan &amp; Camping Park<\/title>\n<meta name=\"description\" content=\"Fees for camping in Blarney. Open 2nd June until 25 October 2021. Caravan\/motorhome pitches are both hard standing and grass.\" \/>\n<meta name=\"robots\" content=\"index, follow, max-snippet:-1, max-image-preview:large, max-video-preview:-1\" \/>\n<link rel=\"canonical\" href=\"https:\/\/www.blarneycaravanpark.com\/it\/fees\/\" \/>\n<meta property=\"og:locale\" content=\"it_IT\" \/>\n<meta property=\"og:type\" content=\"article\" \/>\n<meta property=\"og:title\" content=\"Fees - Blarney Caravan &amp; Camping Park\" \/>\n<meta property=\"og:description\" content=\"Fees for camping in Blarney. Open 2nd June until 25 October 2021. Caravan\/motorhome pitches are both hard standing and grass.\" \/>\n<meta property=\"og:url\" content=\"https:\/\/www.blarneycaravanpark.com\/it\/fees\/\" \/>\n<meta property=\"og:site_name\" content=\"Blarney Caravan &amp; Camping Park\" \/>\n<meta property=\"article:publisher\" content=\"https:\/\/www.facebook.com\/blarneycaravanpark\" \/>\n<meta property=\"article:modified_time\" content=\"2025-10-26T20:53:37+00:00\" \/>\n<meta property=\"og:image\" content=\"https:\/\/www.blarneycaravanpark.com\/wp-content\/uploads\/2023\/04\/Cr-Card-Symbol-e1680811047211.jpg\" \/>\n\t<meta property=\"og:image:width\" content=\"120\" \/>\n\t<meta property=\"og:image:height\" content=\"91\" \/>\n\t<meta property=\"og:image:type\" content=\"image\/jpeg\" \/>\n<meta name=\"twitter:card\" content=\"summary_large_image\" \/>\n<meta name=\"twitter:site\" content=\"@BlarneyCamping\" \/>\n<meta name=\"twitter:label1\" content=\"Tempo di lettura stimato\" \/>\n\t<meta name=\"twitter:data1\" content=\"2 minuti\" \/>\n<script type=\"application\/ld+json\" class=\"yoast-schema-graph\">{\"@context\":\"https:\\\/\\\/schema.org\",\"@graph\":[{\"@type\":\"WebPage\",\"@id\":\"https:\\\/\\\/www.blarneycaravanpark.com\\\/fees\\\/\",\"url\":\"https:\\\/\\\/www.blarneycaravanpark.com\\\/fees\\\/\",\"name\":\"Fees - Blarney Caravan &amp; Camping Park\",\"isPartOf\":{\"@id\":\"https:\\\/\\\/www.blarneycaravanpark.com\\\/#website\"},\"primaryImageOfPage\":{\"@id\":\"https:\\\/\\\/www.blarneycaravanpark.com\\\/fees\\\/#primaryimage\"},\"image\":{\"@id\":\"https:\\\/\\\/www.blarneycaravanpark.com\\\/fees\\\/#primaryimage\"},\"thumbnailUrl\":\"https:\\\/\\\/www.blarneycaravanpark.com\\\/wp-content\\\/uploads\\\/2023\\\/04\\\/Cr-Card-Symbol-e1680811047211.jpg\",\"datePublished\":\"2021-01-29T14:54:18+00:00\",\"dateModified\":\"2025-10-26T20:53:37+00:00\",\"description\":\"Fees for camping in Blarney. Open 2nd June until 25 October 2021. Caravan\\\/motorhome pitches are both hard standing and grass.\",\"breadcrumb\":{\"@id\":\"https:\\\/\\\/www.blarneycaravanpark.com\\\/fees\\\/#breadcrumb\"},\"inLanguage\":\"it-IT\",\"potentialAction\":[{\"@type\":\"ReadAction\",\"target\":[\"https:\\\/\\\/www.blarneycaravanpark.com\\\/fees\\\/\"]}]},{\"@type\":\"ImageObject\",\"inLanguage\":\"it-IT\",\"@id\":\"https:\\\/\\\/www.blarneycaravanpark.com\\\/fees\\\/#primaryimage\",\"url\":\"https:\\\/\\\/www.blarneycaravanpark.com\\\/wp-content\\\/uploads\\\/2023\\\/04\\\/Cr-Card-Symbol-e1680811047211.jpg\",\"contentUrl\":\"https:\\\/\\\/www.blarneycaravanpark.com\\\/wp-content\\\/uploads\\\/2023\\\/04\\\/Cr-Card-Symbol-e1680811047211.jpg\"},{\"@type\":\"BreadcrumbList\",\"@id\":\"https:\\\/\\\/www.blarneycaravanpark.com\\\/fees\\\/#breadcrumb\",\"itemListElement\":[{\"@type\":\"ListItem\",\"position\":1,\"name\":\"Home\",\"item\":\"https:\\\/\\\/www.blarneycaravanpark.com\\\/\"},{\"@type\":\"ListItem\",\"position\":2,\"name\":\"Fees\"}]},{\"@type\":\"WebSite\",\"@id\":\"https:\\\/\\\/www.blarneycaravanpark.com\\\/#website\",\"url\":\"https:\\\/\\\/www.blarneycaravanpark.com\\\/\",\"name\":\"Blarney Caravan &amp; Camping Park\",\"description\":\"\",\"publisher\":{\"@id\":\"https:\\\/\\\/www.blarneycaravanpark.com\\\/#organization\"},\"potentialAction\":[{\"@type\":\"SearchAction\",\"target\":{\"@type\":\"EntryPoint\",\"urlTemplate\":\"https:\\\/\\\/www.blarneycaravanpark.com\\\/?s={search_term_string}\"},\"query-input\":{\"@type\":\"PropertyValueSpecification\",\"valueRequired\":true,\"valueName\":\"search_term_string\"}}],\"inLanguage\":\"it-IT\"},{\"@type\":\"Organization\",\"@id\":\"https:\\\/\\\/www.blarneycaravanpark.com\\\/#organization\",\"name\":\"Blarney Caravan & Camping Park\",\"url\":\"https:\\\/\\\/www.blarneycaravanpark.com\\\/\",\"logo\":{\"@type\":\"ImageObject\",\"inLanguage\":\"it-IT\",\"@id\":\"https:\\\/\\\/www.blarneycaravanpark.com\\\/#\\\/schema\\\/logo\\\/image\\\/\",\"url\":\"https:\\\/\\\/www.blarneycaravanpark.com\\\/wp-content\\\/uploads\\\/2021\\\/02\\\/cropped-Blarney-Caravan-Camping-Park-Logo.png\",\"contentUrl\":\"https:\\\/\\\/www.blarneycaravanpark.com\\\/wp-content\\\/uploads\\\/2021\\\/02\\\/cropped-Blarney-Caravan-Camping-Park-Logo.png\",\"width\":250,\"height\":94,\"caption\":\"Blarney Caravan & Camping Park\"},\"image\":{\"@id\":\"https:\\\/\\\/www.blarneycaravanpark.com\\\/#\\\/schema\\\/logo\\\/image\\\/\"},\"sameAs\":[\"https:\\\/\\\/www.facebook.com\\\/blarneycaravanpark\",\"https:\\\/\\\/x.com\\\/BlarneyCamping\",\"https:\\\/\\\/www.youtube.com\\\/channel\\\/UCqkxfXD3s2Q03lai8W_BK1g\"]}]}<\/script>\n<!-- \/ Yoast SEO plugin. -->","yoast_head_json":{"title":"Tariffe - Blarney Caravan &amp; Camping Park","description":"Tariffe per il campeggio a Blarney. Aperto dal 2 giugno al 25 ottobre 2021. Le piazzole per roulotte\/camper sono sia pavimentate che erbose.","robots":{"index":"index","follow":"follow","max-snippet":"max-snippet:-1","max-image-preview":"max-image-preview:large","max-video-preview":"max-video-preview:-1"},"canonical":"https:\/\/www.blarneycaravanpark.com\/it\/fees\/","og_locale":"it_IT","og_type":"article","og_title":"Fees - Blarney Caravan &amp; Camping Park","og_description":"Fees for camping in Blarney. Open 2nd June until 25 October 2021. Caravan\/motorhome pitches are both hard standing and grass.","og_url":"https:\/\/www.blarneycaravanpark.com\/it\/fees\/","og_site_name":"Blarney Caravan &amp; Camping Park","article_publisher":"https:\/\/www.facebook.com\/blarneycaravanpark","article_modified_time":"2025-10-26T20:53:37+00:00","og_image":[{"width":120,"height":91,"url":"https:\/\/www.blarneycaravanpark.com\/wp-content\/uploads\/2023\/04\/Cr-Card-Symbol-e1680811047211.jpg","type":"image\/jpeg"}],"twitter_card":"summary_large_image","twitter_site":"@BlarneyCamping","twitter_misc":{"Tempo di lettura stimato":"2 minuti"},"schema":{"@context":"https:\/\/schema.org","@graph":[{"@type":"WebPage","@id":"https:\/\/www.blarneycaravanpark.com\/fees\/","url":"https:\/\/www.blarneycaravanpark.com\/fees\/","name":"Tariffe - Blarney Caravan &amp; Camping Park","isPartOf":{"@id":"https:\/\/www.blarneycaravanpark.com\/#website"},"primaryImageOfPage":{"@id":"https:\/\/www.blarneycaravanpark.com\/fees\/#primaryimage"},"image":{"@id":"https:\/\/www.blarneycaravanpark.com\/fees\/#primaryimage"},"thumbnailUrl":"https:\/\/www.blarneycaravanpark.com\/wp-content\/uploads\/2023\/04\/Cr-Card-Symbol-e1680811047211.jpg","datePublished":"2021-01-29T14:54:18+00:00","dateModified":"2025-10-26T20:53:37+00:00","description":"Tariffe per il campeggio a Blarney. Aperto dal 2 giugno al 25 ottobre 2021. Le piazzole per roulotte\/camper sono sia pavimentate che erbose.","breadcrumb":{"@id":"https:\/\/www.blarneycaravanpark.com\/fees\/#breadcrumb"},"inLanguage":"it-IT","potentialAction":[{"@type":"ReadAction","target":["https:\/\/www.blarneycaravanpark.com\/fees\/"]}]},{"@type":"ImageObject","inLanguage":"it-IT","@id":"https:\/\/www.blarneycaravanpark.com\/fees\/#primaryimage","url":"https:\/\/www.blarneycaravanpark.com\/wp-content\/uploads\/2023\/04\/Cr-Card-Symbol-e1680811047211.jpg","contentUrl":"https:\/\/www.blarneycaravanpark.com\/wp-content\/uploads\/2023\/04\/Cr-Card-Symbol-e1680811047211.jpg"},{"@type":"BreadcrumbList","@id":"https:\/\/www.blarneycaravanpark.com\/fees\/#breadcrumb","itemListElement":[{"@type":"ListItem","position":1,"name":"Home","item":"https:\/\/www.blarneycaravanpark.com\/"},{"@type":"ListItem","position":2,"name":"Fees"}]},{"@type":"WebSite","@id":"https:\/\/www.blarneycaravanpark.com\/#website","url":"https:\/\/www.blarneycaravanpark.com\/","name":"Blarney Caravan &amp; Camping Park","description":"","publisher":{"@id":"https:\/\/www.blarneycaravanpark.com\/#organization"},"potentialAction":[{"@type":"SearchAction","target":{"@type":"EntryPoint","urlTemplate":"https:\/\/www.blarneycaravanpark.com\/?s={search_term_string}"},"query-input":{"@type":"PropertyValueSpecification","valueRequired":true,"valueName":"search_term_string"}}],"inLanguage":"it-IT"},{"@type":"Organization","@id":"https:\/\/www.blarneycaravanpark.com\/#organization","name":"Blarney Caravan &amp; Camping Park","url":"https:\/\/www.blarneycaravanpark.com\/","logo":{"@type":"ImageObject","inLanguage":"it-IT","@id":"https:\/\/www.blarneycaravanpark.com\/#\/schema\/logo\/image\/","url":"https:\/\/www.blarneycaravanpark.com\/wp-content\/uploads\/2021\/02\/cropped-Blarney-Caravan-Camping-Park-Logo.png","contentUrl":"https:\/\/www.blarneycaravanpark.com\/wp-content\/uploads\/2021\/02\/cropped-Blarney-Caravan-Camping-Park-Logo.png","width":250,"height":94,"caption":"Blarney Caravan & Camping Park"},"image":{"@id":"https:\/\/www.blarneycaravanpark.com\/#\/schema\/logo\/image\/"},"sameAs":["https:\/\/www.facebook.com\/blarneycaravanpark","https:\/\/x.com\/BlarneyCamping","https:\/\/www.youtube.com\/channel\/UCqkxfXD3s2Q03lai8W_BK1g"]}]}},"featured_image_src":null,"featured_image_src_square":null,"_links":{"self":[{"href":"https:\/\/www.blarneycaravanpark.com\/it\/wp-json\/wp\/v2\/pages\/636","targetHints":{"allow":["GET"]}}],"collection":[{"href":"https:\/\/www.blarneycaravanpark.com\/it\/wp-json\/wp\/v2\/pages"}],"about":[{"href":"https:\/\/www.blarneycaravanpark.com\/it\/wp-json\/wp\/v2\/types\/page"}],"author":[{"embeddable":true,"href":"https:\/\/www.blarneycaravanpark.com\/it\/wp-json\/wp\/v2\/users\/2"}],"replies":[{"embeddable":true,"href":"https:\/\/www.blarneycaravanpark.com\/it\/wp-json\/wp\/v2\/comments?post=636"}],"version-history":[{"count":2,"href":"https:\/\/www.blarneycaravanpark.com\/it\/wp-json\/wp\/v2\/pages\/636\/revisions"}],"predecessor-version":[{"id":1102,"href":"https:\/\/www.blarneycaravanpark.com\/it\/wp-json\/wp\/v2\/pages\/636\/revisions\/1102"}],"wp:attachment":[{"href":"https:\/\/www.blarneycaravanpark.com\/it\/wp-json\/wp\/v2\/media?parent=636"}],"curies":[{"name":"wp","href":"https:\/\/api.w.org\/{rel}","templated":true}]}}